{"id":1397,"date":"2018-12-27T20:35:36","date_gmt":"2018-12-27T19:35:36","guid":{"rendered":"https:\/\/frankrijkvakantiewoning.com\/?page_id=1397"},"modified":"2018-12-27T21:27:05","modified_gmt":"2018-12-27T20:27:05","slug":"disclaimer","status":"publish","type":"page","link":"https:\/\/frankrijkvakantiewoning.com\/de\/disclaimer\/","title":{"rendered":"Haftungsausschluss"},"content":{"rendered":"<p>Obwohl bei der Zusammenstellung dieser Website gr\u00f6\u00dfte Sorgfalt angewandt wurde, \u00fcbernimmt Adfino Beheer BV keine Haftung f\u00fcr eventuelle Ungenauigkeiten.<br \/>\nAdfino Beheer BV haftet auch nicht f\u00fcr Sch\u00e4den jeglicher Art, die direkt oder indirekt aus Handlungen und\/oder Entscheidungen resultieren, die (teilweise) auf den Informationen auf dieser Website beruhen.<br \/>\nAus dem Inhalt dieser Website k\u00f6nnen keine Rechte abgeleitet werden.<\/p>","protected":false},"excerpt":{"rendered":"<p>Obwohl bei der Zusammenstellung dieser Website gr\u00f6\u00dfte Sorgfalt angewandt wurde, \u00fcbernimmt Adfino Beheer BV keine Haftung f\u00fcr eventuelle Ungenauigkeiten. Adfino Beheer BV haftet auch nicht f\u00fcr Sch\u00e4den jeglicher Art, die direkt oder indirekt aus Handlungen und\/oder Entscheidungen resultieren, die (teilweise) auf den Informationen auf dieser Website beruhen. Aus dem Inhalt dieser Website k\u00f6nnen keine Rechte abgeleitet werden.<\/p>\n","protected":false},"author":1,"featured_media":0,"parent":0,"menu_order":0,"comment_status":"closed","ping_status":"closed","template":"template-no-sidebar.php","meta":{"footnotes":""},"categories":[],"tags":[],"class_list":["post-1397","page","type-page","status-publish","hentry"],"yoast_head":"<!-- This site is optimized with the Yoast SEO plugin v26.9 - https:\/\/yoast.com\/product\/yoast-seo-wordpress\/ -->\n<title>Haftungsausschluss - frankrijkvakantiewoningen<\/title>\n<meta name=\"robots\" content=\"index, follow, max-snippet:-1, max-image-preview:large, max-video-preview:-1\" \/>\n<link rel=\"canonical\" href=\"https:\/\/frankrijkvakantiewoning.com\/disclaimer\/\" \/>\n<meta property=\"og:locale\" content=\"de_DE\" \/>\n<meta property=\"og:type\" content=\"article\" \/>\n<meta property=\"og:title\" content=\"[:nl]Disclaimer[:fr]Clause de non-responsabilit\u00e9[:en]Disclaimer[:de]Haftungsausschluss[:] - frankrijkvakantiewoningen\" \/>\n<meta property=\"og:description\" content=\"Obwohl bei der Zusammenstellung dieser Website gr\u00f6\u00dfte Sorgfalt angewandt wurde, \u00fcbernimmt Adfino Beheer BV keine Haftung f\u00fcr eventuelle Ungenauigkeiten. Adfino Beheer BV haftet auch nicht f\u00fcr Sch\u00e4den jeglicher Art, die direkt oder indirekt aus Handlungen und\/oder Entscheidungen resultieren, die (teilweise) auf den Informationen auf dieser Website beruhen. Aus dem Inhalt dieser Website k\u00f6nnen keine Rechte abgeleitet werden.\" \/>\n<meta property=\"og:url\" content=\"https:\/\/frankrijkvakantiewoning.com\/disclaimer\/\" \/>\n<meta property=\"og:site_name\" content=\"frankrijkvakantiewoningen\" \/>\n<meta property=\"article:publisher\" content=\"https:\/\/www.facebook.com\/FrankrijkVakantiehuis\" \/>\n<meta property=\"article:modified_time\" content=\"2018-12-27T20:27:05+00:00\" \/>\n<meta name=\"twitter:card\" content=\"summary_large_image\" \/>\n<meta name=\"twitter:label1\" content=\"Gesch\u00e4tzte Lesezeit\" \/>\n\t<meta name=\"twitter:data1\" content=\"1\u00a0Minute\" \/>\n<script type=\"application\/ld+json\" class=\"yoast-schema-graph\">{\"@context\":\"https:\/\/schema.org\",\"@graph\":[{\"@type\":\"WebPage\",\"@id\":\"https:\/\/frankrijkvakantiewoning.com\/disclaimer\/\",\"url\":\"https:\/\/frankrijkvakantiewoning.com\/disclaimer\/\",\"name\":\"[:nl]Disclaimer[:fr]Clause de non-responsabilit\u00e9[:en]Disclaimer[:de]Haftungsausschluss[:] - frankrijkvakantiewoningen\",\"isPartOf\":{\"@id\":\"https:\/\/frankrijkvakantiewoning.com\/#website\"},\"datePublished\":\"2018-12-27T19:35:36+00:00\",\"dateModified\":\"2018-12-27T20:27:05+00:00\",\"breadcrumb\":{\"@id\":\"https:\/\/frankrijkvakantiewoning.com\/disclaimer\/#breadcrumb\"},\"inLanguage\":\"de\",\"potentialAction\":[{\"@type\":\"ReadAction\",\"target\":[\"https:\/\/frankrijkvakantiewoning.com\/disclaimer\/\"]}]},{\"@type\":\"BreadcrumbList\",\"@id\":\"https:\/\/frankrijkvakantiewoning.com\/disclaimer\/#breadcrumb\",\"itemListElement\":[{\"@type\":\"ListItem\",\"position\":1,\"name\":\"Home\",\"item\":\"https:\/\/frankrijkvakantiewoning.com\/\"},{\"@type\":\"ListItem\",\"position\":2,\"name\":\"Disclaimer\"}]},{\"@type\":\"WebSite\",\"@id\":\"https:\/\/frankrijkvakantiewoning.com\/#website\",\"url\":\"https:\/\/frankrijkvakantiewoning.com\/\",\"name\":\"Vakantievilla Barbet #40 | Zuid-Frankrijk\",\"description\":\"Komfortables 6-Personen-Haus im 5-Sterne-Park Ch\u00e2teau de Barbet!\",\"publisher\":{\"@id\":\"https:\/\/frankrijkvakantiewoning.com\/#organization\"},\"potentialAction\":[{\"@type\":\"SearchAction\",\"target\":{\"@type\":\"EntryPoint\",\"urlTemplate\":\"https:\/\/frankrijkvakantiewoning.com\/?s={search_term_string}\"},\"query-input\":{\"@type\":\"PropertyValueSpecification\",\"valueRequired\":true,\"valueName\":\"search_term_string\"}}],\"inLanguage\":\"de\"},{\"@type\":\"Organization\",\"@id\":\"https:\/\/frankrijkvakantiewoning.com\/#organization\",\"name\":\"Adfino Beheer BV\",\"url\":\"https:\/\/frankrijkvakantiewoning.com\/\",\"logo\":{\"@type\":\"ImageObject\",\"inLanguage\":\"de\",\"@id\":\"https:\/\/frankrijkvakantiewoning.com\/#\/schema\/logo\/image\/\",\"url\":\"https:\/\/frankrijkvakantiewoning.com\/wp-content\/uploads\/2017\/01\/Adfinologo100pix.png\",\"contentUrl\":\"https:\/\/frankrijkvakantiewoning.com\/wp-content\/uploads\/2017\/01\/Adfinologo100pix.png\",\"width\":100,\"height\":57,\"caption\":\"Adfino Beheer BV\"},\"image\":{\"@id\":\"https:\/\/frankrijkvakantiewoning.com\/#\/schema\/logo\/image\/\"},\"sameAs\":[\"https:\/\/www.facebook.com\/FrankrijkVakantiehuis\"]}]}<\/script>\n<!-- \/ Yoast SEO plugin. -->","yoast_head_json":{"title":"[:nl]Disclaimer[:fr]Clause de non-responsabilit\u00e9[:en]Disclaimer[:de]Haftungsausschluss[:] - frankrijkvakantiewoningen","robots":{"index":"index","follow":"follow","max-snippet":"max-snippet:-1","max-image-preview":"max-image-preview:large","max-video-preview":"max-video-preview:-1"},"canonical":"https:\/\/frankrijkvakantiewoning.com\/disclaimer\/","og_locale":"de_DE","og_type":"article","og_title":"[:nl]Disclaimer[:fr]Clause de non-responsabilit\u00e9[:en]Disclaimer[:de]Haftungsausschluss[:] - frankrijkvakantiewoningen","og_description":"Obwohl bei der Zusammenstellung dieser Website gr\u00f6\u00dfte Sorgfalt angewandt wurde, \u00fcbernimmt Adfino Beheer BV keine Haftung f\u00fcr eventuelle Ungenauigkeiten. Adfino Beheer BV haftet auch nicht f\u00fcr Sch\u00e4den jeglicher Art, die direkt oder indirekt aus Handlungen und\/oder Entscheidungen resultieren, die (teilweise) auf den Informationen auf dieser Website beruhen. Aus dem Inhalt dieser Website k\u00f6nnen keine Rechte abgeleitet werden.","og_url":"https:\/\/frankrijkvakantiewoning.com\/disclaimer\/","og_site_name":"frankrijkvakantiewoningen","article_publisher":"https:\/\/www.facebook.com\/FrankrijkVakantiehuis","article_modified_time":"2018-12-27T20:27:05+00:00","twitter_card":"summary_large_image","twitter_misc":{"Gesch\u00e4tzte Lesezeit":"1\u00a0Minute"},"schema":{"@context":"https:\/\/schema.org","@graph":[{"@type":"WebPage","@id":"https:\/\/frankrijkvakantiewoning.com\/disclaimer\/","url":"https:\/\/frankrijkvakantiewoning.com\/disclaimer\/","name":"[:nl]Disclaimer[:fr]Clause de non-responsabilit\u00e9[:en]Disclaimer[:de]Haftungsausschluss[:] - frankrijkvakantiewoningen","isPartOf":{"@id":"https:\/\/frankrijkvakantiewoning.com\/#website"},"datePublished":"2018-12-27T19:35:36+00:00","dateModified":"2018-12-27T20:27:05+00:00","breadcrumb":{"@id":"https:\/\/frankrijkvakantiewoning.com\/disclaimer\/#breadcrumb"},"inLanguage":"de","potentialAction":[{"@type":"ReadAction","target":["https:\/\/frankrijkvakantiewoning.com\/disclaimer\/"]}]},{"@type":"BreadcrumbList","@id":"https:\/\/frankrijkvakantiewoning.com\/disclaimer\/#breadcrumb","itemListElement":[{"@type":"ListItem","position":1,"name":"Home","item":"https:\/\/frankrijkvakantiewoning.com\/"},{"@type":"ListItem","position":2,"name":"Disclaimer"}]},{"@type":"WebSite","@id":"https:\/\/frankrijkvakantiewoning.com\/#website","url":"https:\/\/frankrijkvakantiewoning.com\/","name":"Vakantievilla Barbet #40 | Zuid-Frankrijk","description":"Komfortables 6-Personen-Haus im 5-Sterne-Park Ch\u00e2teau de Barbet!","publisher":{"@id":"https:\/\/frankrijkvakantiewoning.com\/#organization"},"potentialAction":[{"@type":"SearchAction","target":{"@type":"EntryPoint","urlTemplate":"https:\/\/frankrijkvakantiewoning.com\/?s={search_term_string}"},"query-input":{"@type":"PropertyValueSpecification","valueRequired":true,"valueName":"search_term_string"}}],"inLanguage":"de"},{"@type":"Organization","@id":"https:\/\/frankrijkvakantiewoning.com\/#organization","name":"Adfino Beheer BV","url":"https:\/\/frankrijkvakantiewoning.com\/","logo":{"@type":"ImageObject","inLanguage":"de","@id":"https:\/\/frankrijkvakantiewoning.com\/#\/schema\/logo\/image\/","url":"https:\/\/frankrijkvakantiewoning.com\/wp-content\/uploads\/2017\/01\/Adfinologo100pix.png","contentUrl":"https:\/\/frankrijkvakantiewoning.com\/wp-content\/uploads\/2017\/01\/Adfinologo100pix.png","width":100,"height":57,"caption":"Adfino Beheer BV"},"image":{"@id":"https:\/\/frankrijkvakantiewoning.com\/#\/schema\/logo\/image\/"},"sameAs":["https:\/\/www.facebook.com\/FrankrijkVakantiehuis"]}]}},"_links":{"self":[{"href":"https:\/\/frankrijkvakantiewoning.com\/de\/wp-json\/wp\/v2\/pages\/1397","targetHints":{"allow":["GET"]}}],"collection":[{"href":"https:\/\/frankrijkvakantiewoning.com\/de\/wp-json\/wp\/v2\/pages"}],"about":[{"href":"https:\/\/frankrijkvakantiewoning.com\/de\/wp-json\/wp\/v2\/types\/page"}],"author":[{"embeddable":true,"href":"https:\/\/frankrijkvakantiewoning.com\/de\/wp-json\/wp\/v2\/users\/1"}],"replies":[{"embeddable":true,"href":"https:\/\/frankrijkvakantiewoning.com\/de\/wp-json\/wp\/v2\/comments?post=1397"}],"version-history":[{"count":2,"href":"https:\/\/frankrijkvakantiewoning.com\/de\/wp-json\/wp\/v2\/pages\/1397\/revisions"}],"predecessor-version":[{"id":1403,"href":"https:\/\/frankrijkvakantiewoning.com\/de\/wp-json\/wp\/v2\/pages\/1397\/revisions\/1403"}],"wp:attachment":[{"href":"https:\/\/frankrijkvakantiewoning.com\/de\/wp-json\/wp\/v2\/media?parent=1397"}],"wp:term":[{"taxonomy":"category","embeddable":true,"href":"https:\/\/frankrijkvakantiewoning.com\/de\/wp-json\/wp\/v2\/categories?post=1397"},{"taxonomy":"post_tag","embeddable":true,"href":"https:\/\/frankrijkvakantiewoning.com\/de\/wp-json\/wp\/v2\/tags?post=1397"}],"curies":[{"name":"wp","href":"https:\/\/api.w.org\/{rel}","templated":true}]}}