{"id":1411,"date":"2019-01-20T13:55:55","date_gmt":"2019-01-20T12:55:55","guid":{"rendered":"https:\/\/frankrijkvakantiewoning.com\/?page_id=1411"},"modified":"2022-12-09T15:18:01","modified_gmt":"2022-12-09T14:18:01","slug":"handleidingen","status":"publish","type":"page","link":"https:\/\/frankrijkvakantiewoning.com\/de\/handleidingen\/","title":{"rendered":"Betriebsanleitungen"},"content":{"rendered":"<p>Um die Anzahl der herumliegenden Handb\u00fccher zu begrenzen und Ihnen das Einsichtnehmen in die Betriebsanleitung der Ger\u00e4te in unserem Haus zu erleichtern, haben wir ein Handbuch der Ger\u00e4te auf unserem Server hinterlegt. Sie k\u00f6nnen sie \u00fcber die untenstehenden Links einsehen und herunterladen:<\/p>\n<p><a href=\"https:\/\/frankrijkvakantiewoning.com\/wp-content\/uploads\/2019\/01\/Krups-Nespresso-Pixie-handleiding-koffiezetapparaat.pdf\" target=\"_blank\" rel=\"noopener\">Krups Nespresso Pixie Gebrauchsanleitung Kaffemaschine<\/a><a href=\"https:\/\/frankrijkvakantiewoning.com\/wp-content\/uploads\/2019\/01\/Krups-Nespresso-koffiemachine.jpg\"><img loading=\"lazy\" decoding=\"async\" class=\"wp-image-1413 alignleft\" src=\"https:\/\/frankrijkvakantiewoning.com\/wp-content\/uploads\/2019\/01\/Krups-Nespresso-koffiemachine.jpg\" alt=\"\" width=\"57\" height=\"100\" srcset=\"https:\/\/frankrijkvakantiewoning.com\/wp-content\/uploads\/2019\/01\/Krups-Nespresso-koffiemachine.jpg 283w, https:\/\/frankrijkvakantiewoning.com\/wp-content\/uploads\/2019\/01\/Krups-Nespresso-koffiemachine-170x300.jpg 170w\" sizes=\"auto, (max-width: 57px) 100vw, 57px\" \/><\/a><\/p>\n<p><a href=\"https:\/\/frankrijkvakantiewoning.com\/wp-content\/uploads\/2019\/01\/Senseo.jpg\"><img loading=\"lazy\" decoding=\"async\" class=\"alignleft wp-image-1420\" src=\"https:\/\/frankrijkvakantiewoning.com\/wp-content\/uploads\/2019\/01\/Senseo.jpg\" alt=\"\" width=\"100\" height=\"92\" srcset=\"https:\/\/frankrijkvakantiewoning.com\/wp-content\/uploads\/2019\/01\/Senseo.jpg 422w, https:\/\/frankrijkvakantiewoning.com\/wp-content\/uploads\/2019\/01\/Senseo-300x277.jpg 300w\" sizes=\"auto, (max-width: 100px) 100vw, 100px\" \/><\/a><a href=\"https:\/\/frankrijkvakantiewoning.com\/wp-content\/uploads\/2019\/01\/Senseo-koffiemachine-ne-du-fr.pdf\" target=\"_blank\" rel=\"noopener\">Senseo Kaffeemaschine ne-du-fr<\/a><\/p>\n<p>&nbsp;<\/p>\n<p><a href=\"https:\/\/frankrijkvakantiewoning.com\/wp-content\/uploads\/2019\/01\/Bosch-wasdroger.jpg\"><img loading=\"lazy\" decoding=\"async\" class=\"alignleft wp-image-1427\" src=\"https:\/\/frankrijkvakantiewoning.com\/wp-content\/uploads\/2019\/01\/Bosch-wasdroger.jpg\" alt=\"\" width=\"76\" height=\"100\" \/><\/a><br \/>\n<a href=\"https:\/\/frankrijkvakantiewoning.com\/wp-content\/uploads\/2019\/01\/Bosch-wasdroger-bedienungsanleitung.pdf\" target=\"_blank\" rel=\"noopener\">Bosch W\u00e4schetrocknerwasdroger bedienungsanleitung<\/a><\/p>\n<p>&nbsp;<\/p>\n<p><a href=\"https:\/\/frankrijkvakantiewoning.com\/wp-content\/uploads\/2020\/10\/Wasmachine-Vedette-VLF_7122S.jpg\"><img loading=\"lazy\" decoding=\"async\" class=\"alignleft wp-image-1545\" src=\"https:\/\/frankrijkvakantiewoning.com\/wp-content\/uploads\/2020\/10\/Wasmachine-Vedette-VLF_7122S.jpg\" alt=\"\" width=\"113\" height=\"113\" \/><\/a><a href=\"https:\/\/frankrijkvakantiewoning.com\/wp-content\/uploads\/2020\/10\/Vedette-wasmachine-VLF7122.pdf\">Vedette\u00a0Waschmaschine<\/a><\/p>\n<p>&nbsp;<\/p>\n<p>&nbsp;<\/p>\n<p>&nbsp;<\/p>\n<p>&nbsp;<\/p>","protected":false},"excerpt":{"rendered":"<p>Um die Anzahl der herumliegenden Handb\u00fccher zu begrenzen und Ihnen das Einsichtnehmen in die Betriebsanleitung der Ger\u00e4te in unserem Haus zu erleichtern, haben wir ein Handbuch der Ger\u00e4te auf unserem Server hinterlegt. Sie k\u00f6nnen sie \u00fcber die untenstehenden Links einsehen und herunterladen: Krups Nespresso Pixie Gebrauchsanleitung Kaffemaschine Senseo Kaffeemaschine ne-du-fr &nbsp; Bosch W\u00e4schetrocknerwasdroger bedienungsanleitung &nbsp; Vedette\u00a0Waschmaschine &nbsp; &nbsp; &nbsp; &nbsp;<\/p>\n","protected":false},"author":1,"featured_media":0,"parent":0,"menu_order":0,"comment_status":"closed","ping_status":"closed","template":"","meta":{"footnotes":""},"categories":[],"tags":[],"class_list":["post-1411","page","type-page","status-publish","hentry"],"yoast_head":"<!-- This site is optimized with the Yoast SEO plugin v26.9 - https:\/\/yoast.com\/product\/yoast-seo-wordpress\/ -->\n<title>Betriebsanleitungen - frankrijkvakantiewoningen<\/title>\n<meta name=\"robots\" content=\"index, follow, max-snippet:-1, max-image-preview:large, max-video-preview:-1\" \/>\n<link rel=\"canonical\" href=\"https:\/\/frankrijkvakantiewoning.com\/fr\/handleidingen\/\" \/>\n<meta property=\"og:locale\" content=\"de_DE\" \/>\n<meta property=\"og:type\" content=\"article\" \/>\n<meta property=\"og:title\" content=\"[:nl]Handleidingen[:fr]Manuels[:en]Manuels[:de]Betriebsanleitungen[:] - frankrijkvakantiewoningen\" \/>\n<meta property=\"og:description\" content=\"Um die Anzahl der herumliegenden Handb\u00fccher zu begrenzen und Ihnen das Einsichtnehmen in die Betriebsanleitung der Ger\u00e4te in unserem Haus zu erleichtern, haben wir ein Handbuch der Ger\u00e4te auf unserem Server hinterlegt. Sie k\u00f6nnen sie \u00fcber die untenstehenden Links einsehen und herunterladen: Krups Nespresso Pixie Gebrauchsanleitung Kaffemaschine Senseo Kaffeemaschine ne-du-fr &nbsp; Bosch W\u00e4schetrocknerwasdroger bedienungsanleitung &nbsp; Vedette\u00a0Waschmaschine &nbsp; &nbsp; &nbsp; &nbsp;\" \/>\n<meta property=\"og:url\" content=\"https:\/\/frankrijkvakantiewoning.com\/fr\/handleidingen\/\" \/>\n<meta property=\"og:site_name\" content=\"frankrijkvakantiewoningen\" \/>\n<meta property=\"article:publisher\" content=\"https:\/\/www.facebook.com\/FrankrijkVakantiehuis\" \/>\n<meta property=\"article:modified_time\" content=\"2022-12-09T14:18:01+00:00\" \/>\n<meta property=\"og:image\" content=\"https:\/\/frankrijkvakantiewoning.com\/wp-content\/uploads\/2019\/01\/Krups-Nespresso-koffiemachine.jpg\" \/>\n<meta name=\"twitter:card\" content=\"summary_large_image\" \/>\n<meta name=\"twitter:label1\" content=\"Gesch\u00e4tzte Lesezeit\" \/>\n\t<meta name=\"twitter:data1\" content=\"1\u00a0Minute\" \/>\n<script type=\"application\/ld+json\" class=\"yoast-schema-graph\">{\"@context\":\"https:\/\/schema.org\",\"@graph\":[{\"@type\":\"WebPage\",\"@id\":\"https:\/\/frankrijkvakantiewoning.com\/fr\/handleidingen\/\",\"url\":\"https:\/\/frankrijkvakantiewoning.com\/fr\/handleidingen\/\",\"name\":\"[:nl]Handleidingen[:fr]Manuels[:en]Manuels[:de]Betriebsanleitungen[:] - frankrijkvakantiewoningen\",\"isPartOf\":{\"@id\":\"https:\/\/frankrijkvakantiewoning.com\/#website\"},\"primaryImageOfPage\":{\"@id\":\"https:\/\/frankrijkvakantiewoning.com\/fr\/handleidingen\/#primaryimage\"},\"image\":{\"@id\":\"https:\/\/frankrijkvakantiewoning.com\/fr\/handleidingen\/#primaryimage\"},\"thumbnailUrl\":\"https:\/\/frankrijkvakantiewoning.com\/wp-content\/uploads\/2019\/01\/Krups-Nespresso-koffiemachine.jpg\",\"datePublished\":\"2019-01-20T12:55:55+00:00\",\"dateModified\":\"2022-12-09T14:18:01+00:00\",\"breadcrumb\":{\"@id\":\"https:\/\/frankrijkvakantiewoning.com\/fr\/handleidingen\/#breadcrumb\"},\"inLanguage\":\"de\",\"potentialAction\":[{\"@type\":\"ReadAction\",\"target\":[\"https:\/\/frankrijkvakantiewoning.com\/fr\/handleidingen\/\"]}]},{\"@type\":\"ImageObject\",\"inLanguage\":\"de\",\"@id\":\"https:\/\/frankrijkvakantiewoning.com\/fr\/handleidingen\/#primaryimage\",\"url\":\"https:\/\/frankrijkvakantiewoning.com\/wp-content\/uploads\/2019\/01\/Krups-Nespresso-koffiemachine.jpg\",\"contentUrl\":\"https:\/\/frankrijkvakantiewoning.com\/wp-content\/uploads\/2019\/01\/Krups-Nespresso-koffiemachine.jpg\"},{\"@type\":\"BreadcrumbList\",\"@id\":\"https:\/\/frankrijkvakantiewoning.com\/fr\/handleidingen\/#breadcrumb\",\"itemListElement\":[{\"@type\":\"ListItem\",\"position\":1,\"name\":\"Home\",\"item\":\"https:\/\/frankrijkvakantiewoning.com\/\"},{\"@type\":\"ListItem\",\"position\":2,\"name\":\"Manuels\"}]},{\"@type\":\"WebSite\",\"@id\":\"https:\/\/frankrijkvakantiewoning.com\/#website\",\"url\":\"https:\/\/frankrijkvakantiewoning.com\/\",\"name\":\"Vakantievilla Barbet #40 | Zuid-Frankrijk\",\"description\":\"Komfortables 6-Personen-Haus im 5-Sterne-Park Ch\u00e2teau de Barbet!\",\"publisher\":{\"@id\":\"https:\/\/frankrijkvakantiewoning.com\/#organization\"},\"potentialAction\":[{\"@type\":\"SearchAction\",\"target\":{\"@type\":\"EntryPoint\",\"urlTemplate\":\"https:\/\/frankrijkvakantiewoning.com\/?s={search_term_string}\"},\"query-input\":{\"@type\":\"PropertyValueSpecification\",\"valueRequired\":true,\"valueName\":\"search_term_string\"}}],\"inLanguage\":\"de\"},{\"@type\":\"Organization\",\"@id\":\"https:\/\/frankrijkvakantiewoning.com\/#organization\",\"name\":\"Adfino Beheer BV\",\"url\":\"https:\/\/frankrijkvakantiewoning.com\/\",\"logo\":{\"@type\":\"ImageObject\",\"inLanguage\":\"de\",\"@id\":\"https:\/\/frankrijkvakantiewoning.com\/#\/schema\/logo\/image\/\",\"url\":\"https:\/\/frankrijkvakantiewoning.com\/wp-content\/uploads\/2017\/01\/Adfinologo100pix.png\",\"contentUrl\":\"https:\/\/frankrijkvakantiewoning.com\/wp-content\/uploads\/2017\/01\/Adfinologo100pix.png\",\"width\":100,\"height\":57,\"caption\":\"Adfino Beheer BV\"},\"image\":{\"@id\":\"https:\/\/frankrijkvakantiewoning.com\/#\/schema\/logo\/image\/\"},\"sameAs\":[\"https:\/\/www.facebook.com\/FrankrijkVakantiehuis\"]}]}<\/script>\n<!-- \/ Yoast SEO plugin. -->","yoast_head_json":{"title":"[:nl]Handleidingen[:fr]Manuels[:en]Manuels[:de]Betriebsanleitungen[:] - frankrijkvakantiewoningen","robots":{"index":"index","follow":"follow","max-snippet":"max-snippet:-1","max-image-preview":"max-image-preview:large","max-video-preview":"max-video-preview:-1"},"canonical":"https:\/\/frankrijkvakantiewoning.com\/fr\/handleidingen\/","og_locale":"de_DE","og_type":"article","og_title":"[:nl]Handleidingen[:fr]Manuels[:en]Manuels[:de]Betriebsanleitungen[:] - frankrijkvakantiewoningen","og_description":"Um die Anzahl der herumliegenden Handb\u00fccher zu begrenzen und Ihnen das Einsichtnehmen in die Betriebsanleitung der Ger\u00e4te in unserem Haus zu erleichtern, haben wir ein Handbuch der Ger\u00e4te auf unserem Server hinterlegt. Sie k\u00f6nnen sie \u00fcber die untenstehenden Links einsehen und herunterladen: Krups Nespresso Pixie Gebrauchsanleitung Kaffemaschine Senseo Kaffeemaschine ne-du-fr &nbsp; Bosch W\u00e4schetrocknerwasdroger bedienungsanleitung &nbsp; Vedette\u00a0Waschmaschine &nbsp; &nbsp; &nbsp; &nbsp;","og_url":"https:\/\/frankrijkvakantiewoning.com\/fr\/handleidingen\/","og_site_name":"frankrijkvakantiewoningen","article_publisher":"https:\/\/www.facebook.com\/FrankrijkVakantiehuis","article_modified_time":"2022-12-09T14:18:01+00:00","og_image":[{"url":"https:\/\/frankrijkvakantiewoning.com\/wp-content\/uploads\/2019\/01\/Krups-Nespresso-koffiemachine.jpg","type":"","width":"","height":""}],"twitter_card":"summary_large_image","twitter_misc":{"Gesch\u00e4tzte Lesezeit":"1\u00a0Minute"},"schema":{"@context":"https:\/\/schema.org","@graph":[{"@type":"WebPage","@id":"https:\/\/frankrijkvakantiewoning.com\/fr\/handleidingen\/","url":"https:\/\/frankrijkvakantiewoning.com\/fr\/handleidingen\/","name":"[:nl]Handleidingen[:fr]Manuels[:en]Manuels[:de]Betriebsanleitungen[:] - frankrijkvakantiewoningen","isPartOf":{"@id":"https:\/\/frankrijkvakantiewoning.com\/#website"},"primaryImageOfPage":{"@id":"https:\/\/frankrijkvakantiewoning.com\/fr\/handleidingen\/#primaryimage"},"image":{"@id":"https:\/\/frankrijkvakantiewoning.com\/fr\/handleidingen\/#primaryimage"},"thumbnailUrl":"https:\/\/frankrijkvakantiewoning.com\/wp-content\/uploads\/2019\/01\/Krups-Nespresso-koffiemachine.jpg","datePublished":"2019-01-20T12:55:55+00:00","dateModified":"2022-12-09T14:18:01+00:00","breadcrumb":{"@id":"https:\/\/frankrijkvakantiewoning.com\/fr\/handleidingen\/#breadcrumb"},"inLanguage":"de","potentialAction":[{"@type":"ReadAction","target":["https:\/\/frankrijkvakantiewoning.com\/fr\/handleidingen\/"]}]},{"@type":"ImageObject","inLanguage":"de","@id":"https:\/\/frankrijkvakantiewoning.com\/fr\/handleidingen\/#primaryimage","url":"https:\/\/frankrijkvakantiewoning.com\/wp-content\/uploads\/2019\/01\/Krups-Nespresso-koffiemachine.jpg","contentUrl":"https:\/\/frankrijkvakantiewoning.com\/wp-content\/uploads\/2019\/01\/Krups-Nespresso-koffiemachine.jpg"},{"@type":"BreadcrumbList","@id":"https:\/\/frankrijkvakantiewoning.com\/fr\/handleidingen\/#breadcrumb","itemListElement":[{"@type":"ListItem","position":1,"name":"Home","item":"https:\/\/frankrijkvakantiewoning.com\/"},{"@type":"ListItem","position":2,"name":"Manuels"}]},{"@type":"WebSite","@id":"https:\/\/frankrijkvakantiewoning.com\/#website","url":"https:\/\/frankrijkvakantiewoning.com\/","name":"Vakantievilla Barbet #40 | Zuid-Frankrijk","description":"Komfortables 6-Personen-Haus im 5-Sterne-Park Ch\u00e2teau de Barbet!","publisher":{"@id":"https:\/\/frankrijkvakantiewoning.com\/#organization"},"potentialAction":[{"@type":"SearchAction","target":{"@type":"EntryPoint","urlTemplate":"https:\/\/frankrijkvakantiewoning.com\/?s={search_term_string}"},"query-input":{"@type":"PropertyValueSpecification","valueRequired":true,"valueName":"search_term_string"}}],"inLanguage":"de"},{"@type":"Organization","@id":"https:\/\/frankrijkvakantiewoning.com\/#organization","name":"Adfino Beheer BV","url":"https:\/\/frankrijkvakantiewoning.com\/","logo":{"@type":"ImageObject","inLanguage":"de","@id":"https:\/\/frankrijkvakantiewoning.com\/#\/schema\/logo\/image\/","url":"https:\/\/frankrijkvakantiewoning.com\/wp-content\/uploads\/2017\/01\/Adfinologo100pix.png","contentUrl":"https:\/\/frankrijkvakantiewoning.com\/wp-content\/uploads\/2017\/01\/Adfinologo100pix.png","width":100,"height":57,"caption":"Adfino Beheer BV"},"image":{"@id":"https:\/\/frankrijkvakantiewoning.com\/#\/schema\/logo\/image\/"},"sameAs":["https:\/\/www.facebook.com\/FrankrijkVakantiehuis"]}]}},"_links":{"self":[{"href":"https:\/\/frankrijkvakantiewoning.com\/de\/wp-json\/wp\/v2\/pages\/1411","targetHints":{"allow":["GET"]}}],"collection":[{"href":"https:\/\/frankrijkvakantiewoning.com\/de\/wp-json\/wp\/v2\/pages"}],"about":[{"href":"https:\/\/frankrijkvakantiewoning.com\/de\/wp-json\/wp\/v2\/types\/page"}],"author":[{"embeddable":true,"href":"https:\/\/frankrijkvakantiewoning.com\/de\/wp-json\/wp\/v2\/users\/1"}],"replies":[{"embeddable":true,"href":"https:\/\/frankrijkvakantiewoning.com\/de\/wp-json\/wp\/v2\/comments?post=1411"}],"version-history":[{"count":22,"href":"https:\/\/frankrijkvakantiewoning.com\/de\/wp-json\/wp\/v2\/pages\/1411\/revisions"}],"predecessor-version":[{"id":1582,"href":"https:\/\/frankrijkvakantiewoning.com\/de\/wp-json\/wp\/v2\/pages\/1411\/revisions\/1582"}],"wp:attachment":[{"href":"https:\/\/frankrijkvakantiewoning.com\/de\/wp-json\/wp\/v2\/media?parent=1411"}],"wp:term":[{"taxonomy":"category","embeddable":true,"href":"https:\/\/frankrijkvakantiewoning.com\/de\/wp-json\/wp\/v2\/categories?post=1411"},{"taxonomy":"post_tag","embeddable":true,"href":"https:\/\/frankrijkvakantiewoning.com\/de\/wp-json\/wp\/v2\/tags?post=1411"}],"curies":[{"name":"wp","href":"https:\/\/api.w.org\/{rel}","templated":true}]}}