{"id":15,"date":"2017-01-16T22:46:54","date_gmt":"2017-01-16T21:46:54","guid":{"rendered":"https:\/\/frankrijkvakantiewoning.com\/?page_id=15"},"modified":"2019-12-26T16:29:12","modified_gmt":"2019-12-26T15:29:12","slug":"vakantiewoning_barbet","status":"publish","type":"page","link":"https:\/\/frankrijkvakantiewoning.com\/de\/vakantiewoning_barbet\/","title":{"rendered":"Villa Barbet#40 | 6-Personen-Ferienhaus in S\u00fcdfrankreich"},"content":{"rendered":"<p><\/p>\n<h3>Die Villa Nr. 40 ist vom Typ &#8218;Gers II&#8216; und ist geschmackvoll eingerichtet.<\/h3>\n<div id=\"attachment_948\" style=\"width: 210px\" class=\"wp-caption alignright\"><a href=\"https:\/\/frankrijkvakantiewoning.com\/wp-content\/uploads\/2019\/10\/IMG_1926.jpg\"><img loading=\"lazy\" decoding=\"async\" aria-describedby=\"caption-attachment-948\" class=\"wp-image-948\" src=\"https:\/\/frankrijkvakantiewoning.com\/wp-content\/uploads\/2019\/10\/IMG_1926-300x225.jpg\" alt=\"\" width=\"200\" height=\"150\" \/><\/a><p id=\"caption-attachment-948\" class=\"wp-caption-text\"><center>Sitzbereich<\/center><\/p><\/div>\n<p>Es verf\u00fcgt \u00fcber alle Annehmlichkeiten f\u00fcr einen komfortablen Aufenthalt: Das gro\u00dfe Wohnzimmer hat einen separaten Wohn- und Essbereich und ist komfortabel eingerichtet. Auf beiden Seiten des Wohnzimmers befinden sich T\u00fcren, die den Zugang zu den beiden Terrassen erm\u00f6glichen.<\/p>\n<p>Die offene K\u00fcche ist voll ausgestattet: Kaffeemaschine (und Senseo), K\u00fchlschrank mit separatem Gefrierschrank, vier Keramikkochfelder, Backofen, Mikrowelle und Geschirrsp\u00fcler. Im Abstellraum steht eine Waschmaschine und Trockner zur Verf\u00fcgung.<\/p>\n<div id=\"attachment_940\" style=\"width: 210px\" class=\"wp-caption alignleft\"><a href=\"https:\/\/frankrijkvakantiewoning.com\/wp-content\/uploads\/2019\/10\/IMG_1924.jpg\"><img loading=\"lazy\" decoding=\"async\" aria-describedby=\"caption-attachment-940\" class=\"wp-image-940\" src=\"https:\/\/frankrijkvakantiewoning.com\/wp-content\/uploads\/2019\/10\/IMG_1924-300x225.jpg\" alt=\"\" width=\"200\" height=\"150\" \/><\/a><p id=\"caption-attachment-940\" class=\"wp-caption-text\"><center>Essbereich<\/center><\/p><\/div>\n<p>Die Villa verf\u00fcgt auch \u00fcber Radio, CD-Player, DVD-Player und Fernseher mit Satellitenempfang von niederl\u00e4ndischen Sendern und eigenem drahtlosen Internet (Glasfaser).<\/p>\n<p>Im Erdgeschoss befindet sich eine Fu\u00dfbodenheizung; die Heizung der Schlafzimmer kann pro Raum geregelt werden. Es gibt drei Doppelzimmer mit komfortablen Boxspringbetten; ein Schlafzimmer befindet sich im Erdgeschoss und zwei im ersten Stock. Das luxuri\u00f6se Badezimmer mit Sprudelbad, Dusche und WC sowie die separate 2. Toilette vervollst\u00e4ndigen die Villa zu einem sehr angenehmen Urlaub.\u00a0Die Betten sind bei Ihrer Ankunft bereits f\u00fcr Sie gemacht !<\/p>\n<p>Das Haus ist umgeben von einem gro\u00dfen Garten (ca. 730 m2) mit zwei Terrassen und Steingrill. Der Garten ist komplett eingez\u00e4unt, so dass keine Sorge besteht, dass Kinder oder Hunde davonlaufen. Ganzj\u00e4hrig ge\u00f6ffnet. Geeignet f\u00fcr bis zu 6 Personen.<\/p>\n<p>W\u00e4hlen Sie im Men\u00fc &#8222;<a href=\"https:\/\/frankrijkvakantiewoning.com\/vakantiewoning_barbet\/faciliteiten\/\">Einrichtung<\/a>&#8222;, um eine zus\u00e4tzliche Beschreibung zu erhalten.<\/p>\n<p>&nbsp;<\/p>\n<p>&nbsp;<\/p>","protected":false},"excerpt":{"rendered":"<p>Die Villa Nr. 40 ist vom Typ &#8218;Gers II&#8216; und ist geschmackvoll eingerichtet. Es verf\u00fcgt \u00fcber alle Annehmlichkeiten f\u00fcr einen komfortablen Aufenthalt: Das gro\u00dfe Wohnzimmer hat einen separaten Wohn- und Essbereich und ist komfortabel eingerichtet. Auf beiden Seiten des Wohnzimmers befinden sich T\u00fcren, die den Zugang zu den beiden Terrassen erm\u00f6glichen. Die offene K\u00fcche ist voll ausgestattet: Kaffeemaschine (und Senseo), K\u00fchlschrank mit separatem Gefrierschrank, vier Keramikkochfelder, Backofen, Mikrowelle und Geschirrsp\u00fcler. Im Abstellraum steht eine Waschmaschine und Trockner zur Verf\u00fcgung. Die Villa verf\u00fcgt auch \u00fcber Radio, CD-Player, DVD-Player und Fernseher mit Satellitenempfang von niederl\u00e4ndischen Sendern und eigenem drahtlosen Internet (Glasfaser). Im&#8230; <\/p>\n","protected":false},"author":1,"featured_media":919,"parent":0,"menu_order":0,"comment_status":"closed","ping_status":"closed","template":"","meta":{"footnotes":""},"categories":[],"tags":[],"class_list":["post-15","page","type-page","status-publish","has-post-thumbnail","hentry"],"yoast_head":"<!-- This site is optimized with the Yoast SEO plugin v26.9 - https:\/\/yoast.com\/product\/yoast-seo-wordpress\/ -->\n<title>6-Persoons Vakantiewoning in Zuid Frankrijk | Villa Barbet#40<\/title>\n<meta name=\"description\" content=\"Zoekt u een 6-persoons vakantiewoning in Zuid Frankrijk? Ervaar comfort en luxe in ons &quot;Villa Barbet #40&quot; op vakantiepark Ch\u00e2teau de Barbet in Lombez.\" \/>\n<meta name=\"robots\" content=\"index, follow, max-snippet:-1, max-image-preview:large, max-video-preview:-1\" \/>\n<link rel=\"canonical\" href=\"https:\/\/frankrijkvakantiewoning.com\/vakantiewoning_barbet\/\" \/>\n<meta property=\"og:locale\" content=\"de_DE\" \/>\n<meta property=\"og:type\" content=\"article\" \/>\n<meta property=\"og:title\" content=\"6-Persoons Vakantiewoning in Zuid Frankrijk | Villa Barbet#40\" \/>\n<meta property=\"og:description\" content=\"Zoekt u een 6-persoons vakantiewoning in Zuid Frankrijk? Ervaar comfort en luxe in ons &quot;Villa Barbet #40&quot; op vakantiepark Ch\u00e2teau de Barbet in Lombez.\" \/>\n<meta property=\"og:url\" content=\"https:\/\/frankrijkvakantiewoning.com\/vakantiewoning_barbet\/\" \/>\n<meta property=\"og:site_name\" content=\"frankrijkvakantiewoningen\" \/>\n<meta property=\"article:publisher\" content=\"https:\/\/www.facebook.com\/FrankrijkVakantiehuis\" \/>\n<meta property=\"article:modified_time\" content=\"2019-12-26T15:29:12+00:00\" \/>\n<meta property=\"og:image\" content=\"https:\/\/frankrijkvakantiewoning.com\/wp-content\/uploads\/2017\/12\/IMG_8803-e1547399553802.jpg\" \/>\n\t<meta property=\"og:image:width\" content=\"1000\" \/>\n\t<meta property=\"og:image:height\" content=\"240\" \/>\n\t<meta property=\"og:image:type\" content=\"image\/jpeg\" \/>\n<meta name=\"twitter:card\" content=\"summary_large_image\" \/>\n<meta name=\"twitter:label1\" content=\"Gesch\u00e4tzte Lesezeit\" \/>\n\t<meta name=\"twitter:data1\" content=\"5\u00a0Minuten\" \/>\n<script type=\"application\/ld+json\" class=\"yoast-schema-graph\">{\"@context\":\"https:\/\/schema.org\",\"@graph\":[{\"@type\":\"WebPage\",\"@id\":\"https:\/\/frankrijkvakantiewoning.com\/vakantiewoning_barbet\/\",\"url\":\"https:\/\/frankrijkvakantiewoning.com\/vakantiewoning_barbet\/\",\"name\":\"6-Persoons Vakantiewoning in Zuid Frankrijk | Villa Barbet#40\",\"isPartOf\":{\"@id\":\"https:\/\/frankrijkvakantiewoning.com\/#website\"},\"primaryImageOfPage\":{\"@id\":\"https:\/\/frankrijkvakantiewoning.com\/vakantiewoning_barbet\/#primaryimage\"},\"image\":{\"@id\":\"https:\/\/frankrijkvakantiewoning.com\/vakantiewoning_barbet\/#primaryimage\"},\"thumbnailUrl\":\"https:\/\/frankrijkvakantiewoning.com\/wp-content\/uploads\/2017\/12\/IMG_8803-e1547399553802.jpg\",\"datePublished\":\"2017-01-16T21:46:54+00:00\",\"dateModified\":\"2019-12-26T15:29:12+00:00\",\"description\":\"Zoekt u een 6-persoons vakantiewoning in Zuid Frankrijk? Ervaar comfort en luxe in ons \\\"Villa Barbet #40\\\" op vakantiepark Ch\u00e2teau de Barbet in Lombez.\",\"breadcrumb\":{\"@id\":\"https:\/\/frankrijkvakantiewoning.com\/vakantiewoning_barbet\/#breadcrumb\"},\"inLanguage\":\"de\",\"potentialAction\":[{\"@type\":\"ReadAction\",\"target\":[\"https:\/\/frankrijkvakantiewoning.com\/vakantiewoning_barbet\/\"]}]},{\"@type\":\"ImageObject\",\"inLanguage\":\"de\",\"@id\":\"https:\/\/frankrijkvakantiewoning.com\/vakantiewoning_barbet\/#primaryimage\",\"url\":\"https:\/\/frankrijkvakantiewoning.com\/wp-content\/uploads\/2017\/12\/IMG_8803-e1547399553802.jpg\",\"contentUrl\":\"https:\/\/frankrijkvakantiewoning.com\/wp-content\/uploads\/2017\/12\/IMG_8803-e1547399553802.jpg\",\"width\":1000,\"height\":240},{\"@type\":\"BreadcrumbList\",\"@id\":\"https:\/\/frankrijkvakantiewoning.com\/vakantiewoning_barbet\/#breadcrumb\",\"itemListElement\":[{\"@type\":\"ListItem\",\"position\":1,\"name\":\"Home\",\"item\":\"https:\/\/frankrijkvakantiewoning.com\/\"},{\"@type\":\"ListItem\",\"position\":2,\"name\":\"6-Persoons Vakantiewoning in Zuid Frankrijk | Villa Barbet#40\"}]},{\"@type\":\"WebSite\",\"@id\":\"https:\/\/frankrijkvakantiewoning.com\/#website\",\"url\":\"https:\/\/frankrijkvakantiewoning.com\/\",\"name\":\"Vakantievilla Barbet #40 | Zuid-Frankrijk\",\"description\":\"Komfortables 6-Personen-Haus im 5-Sterne-Park Ch\u00e2teau de Barbet!\",\"publisher\":{\"@id\":\"https:\/\/frankrijkvakantiewoning.com\/#organization\"},\"potentialAction\":[{\"@type\":\"SearchAction\",\"target\":{\"@type\":\"EntryPoint\",\"urlTemplate\":\"https:\/\/frankrijkvakantiewoning.com\/?s={search_term_string}\"},\"query-input\":{\"@type\":\"PropertyValueSpecification\",\"valueRequired\":true,\"valueName\":\"search_term_string\"}}],\"inLanguage\":\"de\"},{\"@type\":\"Organization\",\"@id\":\"https:\/\/frankrijkvakantiewoning.com\/#organization\",\"name\":\"Adfino Beheer BV\",\"url\":\"https:\/\/frankrijkvakantiewoning.com\/\",\"logo\":{\"@type\":\"ImageObject\",\"inLanguage\":\"de\",\"@id\":\"https:\/\/frankrijkvakantiewoning.com\/#\/schema\/logo\/image\/\",\"url\":\"https:\/\/frankrijkvakantiewoning.com\/wp-content\/uploads\/2017\/01\/Adfinologo100pix.png\",\"contentUrl\":\"https:\/\/frankrijkvakantiewoning.com\/wp-content\/uploads\/2017\/01\/Adfinologo100pix.png\",\"width\":100,\"height\":57,\"caption\":\"Adfino Beheer BV\"},\"image\":{\"@id\":\"https:\/\/frankrijkvakantiewoning.com\/#\/schema\/logo\/image\/\"},\"sameAs\":[\"https:\/\/www.facebook.com\/FrankrijkVakantiehuis\"]}]}<\/script>\n<!-- \/ Yoast SEO plugin. -->","yoast_head_json":{"title":"6-Persoons Vakantiewoning in Zuid Frankrijk | Villa Barbet#40","description":"Zoekt u een 6-persoons vakantiewoning in Zuid Frankrijk? Ervaar comfort en luxe in ons \"Villa Barbet #40\" op vakantiepark Ch\u00e2teau de Barbet in Lombez.","robots":{"index":"index","follow":"follow","max-snippet":"max-snippet:-1","max-image-preview":"max-image-preview:large","max-video-preview":"max-video-preview:-1"},"canonical":"https:\/\/frankrijkvakantiewoning.com\/vakantiewoning_barbet\/","og_locale":"de_DE","og_type":"article","og_title":"6-Persoons Vakantiewoning in Zuid Frankrijk | Villa Barbet#40","og_description":"Zoekt u een 6-persoons vakantiewoning in Zuid Frankrijk? Ervaar comfort en luxe in ons \"Villa Barbet #40\" op vakantiepark Ch\u00e2teau de Barbet in Lombez.","og_url":"https:\/\/frankrijkvakantiewoning.com\/vakantiewoning_barbet\/","og_site_name":"frankrijkvakantiewoningen","article_publisher":"https:\/\/www.facebook.com\/FrankrijkVakantiehuis","article_modified_time":"2019-12-26T15:29:12+00:00","og_image":[{"width":1000,"height":240,"url":"https:\/\/frankrijkvakantiewoning.com\/wp-content\/uploads\/2017\/12\/IMG_8803-e1547399553802.jpg","type":"image\/jpeg"}],"twitter_card":"summary_large_image","twitter_misc":{"Gesch\u00e4tzte Lesezeit":"5\u00a0Minuten"},"schema":{"@context":"https:\/\/schema.org","@graph":[{"@type":"WebPage","@id":"https:\/\/frankrijkvakantiewoning.com\/vakantiewoning_barbet\/","url":"https:\/\/frankrijkvakantiewoning.com\/vakantiewoning_barbet\/","name":"6-Persoons Vakantiewoning in Zuid Frankrijk | Villa Barbet#40","isPartOf":{"@id":"https:\/\/frankrijkvakantiewoning.com\/#website"},"primaryImageOfPage":{"@id":"https:\/\/frankrijkvakantiewoning.com\/vakantiewoning_barbet\/#primaryimage"},"image":{"@id":"https:\/\/frankrijkvakantiewoning.com\/vakantiewoning_barbet\/#primaryimage"},"thumbnailUrl":"https:\/\/frankrijkvakantiewoning.com\/wp-content\/uploads\/2017\/12\/IMG_8803-e1547399553802.jpg","datePublished":"2017-01-16T21:46:54+00:00","dateModified":"2019-12-26T15:29:12+00:00","description":"Zoekt u een 6-persoons vakantiewoning in Zuid Frankrijk? Ervaar comfort en luxe in ons \"Villa Barbet #40\" op vakantiepark Ch\u00e2teau de Barbet in Lombez.","breadcrumb":{"@id":"https:\/\/frankrijkvakantiewoning.com\/vakantiewoning_barbet\/#breadcrumb"},"inLanguage":"de","potentialAction":[{"@type":"ReadAction","target":["https:\/\/frankrijkvakantiewoning.com\/vakantiewoning_barbet\/"]}]},{"@type":"ImageObject","inLanguage":"de","@id":"https:\/\/frankrijkvakantiewoning.com\/vakantiewoning_barbet\/#primaryimage","url":"https:\/\/frankrijkvakantiewoning.com\/wp-content\/uploads\/2017\/12\/IMG_8803-e1547399553802.jpg","contentUrl":"https:\/\/frankrijkvakantiewoning.com\/wp-content\/uploads\/2017\/12\/IMG_8803-e1547399553802.jpg","width":1000,"height":240},{"@type":"BreadcrumbList","@id":"https:\/\/frankrijkvakantiewoning.com\/vakantiewoning_barbet\/#breadcrumb","itemListElement":[{"@type":"ListItem","position":1,"name":"Home","item":"https:\/\/frankrijkvakantiewoning.com\/"},{"@type":"ListItem","position":2,"name":"6-Persoons Vakantiewoning in Zuid Frankrijk | Villa Barbet#40"}]},{"@type":"WebSite","@id":"https:\/\/frankrijkvakantiewoning.com\/#website","url":"https:\/\/frankrijkvakantiewoning.com\/","name":"Vakantievilla Barbet #40 | Zuid-Frankrijk","description":"Komfortables 6-Personen-Haus im 5-Sterne-Park Ch\u00e2teau de Barbet!","publisher":{"@id":"https:\/\/frankrijkvakantiewoning.com\/#organization"},"potentialAction":[{"@type":"SearchAction","target":{"@type":"EntryPoint","urlTemplate":"https:\/\/frankrijkvakantiewoning.com\/?s={search_term_string}"},"query-input":{"@type":"PropertyValueSpecification","valueRequired":true,"valueName":"search_term_string"}}],"inLanguage":"de"},{"@type":"Organization","@id":"https:\/\/frankrijkvakantiewoning.com\/#organization","name":"Adfino Beheer BV","url":"https:\/\/frankrijkvakantiewoning.com\/","logo":{"@type":"ImageObject","inLanguage":"de","@id":"https:\/\/frankrijkvakantiewoning.com\/#\/schema\/logo\/image\/","url":"https:\/\/frankrijkvakantiewoning.com\/wp-content\/uploads\/2017\/01\/Adfinologo100pix.png","contentUrl":"https:\/\/frankrijkvakantiewoning.com\/wp-content\/uploads\/2017\/01\/Adfinologo100pix.png","width":100,"height":57,"caption":"Adfino Beheer BV"},"image":{"@id":"https:\/\/frankrijkvakantiewoning.com\/#\/schema\/logo\/image\/"},"sameAs":["https:\/\/www.facebook.com\/FrankrijkVakantiehuis"]}]}},"_links":{"self":[{"href":"https:\/\/frankrijkvakantiewoning.com\/de\/wp-json\/wp\/v2\/pages\/15","targetHints":{"allow":["GET"]}}],"collection":[{"href":"https:\/\/frankrijkvakantiewoning.com\/de\/wp-json\/wp\/v2\/pages"}],"about":[{"href":"https:\/\/frankrijkvakantiewoning.com\/de\/wp-json\/wp\/v2\/types\/page"}],"author":[{"embeddable":true,"href":"https:\/\/frankrijkvakantiewoning.com\/de\/wp-json\/wp\/v2\/users\/1"}],"replies":[{"embeddable":true,"href":"https:\/\/frankrijkvakantiewoning.com\/de\/wp-json\/wp\/v2\/comments?post=15"}],"version-history":[{"count":75,"href":"https:\/\/frankrijkvakantiewoning.com\/de\/wp-json\/wp\/v2\/pages\/15\/revisions"}],"predecessor-version":[{"id":1505,"href":"https:\/\/frankrijkvakantiewoning.com\/de\/wp-json\/wp\/v2\/pages\/15\/revisions\/1505"}],"wp:featuredmedia":[{"embeddable":true,"href":"https:\/\/frankrijkvakantiewoning.com\/de\/wp-json\/wp\/v2\/media\/919"}],"wp:attachment":[{"href":"https:\/\/frankrijkvakantiewoning.com\/de\/wp-json\/wp\/v2\/media?parent=15"}],"wp:term":[{"taxonomy":"category","embeddable":true,"href":"https:\/\/frankrijkvakantiewoning.com\/de\/wp-json\/wp\/v2\/categories?post=15"},{"taxonomy":"post_tag","embeddable":true,"href":"https:\/\/frankrijkvakantiewoning.com\/de\/wp-json\/wp\/v2\/tags?post=15"}],"curies":[{"name":"wp","href":"https:\/\/api.w.org\/{rel}","templated":true}]}}