{"id":29,"date":"2017-01-16T23:13:11","date_gmt":"2017-01-16T22:13:11","guid":{"rendered":"https:\/\/frankrijkvakantiewoning.com\/?page_id=29"},"modified":"2019-01-27T19:23:23","modified_gmt":"2019-01-27T18:23:23","slug":"activiteiten","status":"publish","type":"page","link":"https:\/\/frankrijkvakantiewoning.com\/de\/activiteiten\/","title":{"rendered":"Aktivit\u00e4ten"},"content":{"rendered":"<p><\/p>\n<h3><strong>Animations- und Jugendzentrum.<\/strong><\/h3>\n<div style=\"width: 234px\" class=\"wp-caption alignright\"><img loading=\"lazy\" decoding=\"async\" src=\"http:\/\/www.adfinoverhuur.nl\/index_image2979.jpg\" alt=\"Waterpret in zwembad Chateau de Barbet\" width=\"224\" height=\"150\" \/><p class=\"wp-caption-text\"><center>Wasserspa\u00df f\u00fcr die Kinder in einem der drei Becken hinter dem Ch\u00e2teau.<\/center><\/p><\/div>\n<p>In der Hochsaison gibt es ein komplettes Unterhaltungsprogramm f\u00fcr junge Leute, angef\u00fchrt von einem professionellen Team mit t\u00e4glich wechselnden Aktivit\u00e4ten, von der Herstellung sch\u00f6ner Masken \u00fcber das Spielen von Hockeyturnieren, Fu\u00dfballspielen und Schwimmbadspielen. Die Talentshows und Geistershows sind immer ein gro\u00dfer Erfolg.<\/p>\n<p><img loading=\"lazy\" decoding=\"async\" class=\"alignleft\" src=\"http:\/\/www.adfinoverhuur.nl\/index_image3485.jpg\" alt=\"Foto Barbet midgetgolfbaan\" width=\"200\" height=\"150\" \/><\/p>\n<p>Es gibt auch einen Spielplatz und im Sommer gibt es Tischtennisplatten im Freien.\u00a0F\u00fcr die \u00e4lteren Jugendlichen gibt es ein Jugendzentrum in einem der Nebengeb\u00e4ude und es gibt Sportturniere, Pokerturniere an der Poolbar, Nachtspiele etc.<\/p>\n<p>Im Park, direkt neben dem Ch\u00e2teau, gibt es auch einen Minigolfplatz.<\/p>\n<h3><strong>Golf<\/strong><\/h3>\n<p><img decoding=\"async\" class=\"alignleft\" src=\"http:\/\/www.adfinoverhuur.nl\/index_image1418.jpg\" alt=\"Golfbaan Ch\u00ef\u00bf\u00bdteau de Barbet\" \/><\/p>\n<p>&nbsp;<\/p>\n<p>Der Park verf\u00fcgt \u00fcber einen fantastischen 9-Loch-Golfplatz mit 18 Golfpl\u00e4tzen. Der unerfahrene Golfer kann mit seinem eigenen Profi Unterricht nehmen und auf der Driving Range und Putting Greens \u00fcben. F\u00fcr einen l\u00e4ngeren Golfaufenthalt k\u00f6nnen Sie auch einen der fantastischen 18-Loch-Pl\u00e4tze in unmittelbarer N\u00e4he besuchen. Die Greenfee kann zu diesem Zweck reserviert werden.<\/p>\n<h3><strong>Radfahren<\/strong><\/h3>\n<p><img decoding=\"async\" class=\"alignright\" src=\"http:\/\/www.adfinoverhuur.nl\/index_image6561.jpg\" alt=\"Canal du Midi\" \/><\/p>\n<p>Radfahren entlang des Canal du Midi; Fahrr\u00e4der k\u00f6nnen an der Rezeption gemietet werden. Nat\u00fcrlich gibt es in unmittelbarer N\u00e4he des Parks viele M\u00f6glichkeiten zum Radfahren.<\/p>\n<p>Das Gers ist ein wahres Eldorado f\u00fcr Freizeit- und erfahrene Tourenradler. In der N\u00e4he von Lombez gibt es mehrere Routen, die \u00fcber H\u00fcgel von ca. 200 bis 500 Metern und Entfernungen von 30 bis 100 km f\u00fchren.\u00a0Vom Ch\u00e2teau de Barbet aus werden einige sch\u00f6ne Touren beschrieben.<\/p>\n<p>&nbsp;<\/p>\n<h3>Und weiter auf dem Park&#8230;..<\/h3>\n<div style=\"width: 210px\" class=\"wp-caption alignright\"><img loading=\"lazy\" decoding=\"async\" src=\"http:\/\/www.adfinoverhuur.nl\/index_image3495.jpg\" alt=\"Sauna Chateau de Barbet\" width=\"200\" height=\"150\" \/><p class=\"wp-caption-text\"><center>Fitnessraum<\/center><\/p><\/div>\n<div style=\"width: 210px\" class=\"wp-caption alignright\"><img loading=\"lazy\" decoding=\"async\" src=\"http:\/\/www.adfinoverhuur.nl\/index_image2078.jpg\" alt=\"Fitnessruimte Chateau de Barbet\" width=\"200\" height=\"150\" \/><p class=\"wp-caption-text\"><center>Sauna<\/center><\/p><\/div>\n<div style=\"width: 210px\" class=\"wp-caption alignleft\"><img loading=\"lazy\" decoding=\"async\" src=\"http:\/\/www.adfinoverhuur.nl\/index_image1141.jpg\" alt=\"Tennisbanen op het park Chateau de Barbet\" width=\"200\" height=\"150\" \/><p class=\"wp-caption-text\"><center>F\u00fcr die sportlichen G\u00e4ste gibt es zwei Tennispl\u00e4tze, sowie einen Volleyballplatz und einen Jeu de Boule Platz.<\/center><\/p><\/div>\n<p>&nbsp;<\/p>\n<p>&nbsp;<\/p>\n<p>&nbsp;<\/p>\n<p>&nbsp;<\/p>\n<p>&nbsp;<\/p>\n<p>&nbsp;<\/p>\n<p>&nbsp;<\/p>\n<h3>&#8230; und au\u00dferhalb des Parks:<\/h3>\n<p>Schauen Sie in das Men\u00fc oder klicken Sie auf: &#8222;<a href=\"https:\/\/frankrijkvakantiewoning.com\/gallery\/gaan-zien\/\">SEHENSW\u00dcRDIGKEITEN<\/a>&#8220;\u00a0 \u00a0&#8222;<a href=\"https:\/\/frankrijkvakantiewoning.com\/activiteiten\/uit-eten\/\">AUS ESSEN GEHEN<\/a>&#8220;\u00a0 \u00a0&#8222;<a href=\"https:\/\/frankrijkvakantiewoning.com\/activiteiten\/markten\/\">M\u00c4RKTE<\/a>&#8220;\u00a0 \u00a0 &#8222;<a href=\"https:\/\/frankrijkvakantiewoning.com\/activiteiten\/wintersport\/\">WINTERSPORT<\/a>&#8222;<\/p>","protected":false},"excerpt":{"rendered":"<p>Animations- und Jugendzentrum. In der Hochsaison gibt es ein komplettes Unterhaltungsprogramm f\u00fcr junge Leute, angef\u00fchrt von einem professionellen Team mit t\u00e4glich wechselnden Aktivit\u00e4ten, von der Herstellung sch\u00f6ner Masken \u00fcber das Spielen von Hockeyturnieren, Fu\u00dfballspielen und Schwimmbadspielen. Die Talentshows und Geistershows sind immer ein gro\u00dfer Erfolg. Es gibt auch einen Spielplatz und im Sommer gibt es Tischtennisplatten im Freien.\u00a0F\u00fcr die \u00e4lteren Jugendlichen gibt es ein Jugendzentrum in einem der Nebengeb\u00e4ude und es gibt Sportturniere, Pokerturniere an der Poolbar, Nachtspiele etc. Im Park, direkt neben dem Ch\u00e2teau, gibt es auch einen Minigolfplatz. Golf &nbsp; Der Park verf\u00fcgt \u00fcber einen fantastischen 9-Loch-Golfplatz mit&#8230; <\/p>\n","protected":false},"author":1,"featured_media":1442,"parent":0,"menu_order":0,"comment_status":"closed","ping_status":"closed","template":"","meta":{"footnotes":""},"categories":[],"tags":[],"class_list":["post-29","page","type-page","status-publish","has-post-thumbnail","hentry"],"yoast_head":"<!-- This site is optimized with the Yoast SEO plugin v26.9 - https:\/\/yoast.com\/product\/yoast-seo-wordpress\/ -->\n<title>Aktivit\u00e4ten - frankrijkvakantiewoningen<\/title>\n<meta name=\"robots\" content=\"index, follow, max-snippet:-1, max-image-preview:large, max-video-preview:-1\" \/>\n<link rel=\"canonical\" href=\"https:\/\/frankrijkvakantiewoning.com\/activiteiten\/\" \/>\n<meta property=\"og:locale\" content=\"de_DE\" \/>\n<meta property=\"og:type\" content=\"article\" \/>\n<meta property=\"og:title\" content=\"[:nl]Activiteiten[:fr]Les activit\u00e9s[:en]Activities[:de] Aktivit\u00e4ten[:] - frankrijkvakantiewoningen\" \/>\n<meta property=\"og:description\" content=\"Animations- und Jugendzentrum. In der Hochsaison gibt es ein komplettes Unterhaltungsprogramm f\u00fcr junge Leute, angef\u00fchrt von einem professionellen Team mit t\u00e4glich wechselnden Aktivit\u00e4ten, von der Herstellung sch\u00f6ner Masken \u00fcber das Spielen von Hockeyturnieren, Fu\u00dfballspielen und Schwimmbadspielen. Die Talentshows und Geistershows sind immer ein gro\u00dfer Erfolg. Es gibt auch einen Spielplatz und im Sommer gibt es Tischtennisplatten im Freien.\u00a0F\u00fcr die \u00e4lteren Jugendlichen gibt es ein Jugendzentrum in einem der Nebengeb\u00e4ude und es gibt Sportturniere, Pokerturniere an der Poolbar, Nachtspiele etc. Im Park, direkt neben dem Ch\u00e2teau, gibt es auch einen Minigolfplatz. Golf &nbsp; Der Park verf\u00fcgt \u00fcber einen fantastischen 9-Loch-Golfplatz mit...\" \/>\n<meta property=\"og:url\" content=\"https:\/\/frankrijkvakantiewoning.com\/activiteiten\/\" \/>\n<meta property=\"og:site_name\" content=\"frankrijkvakantiewoningen\" \/>\n<meta property=\"article:publisher\" content=\"https:\/\/www.facebook.com\/FrankrijkVakantiehuis\" \/>\n<meta property=\"article:modified_time\" content=\"2019-01-27T18:23:23+00:00\" \/>\n<meta property=\"og:image\" content=\"https:\/\/frankrijkvakantiewoning.com\/wp-content\/uploads\/2019\/01\/IMG_0981-e1575321385428.jpg\" \/>\n\t<meta property=\"og:image:width\" content=\"1250\" \/>\n\t<meta property=\"og:image:height\" content=\"300\" \/>\n\t<meta property=\"og:image:type\" content=\"image\/jpeg\" \/>\n<meta name=\"twitter:card\" content=\"summary_large_image\" \/>\n<meta name=\"twitter:label1\" content=\"Gesch\u00e4tzte Lesezeit\" \/>\n\t<meta name=\"twitter:data1\" content=\"7\u00a0Minuten\" \/>\n<script type=\"application\/ld+json\" class=\"yoast-schema-graph\">{\"@context\":\"https:\/\/schema.org\",\"@graph\":[{\"@type\":\"WebPage\",\"@id\":\"https:\/\/frankrijkvakantiewoning.com\/activiteiten\/\",\"url\":\"https:\/\/frankrijkvakantiewoning.com\/activiteiten\/\",\"name\":\"[:nl]Activiteiten[:fr]Les activit\u00e9s[:en]Activities[:de] Aktivit\u00e4ten[:] - frankrijkvakantiewoningen\",\"isPartOf\":{\"@id\":\"https:\/\/frankrijkvakantiewoning.com\/#website\"},\"primaryImageOfPage\":{\"@id\":\"https:\/\/frankrijkvakantiewoning.com\/activiteiten\/#primaryimage\"},\"image\":{\"@id\":\"https:\/\/frankrijkvakantiewoning.com\/activiteiten\/#primaryimage\"},\"thumbnailUrl\":\"https:\/\/frankrijkvakantiewoning.com\/wp-content\/uploads\/2019\/01\/IMG_0981-e1575321385428.jpg\",\"datePublished\":\"2017-01-16T22:13:11+00:00\",\"dateModified\":\"2019-01-27T18:23:23+00:00\",\"breadcrumb\":{\"@id\":\"https:\/\/frankrijkvakantiewoning.com\/activiteiten\/#breadcrumb\"},\"inLanguage\":\"de\",\"potentialAction\":[{\"@type\":\"ReadAction\",\"target\":[\"https:\/\/frankrijkvakantiewoning.com\/activiteiten\/\"]}]},{\"@type\":\"ImageObject\",\"inLanguage\":\"de\",\"@id\":\"https:\/\/frankrijkvakantiewoning.com\/activiteiten\/#primaryimage\",\"url\":\"https:\/\/frankrijkvakantiewoning.com\/wp-content\/uploads\/2019\/01\/IMG_0981-e1575321385428.jpg\",\"contentUrl\":\"https:\/\/frankrijkvakantiewoning.com\/wp-content\/uploads\/2019\/01\/IMG_0981-e1575321385428.jpg\",\"width\":1250,\"height\":300},{\"@type\":\"BreadcrumbList\",\"@id\":\"https:\/\/frankrijkvakantiewoning.com\/activiteiten\/#breadcrumb\",\"itemListElement\":[{\"@type\":\"ListItem\",\"position\":1,\"name\":\"Home\",\"item\":\"https:\/\/frankrijkvakantiewoning.com\/\"},{\"@type\":\"ListItem\",\"position\":2,\"name\":\"Activiteiten\"}]},{\"@type\":\"WebSite\",\"@id\":\"https:\/\/frankrijkvakantiewoning.com\/#website\",\"url\":\"https:\/\/frankrijkvakantiewoning.com\/\",\"name\":\"Vakantievilla Barbet #40 | Zuid-Frankrijk\",\"description\":\"Komfortables 6-Personen-Haus im 5-Sterne-Park Ch\u00e2teau de Barbet!\",\"publisher\":{\"@id\":\"https:\/\/frankrijkvakantiewoning.com\/#organization\"},\"potentialAction\":[{\"@type\":\"SearchAction\",\"target\":{\"@type\":\"EntryPoint\",\"urlTemplate\":\"https:\/\/frankrijkvakantiewoning.com\/?s={search_term_string}\"},\"query-input\":{\"@type\":\"PropertyValueSpecification\",\"valueRequired\":true,\"valueName\":\"search_term_string\"}}],\"inLanguage\":\"de\"},{\"@type\":\"Organization\",\"@id\":\"https:\/\/frankrijkvakantiewoning.com\/#organization\",\"name\":\"Adfino Beheer BV\",\"url\":\"https:\/\/frankrijkvakantiewoning.com\/\",\"logo\":{\"@type\":\"ImageObject\",\"inLanguage\":\"de\",\"@id\":\"https:\/\/frankrijkvakantiewoning.com\/#\/schema\/logo\/image\/\",\"url\":\"https:\/\/frankrijkvakantiewoning.com\/wp-content\/uploads\/2017\/01\/Adfinologo100pix.png\",\"contentUrl\":\"https:\/\/frankrijkvakantiewoning.com\/wp-content\/uploads\/2017\/01\/Adfinologo100pix.png\",\"width\":100,\"height\":57,\"caption\":\"Adfino Beheer BV\"},\"image\":{\"@id\":\"https:\/\/frankrijkvakantiewoning.com\/#\/schema\/logo\/image\/\"},\"sameAs\":[\"https:\/\/www.facebook.com\/FrankrijkVakantiehuis\"]}]}<\/script>\n<!-- \/ Yoast SEO plugin. -->","yoast_head_json":{"title":"[:nl]Activiteiten[:fr]Les activit\u00e9s[:en]Activities[:de] Aktivit\u00e4ten[:] - frankrijkvakantiewoningen","robots":{"index":"index","follow":"follow","max-snippet":"max-snippet:-1","max-image-preview":"max-image-preview:large","max-video-preview":"max-video-preview:-1"},"canonical":"https:\/\/frankrijkvakantiewoning.com\/activiteiten\/","og_locale":"de_DE","og_type":"article","og_title":"[:nl]Activiteiten[:fr]Les activit\u00e9s[:en]Activities[:de] Aktivit\u00e4ten[:] - frankrijkvakantiewoningen","og_description":"Animations- und Jugendzentrum. In der Hochsaison gibt es ein komplettes Unterhaltungsprogramm f\u00fcr junge Leute, angef\u00fchrt von einem professionellen Team mit t\u00e4glich wechselnden Aktivit\u00e4ten, von der Herstellung sch\u00f6ner Masken \u00fcber das Spielen von Hockeyturnieren, Fu\u00dfballspielen und Schwimmbadspielen. Die Talentshows und Geistershows sind immer ein gro\u00dfer Erfolg. Es gibt auch einen Spielplatz und im Sommer gibt es Tischtennisplatten im Freien.\u00a0F\u00fcr die \u00e4lteren Jugendlichen gibt es ein Jugendzentrum in einem der Nebengeb\u00e4ude und es gibt Sportturniere, Pokerturniere an der Poolbar, Nachtspiele etc. Im Park, direkt neben dem Ch\u00e2teau, gibt es auch einen Minigolfplatz. Golf &nbsp; Der Park verf\u00fcgt \u00fcber einen fantastischen 9-Loch-Golfplatz mit...","og_url":"https:\/\/frankrijkvakantiewoning.com\/activiteiten\/","og_site_name":"frankrijkvakantiewoningen","article_publisher":"https:\/\/www.facebook.com\/FrankrijkVakantiehuis","article_modified_time":"2019-01-27T18:23:23+00:00","og_image":[{"width":1250,"height":300,"url":"https:\/\/frankrijkvakantiewoning.com\/wp-content\/uploads\/2019\/01\/IMG_0981-e1575321385428.jpg","type":"image\/jpeg"}],"twitter_card":"summary_large_image","twitter_misc":{"Gesch\u00e4tzte Lesezeit":"7\u00a0Minuten"},"schema":{"@context":"https:\/\/schema.org","@graph":[{"@type":"WebPage","@id":"https:\/\/frankrijkvakantiewoning.com\/activiteiten\/","url":"https:\/\/frankrijkvakantiewoning.com\/activiteiten\/","name":"[:nl]Activiteiten[:fr]Les activit\u00e9s[:en]Activities[:de] Aktivit\u00e4ten[:] - frankrijkvakantiewoningen","isPartOf":{"@id":"https:\/\/frankrijkvakantiewoning.com\/#website"},"primaryImageOfPage":{"@id":"https:\/\/frankrijkvakantiewoning.com\/activiteiten\/#primaryimage"},"image":{"@id":"https:\/\/frankrijkvakantiewoning.com\/activiteiten\/#primaryimage"},"thumbnailUrl":"https:\/\/frankrijkvakantiewoning.com\/wp-content\/uploads\/2019\/01\/IMG_0981-e1575321385428.jpg","datePublished":"2017-01-16T22:13:11+00:00","dateModified":"2019-01-27T18:23:23+00:00","breadcrumb":{"@id":"https:\/\/frankrijkvakantiewoning.com\/activiteiten\/#breadcrumb"},"inLanguage":"de","potentialAction":[{"@type":"ReadAction","target":["https:\/\/frankrijkvakantiewoning.com\/activiteiten\/"]}]},{"@type":"ImageObject","inLanguage":"de","@id":"https:\/\/frankrijkvakantiewoning.com\/activiteiten\/#primaryimage","url":"https:\/\/frankrijkvakantiewoning.com\/wp-content\/uploads\/2019\/01\/IMG_0981-e1575321385428.jpg","contentUrl":"https:\/\/frankrijkvakantiewoning.com\/wp-content\/uploads\/2019\/01\/IMG_0981-e1575321385428.jpg","width":1250,"height":300},{"@type":"BreadcrumbList","@id":"https:\/\/frankrijkvakantiewoning.com\/activiteiten\/#breadcrumb","itemListElement":[{"@type":"ListItem","position":1,"name":"Home","item":"https:\/\/frankrijkvakantiewoning.com\/"},{"@type":"ListItem","position":2,"name":"Activiteiten"}]},{"@type":"WebSite","@id":"https:\/\/frankrijkvakantiewoning.com\/#website","url":"https:\/\/frankrijkvakantiewoning.com\/","name":"Vakantievilla Barbet #40 | Zuid-Frankrijk","description":"Komfortables 6-Personen-Haus im 5-Sterne-Park Ch\u00e2teau de Barbet!","publisher":{"@id":"https:\/\/frankrijkvakantiewoning.com\/#organization"},"potentialAction":[{"@type":"SearchAction","target":{"@type":"EntryPoint","urlTemplate":"https:\/\/frankrijkvakantiewoning.com\/?s={search_term_string}"},"query-input":{"@type":"PropertyValueSpecification","valueRequired":true,"valueName":"search_term_string"}}],"inLanguage":"de"},{"@type":"Organization","@id":"https:\/\/frankrijkvakantiewoning.com\/#organization","name":"Adfino Beheer BV","url":"https:\/\/frankrijkvakantiewoning.com\/","logo":{"@type":"ImageObject","inLanguage":"de","@id":"https:\/\/frankrijkvakantiewoning.com\/#\/schema\/logo\/image\/","url":"https:\/\/frankrijkvakantiewoning.com\/wp-content\/uploads\/2017\/01\/Adfinologo100pix.png","contentUrl":"https:\/\/frankrijkvakantiewoning.com\/wp-content\/uploads\/2017\/01\/Adfinologo100pix.png","width":100,"height":57,"caption":"Adfino Beheer BV"},"image":{"@id":"https:\/\/frankrijkvakantiewoning.com\/#\/schema\/logo\/image\/"},"sameAs":["https:\/\/www.facebook.com\/FrankrijkVakantiehuis"]}]}},"_links":{"self":[{"href":"https:\/\/frankrijkvakantiewoning.com\/de\/wp-json\/wp\/v2\/pages\/29","targetHints":{"allow":["GET"]}}],"collection":[{"href":"https:\/\/frankrijkvakantiewoning.com\/de\/wp-json\/wp\/v2\/pages"}],"about":[{"href":"https:\/\/frankrijkvakantiewoning.com\/de\/wp-json\/wp\/v2\/types\/page"}],"author":[{"embeddable":true,"href":"https:\/\/frankrijkvakantiewoning.com\/de\/wp-json\/wp\/v2\/users\/1"}],"replies":[{"embeddable":true,"href":"https:\/\/frankrijkvakantiewoning.com\/de\/wp-json\/wp\/v2\/comments?post=29"}],"version-history":[{"count":54,"href":"https:\/\/frankrijkvakantiewoning.com\/de\/wp-json\/wp\/v2\/pages\/29\/revisions"}],"predecessor-version":[{"id":1443,"href":"https:\/\/frankrijkvakantiewoning.com\/de\/wp-json\/wp\/v2\/pages\/29\/revisions\/1443"}],"wp:featuredmedia":[{"embeddable":true,"href":"https:\/\/frankrijkvakantiewoning.com\/de\/wp-json\/wp\/v2\/media\/1442"}],"wp:attachment":[{"href":"https:\/\/frankrijkvakantiewoning.com\/de\/wp-json\/wp\/v2\/media?parent=29"}],"wp:term":[{"taxonomy":"category","embeddable":true,"href":"https:\/\/frankrijkvakantiewoning.com\/de\/wp-json\/wp\/v2\/categories?post=29"},{"taxonomy":"post_tag","embeddable":true,"href":"https:\/\/frankrijkvakantiewoning.com\/de\/wp-json\/wp\/v2\/tags?post=29"}],"curies":[{"name":"wp","href":"https:\/\/api.w.org\/{rel}","templated":true}]}}