{"id":1036,"date":"2018-11-17T15:17:38","date_gmt":"2018-11-17T14:17:38","guid":{"rendered":"https:\/\/frankrijkvakantiewoning.com\/?page_id=1036"},"modified":"2026-02-14T15:03:31","modified_gmt":"2026-02-14T14:03:31","slug":"faciliteiten","status":"publish","type":"page","link":"https:\/\/frankrijkvakantiewoning.com\/fr\/vakantiewoning_barbet\/faciliteiten\/","title":{"rendered":"Les Facilit\u00e9s"},"content":{"rendered":"<p><div id=\"attachment_948\" style=\"width: 210px\" class=\"wp-caption alignright\"><a href=\"https:\/\/frankrijkvakantiewoning.com\/wp-content\/uploads\/2019\/10\/IMG_1926.jpg\"><img loading=\"lazy\" decoding=\"async\" aria-describedby=\"caption-attachment-948\" class=\"wp-image-948\" src=\"https:\/\/frankrijkvakantiewoning.com\/wp-content\/uploads\/2019\/10\/IMG_1926-300x225.jpg\" alt=\"Zitgedeelte\" width=\"200\" height=\"150\" \/><\/a><p id=\"caption-attachment-948\" class=\"wp-caption-text\"><center>Si\u00e8ges \u00e0 l&rsquo;avant<\/center><\/p><\/div><\/p>\n<h3>Rez-de-chauss\u00e9e :<\/h3>\n<ul>\n<li>Entr\u00e9e et d\u00e9barras<\/li>\n<li>Salle de bain avec baignoire \u00e0 bulles, douche s\u00e9par\u00e9e, wc et lavabo.<\/li>\n<li>2\u00e9me Toilet<\/li>\n<li>Chambre \u00e0 coucher avec lit double 160 x 200 (peut \u00eatre d\u00e9tach\u00e9e jusqu&rsquo;\u00e0 2 x 80 x 200)<\/li>\n<li>Cuisine ouverte<\/li>\n<li>Salon avec 2 canap\u00e9s en cuir et 2 fauteuils en cuir<\/li>\n<li>Coin repas avec grande table et 6 \u00e0 8 chaises de salle \u00e0 manger<\/li>\n<li>Climatisation (chauffage suppl\u00e9mentaire en hiver)<\/li>\n<\/ul>\n<h3>1er \u00e9tage :<\/h3>\n<ul>\n<li>Atterrissage<\/li>\n<li>2 chambres \u00e0 coucher avec chacune 2 lits simples \u00e0 sommier tapissier<\/li>\n<\/ul>\n<div id=\"attachment_1084\" style=\"width: 210px\" class=\"wp-caption alignright\"><a href=\"https:\/\/frankrijkvakantiewoning.com\/wp-content\/uploads\/2018\/11\/IMG_1383.jpg\"><img loading=\"lazy\" decoding=\"async\" aria-describedby=\"caption-attachment-1084\" class=\"wp-image-1084\" src=\"https:\/\/frankrijkvakantiewoning.com\/wp-content\/uploads\/2018\/11\/IMG_1383-300x225.jpg\" alt=\"\" width=\"200\" height=\"150\" \/><\/a><p id=\"caption-attachment-1084\" class=\"wp-caption-text\"><center>Vue de profil sur le c\u00f4t\u00e9<\/center><\/p><\/div>\n<h3><strong>Dehors:<\/strong><\/h3>\n<ul>\n<li>Jardin clos gratuit (environ 700 m2) avec bancs solaires<\/li>\n<li>2 terrasses avec salon de jardin<\/li>\n<li>Banc de jardin devant la maison<\/li>\n<\/ul>\n<h3><strong>Installations:<\/strong><\/h3>\n<ul>\n<li>Salon avec grande table \u00e0 manger et 6-8 chaises, TV c\u00e2bl\u00e9e avec toutes les cha\u00eenes n\u00e9erlandaises, lecteur DVD (avec un grand choix de films), Radio\/CD player, WiFi gratuit (fibre de verre) ;<\/li>\n<li>Cuisine compl\u00e8te comprenant plaque vitroc\u00e9ramique, lave-vaisselle, four, micro-ondes, cafeti\u00e8re \u00e9lectrique, Senseo ;<\/li>\n<li>Jeux pour l&rsquo;int\u00e9rieur et l&rsquo;ext\u00e9rieur (de Mens-erger-je-niet au Badminton), livres de lecture en n\u00e9erlandais et guides de langue et de voyage;<\/li>\n<li>Lit b\u00e9b\u00e9, chaise haute, etc. disponibles sur demande.<\/li>\n<\/ul>\n<h3><strong>Plan de la maison:<\/strong><\/h3>\n<p><a href=\"https:\/\/frankrijkvakantiewoning.com\/wp-content\/uploads\/2018\/11\/Gers-2-begane-grond.jpg\"><img loading=\"lazy\" decoding=\"async\" class=\" wp-image-1145 alignnone\" src=\"https:\/\/frankrijkvakantiewoning.com\/wp-content\/uploads\/2018\/11\/Gers-2-begane-grond-300x204.jpg\" alt=\"\" width=\"418\" height=\"284\" srcset=\"https:\/\/frankrijkvakantiewoning.com\/wp-content\/uploads\/2018\/11\/Gers-2-begane-grond-300x204.jpg 300w, https:\/\/frankrijkvakantiewoning.com\/wp-content\/uploads\/2018\/11\/Gers-2-begane-grond-768x521.jpg 768w, https:\/\/frankrijkvakantiewoning.com\/wp-content\/uploads\/2018\/11\/Gers-2-begane-grond.jpg 799w\" sizes=\"auto, (max-width: 418px) 100vw, 418px\" \/>\u00a0 \u00a0 \u00a0 \u00a0 <\/a><a href=\"https:\/\/frankrijkvakantiewoning.com\/wp-content\/uploads\/2018\/11\/Gers2-verdieping.jpg\"><img loading=\"lazy\" decoding=\"async\" class=\"size-medium wp-image-1146 alignnone\" src=\"https:\/\/frankrijkvakantiewoning.com\/wp-content\/uploads\/2018\/11\/Gers2-verdieping-241x300.jpg\" alt=\"\" width=\"241\" height=\"300\" srcset=\"https:\/\/frankrijkvakantiewoning.com\/wp-content\/uploads\/2018\/11\/Gers2-verdieping-241x300.jpg 241w, https:\/\/frankrijkvakantiewoning.com\/wp-content\/uploads\/2018\/11\/Gers2-verdieping.jpg 432w\" sizes=\"auto, (max-width: 241px) 100vw, 241px\" \/><\/a><\/p>","protected":false},"excerpt":{"rendered":"<p>Rez-de-chauss\u00e9e : Entr\u00e9e et d\u00e9barras Salle de bain avec baignoire \u00e0 bulles, douche s\u00e9par\u00e9e, wc et lavabo. 2\u00e9me Toilet Chambre \u00e0 coucher avec lit double 160 x 200 (peut \u00eatre d\u00e9tach\u00e9e jusqu&rsquo;\u00e0 2 x 80 x 200) Cuisine ouverte Salon avec 2 canap\u00e9s en cuir et 2 fauteuils en cuir Coin repas avec grande table et 6 \u00e0 8 chaises de salle \u00e0 manger Climatisation (chauffage suppl\u00e9mentaire en hiver) 1er \u00e9tage : Atterrissage 2 chambres \u00e0 coucher avec chacune 2 lits simples \u00e0 sommier tapissier Dehors: Jardin clos gratuit (environ 700 m2) avec bancs solaires 2 terrasses avec salon de&#8230; <\/p>\n","protected":false},"author":1,"featured_media":1082,"parent":15,"menu_order":1,"comment_status":"closed","ping_status":"closed","template":"","meta":{"footnotes":""},"categories":[],"tags":[],"class_list":["post-1036","page","type-page","status-publish","has-post-thumbnail","hentry"],"yoast_head":"<!-- This site is optimized with the Yoast SEO plugin v26.9 - https:\/\/yoast.com\/product\/yoast-seo-wordpress\/ -->\n<title>Les Facilit\u00e9s - frankrijkvakantiewoningen<\/title>\n<meta name=\"robots\" content=\"index, follow, max-snippet:-1, max-image-preview:large, max-video-preview:-1\" \/>\n<link rel=\"canonical\" href=\"https:\/\/frankrijkvakantiewoning.com\/vakantiewoning_barbet\/faciliteiten\/\" \/>\n<meta property=\"og:locale\" content=\"fr_FR\" \/>\n<meta property=\"og:type\" content=\"article\" \/>\n<meta property=\"og:title\" content=\"[:nl]Faciliteiten[:fr]Les Facilit\u00e9s[:en]Facilities[:de]Einrichtung[:] - frankrijkvakantiewoningen\" \/>\n<meta property=\"og:description\" content=\"Rez-de-chauss\u00e9e : Entr\u00e9e et d\u00e9barras Salle de bain avec baignoire \u00e0 bulles, douche s\u00e9par\u00e9e, wc et lavabo. 2\u00e9me Toilet Chambre \u00e0 coucher avec lit double 160 x 200 (peut \u00eatre d\u00e9tach\u00e9e jusqu&rsquo;\u00e0 2 x 80 x 200) Cuisine ouverte Salon avec 2 canap\u00e9s en cuir et 2 fauteuils en cuir Coin repas avec grande table et 6 \u00e0 8 chaises de salle \u00e0 manger Climatisation (chauffage suppl\u00e9mentaire en hiver) 1er \u00e9tage : Atterrissage 2 chambres \u00e0 coucher avec chacune 2 lits simples \u00e0 sommier tapissier Dehors: Jardin clos gratuit (environ 700 m2) avec bancs solaires 2 terrasses avec salon de...\" \/>\n<meta property=\"og:url\" content=\"https:\/\/frankrijkvakantiewoning.com\/vakantiewoning_barbet\/faciliteiten\/\" \/>\n<meta property=\"og:site_name\" content=\"frankrijkvakantiewoningen\" \/>\n<meta property=\"article:publisher\" content=\"https:\/\/www.facebook.com\/FrankrijkVakantiehuis\" \/>\n<meta property=\"article:modified_time\" content=\"2026-02-14T14:03:31+00:00\" \/>\n<meta property=\"og:image\" content=\"https:\/\/frankrijkvakantiewoning.com\/wp-content\/uploads\/2018\/11\/IMG_4278-e1547399670143.jpg\" \/>\n\t<meta property=\"og:image:width\" content=\"1000\" \/>\n\t<meta property=\"og:image:height\" content=\"240\" \/>\n\t<meta property=\"og:image:type\" content=\"image\/jpeg\" \/>\n<meta name=\"twitter:card\" content=\"summary_large_image\" \/>\n<meta name=\"twitter:label1\" content=\"Dur\u00e9e de lecture estim\u00e9e\" \/>\n\t<meta name=\"twitter:data1\" content=\"2 minutes\" \/>\n<script type=\"application\/ld+json\" class=\"yoast-schema-graph\">{\"@context\":\"https:\/\/schema.org\",\"@graph\":[{\"@type\":\"WebPage\",\"@id\":\"https:\/\/frankrijkvakantiewoning.com\/vakantiewoning_barbet\/faciliteiten\/\",\"url\":\"https:\/\/frankrijkvakantiewoning.com\/vakantiewoning_barbet\/faciliteiten\/\",\"name\":\"[:nl]Faciliteiten[:fr]Les Facilit\u00e9s[:en]Facilities[:de]Einrichtung[:] - frankrijkvakantiewoningen\",\"isPartOf\":{\"@id\":\"https:\/\/frankrijkvakantiewoning.com\/#website\"},\"primaryImageOfPage\":{\"@id\":\"https:\/\/frankrijkvakantiewoning.com\/vakantiewoning_barbet\/faciliteiten\/#primaryimage\"},\"image\":{\"@id\":\"https:\/\/frankrijkvakantiewoning.com\/vakantiewoning_barbet\/faciliteiten\/#primaryimage\"},\"thumbnailUrl\":\"https:\/\/frankrijkvakantiewoning.com\/wp-content\/uploads\/2018\/11\/IMG_4278-e1547399670143.jpg\",\"datePublished\":\"2018-11-17T14:17:38+00:00\",\"dateModified\":\"2026-02-14T14:03:31+00:00\",\"breadcrumb\":{\"@id\":\"https:\/\/frankrijkvakantiewoning.com\/vakantiewoning_barbet\/faciliteiten\/#breadcrumb\"},\"inLanguage\":\"fr-FR\",\"potentialAction\":[{\"@type\":\"ReadAction\",\"target\":[\"https:\/\/frankrijkvakantiewoning.com\/vakantiewoning_barbet\/faciliteiten\/\"]}]},{\"@type\":\"ImageObject\",\"inLanguage\":\"fr-FR\",\"@id\":\"https:\/\/frankrijkvakantiewoning.com\/vakantiewoning_barbet\/faciliteiten\/#primaryimage\",\"url\":\"https:\/\/frankrijkvakantiewoning.com\/wp-content\/uploads\/2018\/11\/IMG_4278-e1547399670143.jpg\",\"contentUrl\":\"https:\/\/frankrijkvakantiewoning.com\/wp-content\/uploads\/2018\/11\/IMG_4278-e1547399670143.jpg\",\"width\":1000,\"height\":240},{\"@type\":\"BreadcrumbList\",\"@id\":\"https:\/\/frankrijkvakantiewoning.com\/vakantiewoning_barbet\/faciliteiten\/#breadcrumb\",\"itemListElement\":[{\"@type\":\"ListItem\",\"position\":1,\"name\":\"Home\",\"item\":\"https:\/\/frankrijkvakantiewoning.com\/\"},{\"@type\":\"ListItem\",\"position\":2,\"name\":\"6-Persoons Vakantiewoning in Zuid Frankrijk | Villa Barbet#40\",\"item\":\"https:\/\/frankrijkvakantiewoning.com\/vakantiewoning_barbet\/\"},{\"@type\":\"ListItem\",\"position\":3,\"name\":\"Faciliteiten\"}]},{\"@type\":\"WebSite\",\"@id\":\"https:\/\/frankrijkvakantiewoning.com\/#website\",\"url\":\"https:\/\/frankrijkvakantiewoning.com\/\",\"name\":\"Vakantievilla Barbet #40 | Zuid-Frankrijk\",\"description\":\"Maison confortable pour 6 personnes sur 5*****parc Ch\u00e2teau de Barbet !\",\"publisher\":{\"@id\":\"https:\/\/frankrijkvakantiewoning.com\/#organization\"},\"potentialAction\":[{\"@type\":\"SearchAction\",\"target\":{\"@type\":\"EntryPoint\",\"urlTemplate\":\"https:\/\/frankrijkvakantiewoning.com\/?s={search_term_string}\"},\"query-input\":{\"@type\":\"PropertyValueSpecification\",\"valueRequired\":true,\"valueName\":\"search_term_string\"}}],\"inLanguage\":\"fr-FR\"},{\"@type\":\"Organization\",\"@id\":\"https:\/\/frankrijkvakantiewoning.com\/#organization\",\"name\":\"Adfino Beheer BV\",\"url\":\"https:\/\/frankrijkvakantiewoning.com\/\",\"logo\":{\"@type\":\"ImageObject\",\"inLanguage\":\"fr-FR\",\"@id\":\"https:\/\/frankrijkvakantiewoning.com\/#\/schema\/logo\/image\/\",\"url\":\"https:\/\/frankrijkvakantiewoning.com\/wp-content\/uploads\/2017\/01\/Adfinologo100pix.png\",\"contentUrl\":\"https:\/\/frankrijkvakantiewoning.com\/wp-content\/uploads\/2017\/01\/Adfinologo100pix.png\",\"width\":100,\"height\":57,\"caption\":\"Adfino Beheer BV\"},\"image\":{\"@id\":\"https:\/\/frankrijkvakantiewoning.com\/#\/schema\/logo\/image\/\"},\"sameAs\":[\"https:\/\/www.facebook.com\/FrankrijkVakantiehuis\"]}]}<\/script>\n<!-- \/ Yoast SEO plugin. -->","yoast_head_json":{"title":"[:nl]Faciliteiten[:fr]Les Facilit\u00e9s[:en]Facilities[:de]Einrichtung[:] - frankrijkvakantiewoningen","robots":{"index":"index","follow":"follow","max-snippet":"max-snippet:-1","max-image-preview":"max-image-preview:large","max-video-preview":"max-video-preview:-1"},"canonical":"https:\/\/frankrijkvakantiewoning.com\/vakantiewoning_barbet\/faciliteiten\/","og_locale":"fr_FR","og_type":"article","og_title":"[:nl]Faciliteiten[:fr]Les Facilit\u00e9s[:en]Facilities[:de]Einrichtung[:] - frankrijkvakantiewoningen","og_description":"Rez-de-chauss\u00e9e : Entr\u00e9e et d\u00e9barras Salle de bain avec baignoire \u00e0 bulles, douche s\u00e9par\u00e9e, wc et lavabo. 2\u00e9me Toilet Chambre \u00e0 coucher avec lit double 160 x 200 (peut \u00eatre d\u00e9tach\u00e9e jusqu&rsquo;\u00e0 2 x 80 x 200) Cuisine ouverte Salon avec 2 canap\u00e9s en cuir et 2 fauteuils en cuir Coin repas avec grande table et 6 \u00e0 8 chaises de salle \u00e0 manger Climatisation (chauffage suppl\u00e9mentaire en hiver) 1er \u00e9tage : Atterrissage 2 chambres \u00e0 coucher avec chacune 2 lits simples \u00e0 sommier tapissier Dehors: Jardin clos gratuit (environ 700 m2) avec bancs solaires 2 terrasses avec salon de...","og_url":"https:\/\/frankrijkvakantiewoning.com\/vakantiewoning_barbet\/faciliteiten\/","og_site_name":"frankrijkvakantiewoningen","article_publisher":"https:\/\/www.facebook.com\/FrankrijkVakantiehuis","article_modified_time":"2026-02-14T14:03:31+00:00","og_image":[{"width":1000,"height":240,"url":"https:\/\/frankrijkvakantiewoning.com\/wp-content\/uploads\/2018\/11\/IMG_4278-e1547399670143.jpg","type":"image\/jpeg"}],"twitter_card":"summary_large_image","twitter_misc":{"Dur\u00e9e de lecture estim\u00e9e":"2 minutes"},"schema":{"@context":"https:\/\/schema.org","@graph":[{"@type":"WebPage","@id":"https:\/\/frankrijkvakantiewoning.com\/vakantiewoning_barbet\/faciliteiten\/","url":"https:\/\/frankrijkvakantiewoning.com\/vakantiewoning_barbet\/faciliteiten\/","name":"[:nl]Faciliteiten[:fr]Les Facilit\u00e9s[:en]Facilities[:de]Einrichtung[:] - frankrijkvakantiewoningen","isPartOf":{"@id":"https:\/\/frankrijkvakantiewoning.com\/#website"},"primaryImageOfPage":{"@id":"https:\/\/frankrijkvakantiewoning.com\/vakantiewoning_barbet\/faciliteiten\/#primaryimage"},"image":{"@id":"https:\/\/frankrijkvakantiewoning.com\/vakantiewoning_barbet\/faciliteiten\/#primaryimage"},"thumbnailUrl":"https:\/\/frankrijkvakantiewoning.com\/wp-content\/uploads\/2018\/11\/IMG_4278-e1547399670143.jpg","datePublished":"2018-11-17T14:17:38+00:00","dateModified":"2026-02-14T14:03:31+00:00","breadcrumb":{"@id":"https:\/\/frankrijkvakantiewoning.com\/vakantiewoning_barbet\/faciliteiten\/#breadcrumb"},"inLanguage":"fr-FR","potentialAction":[{"@type":"ReadAction","target":["https:\/\/frankrijkvakantiewoning.com\/vakantiewoning_barbet\/faciliteiten\/"]}]},{"@type":"ImageObject","inLanguage":"fr-FR","@id":"https:\/\/frankrijkvakantiewoning.com\/vakantiewoning_barbet\/faciliteiten\/#primaryimage","url":"https:\/\/frankrijkvakantiewoning.com\/wp-content\/uploads\/2018\/11\/IMG_4278-e1547399670143.jpg","contentUrl":"https:\/\/frankrijkvakantiewoning.com\/wp-content\/uploads\/2018\/11\/IMG_4278-e1547399670143.jpg","width":1000,"height":240},{"@type":"BreadcrumbList","@id":"https:\/\/frankrijkvakantiewoning.com\/vakantiewoning_barbet\/faciliteiten\/#breadcrumb","itemListElement":[{"@type":"ListItem","position":1,"name":"Home","item":"https:\/\/frankrijkvakantiewoning.com\/"},{"@type":"ListItem","position":2,"name":"6-Persoons Vakantiewoning in Zuid Frankrijk | Villa Barbet#40","item":"https:\/\/frankrijkvakantiewoning.com\/vakantiewoning_barbet\/"},{"@type":"ListItem","position":3,"name":"Faciliteiten"}]},{"@type":"WebSite","@id":"https:\/\/frankrijkvakantiewoning.com\/#website","url":"https:\/\/frankrijkvakantiewoning.com\/","name":"Vakantievilla Barbet #40 | Zuid-Frankrijk","description":"Maison confortable pour 6 personnes sur 5*****parc Ch\u00e2teau de Barbet !","publisher":{"@id":"https:\/\/frankrijkvakantiewoning.com\/#organization"},"potentialAction":[{"@type":"SearchAction","target":{"@type":"EntryPoint","urlTemplate":"https:\/\/frankrijkvakantiewoning.com\/?s={search_term_string}"},"query-input":{"@type":"PropertyValueSpecification","valueRequired":true,"valueName":"search_term_string"}}],"inLanguage":"fr-FR"},{"@type":"Organization","@id":"https:\/\/frankrijkvakantiewoning.com\/#organization","name":"Adfino Beheer BV","url":"https:\/\/frankrijkvakantiewoning.com\/","logo":{"@type":"ImageObject","inLanguage":"fr-FR","@id":"https:\/\/frankrijkvakantiewoning.com\/#\/schema\/logo\/image\/","url":"https:\/\/frankrijkvakantiewoning.com\/wp-content\/uploads\/2017\/01\/Adfinologo100pix.png","contentUrl":"https:\/\/frankrijkvakantiewoning.com\/wp-content\/uploads\/2017\/01\/Adfinologo100pix.png","width":100,"height":57,"caption":"Adfino Beheer BV"},"image":{"@id":"https:\/\/frankrijkvakantiewoning.com\/#\/schema\/logo\/image\/"},"sameAs":["https:\/\/www.facebook.com\/FrankrijkVakantiehuis"]}]}},"_links":{"self":[{"href":"https:\/\/frankrijkvakantiewoning.com\/fr\/wp-json\/wp\/v2\/pages\/1036","targetHints":{"allow":["GET"]}}],"collection":[{"href":"https:\/\/frankrijkvakantiewoning.com\/fr\/wp-json\/wp\/v2\/pages"}],"about":[{"href":"https:\/\/frankrijkvakantiewoning.com\/fr\/wp-json\/wp\/v2\/types\/page"}],"author":[{"embeddable":true,"href":"https:\/\/frankrijkvakantiewoning.com\/fr\/wp-json\/wp\/v2\/users\/1"}],"replies":[{"embeddable":true,"href":"https:\/\/frankrijkvakantiewoning.com\/fr\/wp-json\/wp\/v2\/comments?post=1036"}],"version-history":[{"count":21,"href":"https:\/\/frankrijkvakantiewoning.com\/fr\/wp-json\/wp\/v2\/pages\/1036\/revisions"}],"predecessor-version":[{"id":1596,"href":"https:\/\/frankrijkvakantiewoning.com\/fr\/wp-json\/wp\/v2\/pages\/1036\/revisions\/1596"}],"up":[{"embeddable":true,"href":"https:\/\/frankrijkvakantiewoning.com\/fr\/wp-json\/wp\/v2\/pages\/15"}],"wp:featuredmedia":[{"embeddable":true,"href":"https:\/\/frankrijkvakantiewoning.com\/fr\/wp-json\/wp\/v2\/media\/1082"}],"wp:attachment":[{"href":"https:\/\/frankrijkvakantiewoning.com\/fr\/wp-json\/wp\/v2\/media?parent=1036"}],"wp:term":[{"taxonomy":"category","embeddable":true,"href":"https:\/\/frankrijkvakantiewoning.com\/fr\/wp-json\/wp\/v2\/categories?post=1036"},{"taxonomy":"post_tag","embeddable":true,"href":"https:\/\/frankrijkvakantiewoning.com\/fr\/wp-json\/wp\/v2\/tags?post=1036"}],"curies":[{"name":"wp","href":"https:\/\/api.w.org\/{rel}","templated":true}]}}