{"id":1058,"date":"2018-11-17T15:46:01","date_gmt":"2018-11-17T14:46:01","guid":{"rendered":"https:\/\/frankrijkvakantiewoning.com\/?page_id=1058"},"modified":"2019-12-02T23:24:24","modified_gmt":"2019-12-02T22:24:24","slug":"chateau-de-barbet","status":"publish","type":"page","link":"https:\/\/frankrijkvakantiewoning.com\/fr\/vakantiewoning_barbet\/chateau-de-barbet\/","title":{"rendered":"Ch\u00e2teau de Barbet"},"content":{"rendered":"<p><div id=\"attachment_973\" style=\"width: 210px\" class=\"wp-caption alignleft\"><a href=\"https:\/\/frankrijkvakantiewoning.com\/wp-content\/uploads\/2018\/01\/parc0501.jpg\"><img loading=\"lazy\" decoding=\"async\" aria-describedby=\"caption-attachment-973\" class=\"wp-image-973\" src=\"https:\/\/frankrijkvakantiewoning.com\/wp-content\/uploads\/2018\/01\/parc0501-300x225.jpg\" alt=\"\" width=\"200\" height=\"150\" srcset=\"https:\/\/frankrijkvakantiewoning.com\/wp-content\/uploads\/2018\/01\/parc0501-300x225.jpg 300w, https:\/\/frankrijkvakantiewoning.com\/wp-content\/uploads\/2018\/01\/parc0501-768x576.jpg 768w, https:\/\/frankrijkvakantiewoning.com\/wp-content\/uploads\/2018\/01\/parc0501.jpg 790w\" sizes=\"auto, (max-width: 200px) 100vw, 200px\" \/><\/a><p id=\"caption-attachment-973\" class=\"wp-caption-text\"><center>Le Ch\u00e2teau en bref<\/center><\/p><\/div><\/p>\n<h3>Ch\u00e2teau et parc<\/h3>\n<p>Officiellement, l&rsquo;ancien domaine de la famille De Scorbiac s&rsquo;appelle d\u00e9sormais \u00ab\u00a0Parc Residenti\u00ebl Ch\u00e2teau de Barbet\u00a0\u00bb. L&rsquo;histoire du ch\u00e2teau remonte \u00e0 plus de trois si\u00e8cles. A la fin du si\u00e8cle dernier, 180 maisons ont \u00e9t\u00e9 construites par phases sur de vastes parcelles du parc de 22 hectares. Pour r\u00e9sidence permanente ou usage r\u00e9cr\u00e9atif.<\/p>\n<p>Au rez-de-chauss\u00e9e se trouve le restaurant \u00ab\u00a0Le Paris Go\u00a0\u00bb, \u00e0 c\u00f4t\u00e9 d&rsquo;une brasserie, une salle de billard et des espaces communs.<\/p>\n<div id=\"attachment_977\" style=\"width: 210px\" class=\"wp-caption alignright\"><a href=\"https:\/\/frankrijkvakantiewoning.com\/wp-content\/uploads\/2018\/01\/cdb-bieb-1.jpg\"><img loading=\"lazy\" decoding=\"async\" aria-describedby=\"caption-attachment-977\" class=\"wp-image-977\" src=\"https:\/\/frankrijkvakantiewoning.com\/wp-content\/uploads\/2018\/01\/cdb-bieb-1-300x215.jpg\" alt=\"\" width=\"200\" height=\"143\" srcset=\"https:\/\/frankrijkvakantiewoning.com\/wp-content\/uploads\/2018\/01\/cdb-bieb-1-300x215.jpg 300w, https:\/\/frankrijkvakantiewoning.com\/wp-content\/uploads\/2018\/01\/cdb-bieb-1.jpg 450w\" sizes=\"auto, (max-width: 200px) 100vw, 200px\" \/><\/a><p id=\"caption-attachment-977\" class=\"wp-caption-text\"><center>La biblioth\u00e8que<\/center><\/p><\/div>\n<p>Au premier \u00e9tage se trouvent des salles de r\u00e9union et une biblioth\u00e8que accessible aux propri\u00e9taires et aux locataires.<\/p>\n<p>L&rsquo;accueil du parc est situ\u00e9 dans l&rsquo;une des d\u00e9pendances. Vous y trouverez \u00e9galement les salles de service, un club de jeunes et une salle de fitness avec sauna. Il y a des terrasses autour du ch\u00e2teau, avec des possibilit\u00e9s de go\u00fbter et de boire un verre. Le mini-golf et les piscines se trouvent \u00e0 c\u00f4t\u00e9 et derri\u00e8re le ch\u00e2teau.<\/p>\n<p>A quelques dizaines de m\u00e8tres se trouve l&rsquo;ombrage. Un ancien salon de th\u00e9 sur la Vecht qui a fait ses preuves en tant que bar + terrasse. De plus, vous trouverez un terrain de volley-ball, un terrain de football, deux courts de tennis et, bien s\u00fbr, un terrain de p\u00e9tanque. En \u00e9t\u00e9, vous trouverez \u00e9galement des tables de ping-pong..<\/p>\n<h3><strong>Plan du parc<\/strong><\/h3>\n<div id=\"attachment_1158\" style=\"width: 209px\" class=\"wp-caption alignleft\"><a href=\"https:\/\/frankrijkvakantiewoning.com\/wp-content\/uploads\/2018\/11\/plan.jpg\"><img loading=\"lazy\" decoding=\"async\" aria-describedby=\"caption-attachment-1158\" class=\"wp-image-1158\" src=\"https:\/\/frankrijkvakantiewoning.com\/wp-content\/uploads\/2018\/11\/plan-300x214.jpg\" alt=\"\" width=\"199\" height=\"142\" srcset=\"https:\/\/frankrijkvakantiewoning.com\/wp-content\/uploads\/2018\/11\/plan-300x214.jpg 300w, https:\/\/frankrijkvakantiewoning.com\/wp-content\/uploads\/2018\/11\/plan-768x547.jpg 768w, https:\/\/frankrijkvakantiewoning.com\/wp-content\/uploads\/2018\/11\/plan.jpg 1000w\" sizes=\"auto, (max-width: 199px) 100vw, 199px\" \/><\/a><p id=\"caption-attachment-1158\" class=\"wp-caption-text\"><center>Emplacement villa num\u00e9ro 40<\/center><\/p><\/div>\n<div id=\"attachment_975\" style=\"width: 210px\" class=\"wp-caption alignright\"><a href=\"https:\/\/frankrijkvakantiewoning.com\/wp-content\/uploads\/2018\/01\/Satelietfoto2.jpg\"><img loading=\"lazy\" decoding=\"async\" aria-describedby=\"caption-attachment-975\" class=\"wp-image-975\" src=\"https:\/\/frankrijkvakantiewoning.com\/wp-content\/uploads\/2018\/01\/Satelietfoto2-300x214.jpg\" alt=\"\" width=\"200\" height=\"142\" srcset=\"https:\/\/frankrijkvakantiewoning.com\/wp-content\/uploads\/2018\/01\/Satelietfoto2-300x214.jpg 300w, https:\/\/frankrijkvakantiewoning.com\/wp-content\/uploads\/2018\/01\/Satelietfoto2-768x547.jpg 768w, https:\/\/frankrijkvakantiewoning.com\/wp-content\/uploads\/2018\/01\/Satelietfoto2.jpg 990w\" sizes=\"auto, (max-width: 200px) 100vw, 200px\" \/><\/a><p id=\"caption-attachment-975\" class=\"wp-caption-text\"><center>Vue a\u00e9rienne<\/center><\/p><\/div>\n<p style=\"text-align: center;\"><em>Cliquez sur les photos pour un agrandissement.<\/em><\/p>\n<p>&nbsp;<\/p>\n<p>&nbsp;<\/p>\n<p>&nbsp;<\/p>\n<p>&nbsp;<\/p>\n<h3>Video \u00ab\u00a0Bienvenue au Ch\u00e2teau de Barbet\u00a0\u00bb<\/h3>\n<p>Notre directeur de parc a fait une vid\u00e9o tr\u00e8s cool du parc; il suffit de s&rsquo;asseoir devant (9 minutes) !<\/p>\n<div style=\"width: 1920px;\" class=\"wp-video\"><video class=\"wp-video-shortcode\" id=\"video-1058-2\" width=\"1920\" height=\"1080\" poster=\"https:\/\/frankrijkvakantiewoning.com\/wp-content\/uploads\/2018\/11\/chateau-de-barbet-uit-een-ander-perspectief-mp4-image.jpg\" preload=\"metadata\" controls=\"controls\"><source type=\"video\/mp4\" src=\"https:\/\/frankrijkvakantiewoning.com\/wp-content\/uploads\/2018\/11\/chateau-de-barbet-uit-een-ander-perspectief.mp4?_=2\" \/><a href=\"https:\/\/frankrijkvakantiewoning.com\/wp-content\/uploads\/2018\/11\/chateau-de-barbet-uit-een-ander-perspectief.mp4\">https:\/\/frankrijkvakantiewoning.com\/wp-content\/uploads\/2018\/11\/chateau-de-barbet-uit-een-ander-perspectief.mp4<\/a><\/video><\/div>\n<p>\u00c0 6:50 minutes vous trouverez Barbet #40 au milieu de votre image..<\/p>\n<h3>Pour les passionn\u00e9s : L&rsquo;histoire du Ch\u00e2teau de Barbet<\/h3>\n<p><a href=\"https:\/\/frankrijkvakantiewoning.com\/wp-content\/uploads\/2018\/11\/Oude-foto-Chateau-de-Barbet.png\"><img loading=\"lazy\" decoding=\"async\" class=\"alignleft wp-image-1181\" src=\"https:\/\/frankrijkvakantiewoning.com\/wp-content\/uploads\/2018\/11\/Oude-foto-Chateau-de-Barbet-300x189.png\" alt=\"\" width=\"200\" height=\"126\" srcset=\"https:\/\/frankrijkvakantiewoning.com\/wp-content\/uploads\/2018\/11\/Oude-foto-Chateau-de-Barbet-300x189.png 300w, https:\/\/frankrijkvakantiewoning.com\/wp-content\/uploads\/2018\/11\/Oude-foto-Chateau-de-Barbet-768x485.png 768w, https:\/\/frankrijkvakantiewoning.com\/wp-content\/uploads\/2018\/11\/Oude-foto-Chateau-de-Barbet.png 1007w\" sizes=\"auto, (max-width: 200px) 100vw, 200px\" \/><\/a>Le Ch\u00e2teau de Barbet est un ch\u00e2teau construit au XVIIe si\u00e8cle par Fran\u00e7ois de Marcelier. Il \u00e9tait le seigneur de Gaujac ; c&rsquo;est une municipalit\u00e9 situ\u00e9e \u00e0 environ 10 kilom\u00e8tres de Lombez.\u00a0Jusqu&rsquo;au XIX\u00e8me si\u00e8cle, le Ch\u00e2teau \u00e9tait habit\u00e9 exclusivement par la famille Marcelier de Gaujac.\u00a0Cela changea en 1869 lorsque Mademoiselle Marcelier de Gaujac \u00e9pousa Etienne de Scorbiac. Cette femme \u00e9tait la seule h\u00e9riti\u00e8re de son p\u00e8re pour que le Ch\u00e2teau quitte la famille, c&rsquo;\u00e9tait in\u00e9vitable.\u00a0M. Scorbiac \u00e9tait originaire de Montauban et le ch\u00e2teau \u00e9tait de bonne humeur.\u00a0En 1829, il restaure tout l&rsquo;int\u00e9rieur (mosa\u00efque de la r\u00e9ception, rev\u00eatements muraux, etc.) afin d&rsquo;y vivre encore plus confortablement avec son \u00e9pouse.<\/p>\n<p>Une photographie a\u00e9rienne a \u00e9t\u00e9 prise en 1935. Il montre qu&rsquo;il y avait encore une v\u00e9randa ou une baie vitr\u00e9e sur le c\u00f4t\u00e9 du ch\u00e2teau. Ce mur saute maintenant en arri\u00e8re et en \u00e9t\u00e9 vous pouvez profiter du coucher du soleil sur la terrasse.\u00a0En 1997, l&rsquo;entreprise de construction Midreth a commenc\u00e9 la r\u00e9novation du Ch\u00e2teau de Barbet. De plus, elle a commenc\u00e9 \u00e0 construire les villas. Un an plus tard, les premi\u00e8res villas ont pu \u00eatre livr\u00e9es et le ch\u00e2teau \u00e9tait en passe de devenir aussi beau qu&rsquo;il en a l&rsquo;air aujourd&rsquo;hui.<\/p>","protected":false},"excerpt":{"rendered":"<p>Ch\u00e2teau et parc Officiellement, l&rsquo;ancien domaine de la famille De Scorbiac s&rsquo;appelle d\u00e9sormais \u00ab\u00a0Parc Residenti\u00ebl Ch\u00e2teau de Barbet\u00a0\u00bb. L&rsquo;histoire du ch\u00e2teau remonte \u00e0 plus de trois si\u00e8cles. A la fin du si\u00e8cle dernier, 180 maisons ont \u00e9t\u00e9 construites par phases sur de vastes parcelles du parc de 22 hectares. Pour r\u00e9sidence permanente ou usage r\u00e9cr\u00e9atif. Au rez-de-chauss\u00e9e se trouve le restaurant \u00ab\u00a0Le Paris Go\u00a0\u00bb, \u00e0 c\u00f4t\u00e9 d&rsquo;une brasserie, une salle de billard et des espaces communs. Au premier \u00e9tage se trouvent des salles de r\u00e9union et une biblioth\u00e8que accessible aux propri\u00e9taires et aux locataires. L&rsquo;accueil du parc est situ\u00e9 dans&#8230; <\/p>\n","protected":false},"author":1,"featured_media":1083,"parent":15,"menu_order":2,"comment_status":"closed","ping_status":"closed","template":"","meta":{"footnotes":""},"categories":[],"tags":[],"class_list":["post-1058","page","type-page","status-publish","has-post-thumbnail","hentry"],"yoast_head":"<!-- This site is optimized with the Yoast SEO plugin v26.9 - https:\/\/yoast.com\/product\/yoast-seo-wordpress\/ -->\n<title>Ch\u00e2teau de Barbet - frankrijkvakantiewoningen<\/title>\n<meta name=\"robots\" content=\"index, follow, max-snippet:-1, max-image-preview:large, max-video-preview:-1\" \/>\n<link rel=\"canonical\" href=\"https:\/\/frankrijkvakantiewoning.com\/vakantiewoning_barbet\/chateau-de-barbet\/\" \/>\n<meta property=\"og:locale\" content=\"fr_FR\" \/>\n<meta property=\"og:type\" content=\"article\" \/>\n<meta property=\"og:title\" content=\"Ch\u00e2teau de Barbet - frankrijkvakantiewoningen\" \/>\n<meta property=\"og:description\" content=\"Ch\u00e2teau et parc Officiellement, l&rsquo;ancien domaine de la famille De Scorbiac s&rsquo;appelle d\u00e9sormais \u00ab\u00a0Parc Residenti\u00ebl Ch\u00e2teau de Barbet\u00a0\u00bb. L&rsquo;histoire du ch\u00e2teau remonte \u00e0 plus de trois si\u00e8cles. A la fin du si\u00e8cle dernier, 180 maisons ont \u00e9t\u00e9 construites par phases sur de vastes parcelles du parc de 22 hectares. Pour r\u00e9sidence permanente ou usage r\u00e9cr\u00e9atif. Au rez-de-chauss\u00e9e se trouve le restaurant \u00ab\u00a0Le Paris Go\u00a0\u00bb, \u00e0 c\u00f4t\u00e9 d&rsquo;une brasserie, une salle de billard et des espaces communs. Au premier \u00e9tage se trouvent des salles de r\u00e9union et une biblioth\u00e8que accessible aux propri\u00e9taires et aux locataires. L&rsquo;accueil du parc est situ\u00e9 dans...\" \/>\n<meta property=\"og:url\" content=\"https:\/\/frankrijkvakantiewoning.com\/vakantiewoning_barbet\/chateau-de-barbet\/\" \/>\n<meta property=\"og:site_name\" content=\"frankrijkvakantiewoningen\" \/>\n<meta property=\"article:publisher\" content=\"https:\/\/www.facebook.com\/FrankrijkVakantiehuis\" \/>\n<meta property=\"article:modified_time\" content=\"2019-12-02T22:24:24+00:00\" \/>\n<meta property=\"og:image\" content=\"https:\/\/frankrijkvakantiewoning.com\/wp-content\/uploads\/2018\/11\/chateau-bij-avond-e1547399692492.jpg\" \/>\n\t<meta property=\"og:image:width\" content=\"1000\" \/>\n\t<meta property=\"og:image:height\" content=\"238\" \/>\n\t<meta property=\"og:image:type\" content=\"image\/jpeg\" \/>\n<meta name=\"twitter:card\" content=\"summary_large_image\" \/>\n<meta name=\"twitter:label1\" content=\"Dur\u00e9e de lecture estim\u00e9e\" \/>\n\t<meta name=\"twitter:data1\" content=\"6 minutes\" \/>\n<script type=\"application\/ld+json\" class=\"yoast-schema-graph\">{\"@context\":\"https:\/\/schema.org\",\"@graph\":[{\"@type\":\"WebPage\",\"@id\":\"https:\/\/frankrijkvakantiewoning.com\/vakantiewoning_barbet\/chateau-de-barbet\/\",\"url\":\"https:\/\/frankrijkvakantiewoning.com\/vakantiewoning_barbet\/chateau-de-barbet\/\",\"name\":\"Ch\u00e2teau de Barbet - frankrijkvakantiewoningen\",\"isPartOf\":{\"@id\":\"https:\/\/frankrijkvakantiewoning.com\/#website\"},\"primaryImageOfPage\":{\"@id\":\"https:\/\/frankrijkvakantiewoning.com\/vakantiewoning_barbet\/chateau-de-barbet\/#primaryimage\"},\"image\":{\"@id\":\"https:\/\/frankrijkvakantiewoning.com\/vakantiewoning_barbet\/chateau-de-barbet\/#primaryimage\"},\"thumbnailUrl\":\"https:\/\/frankrijkvakantiewoning.com\/wp-content\/uploads\/2018\/11\/chateau-bij-avond-e1547399692492.jpg\",\"datePublished\":\"2018-11-17T14:46:01+00:00\",\"dateModified\":\"2019-12-02T22:24:24+00:00\",\"breadcrumb\":{\"@id\":\"https:\/\/frankrijkvakantiewoning.com\/vakantiewoning_barbet\/chateau-de-barbet\/#breadcrumb\"},\"inLanguage\":\"fr-FR\",\"potentialAction\":[{\"@type\":\"ReadAction\",\"target\":[\"https:\/\/frankrijkvakantiewoning.com\/vakantiewoning_barbet\/chateau-de-barbet\/\"]}]},{\"@type\":\"ImageObject\",\"inLanguage\":\"fr-FR\",\"@id\":\"https:\/\/frankrijkvakantiewoning.com\/vakantiewoning_barbet\/chateau-de-barbet\/#primaryimage\",\"url\":\"https:\/\/frankrijkvakantiewoning.com\/wp-content\/uploads\/2018\/11\/chateau-bij-avond-e1547399692492.jpg\",\"contentUrl\":\"https:\/\/frankrijkvakantiewoning.com\/wp-content\/uploads\/2018\/11\/chateau-bij-avond-e1547399692492.jpg\",\"width\":1000,\"height\":238},{\"@type\":\"BreadcrumbList\",\"@id\":\"https:\/\/frankrijkvakantiewoning.com\/vakantiewoning_barbet\/chateau-de-barbet\/#breadcrumb\",\"itemListElement\":[{\"@type\":\"ListItem\",\"position\":1,\"name\":\"Home\",\"item\":\"https:\/\/frankrijkvakantiewoning.com\/\"},{\"@type\":\"ListItem\",\"position\":2,\"name\":\"6-Persoons Vakantiewoning in Zuid Frankrijk | Villa Barbet#40\",\"item\":\"https:\/\/frankrijkvakantiewoning.com\/vakantiewoning_barbet\/\"},{\"@type\":\"ListItem\",\"position\":3,\"name\":\"Ch\u00e2teau de Barbet\"}]},{\"@type\":\"WebSite\",\"@id\":\"https:\/\/frankrijkvakantiewoning.com\/#website\",\"url\":\"https:\/\/frankrijkvakantiewoning.com\/\",\"name\":\"Vakantievilla Barbet #40 | Zuid-Frankrijk\",\"description\":\"Maison confortable pour 6 personnes sur 5*****parc Ch\u00e2teau de Barbet !\",\"publisher\":{\"@id\":\"https:\/\/frankrijkvakantiewoning.com\/#organization\"},\"potentialAction\":[{\"@type\":\"SearchAction\",\"target\":{\"@type\":\"EntryPoint\",\"urlTemplate\":\"https:\/\/frankrijkvakantiewoning.com\/?s={search_term_string}\"},\"query-input\":{\"@type\":\"PropertyValueSpecification\",\"valueRequired\":true,\"valueName\":\"search_term_string\"}}],\"inLanguage\":\"fr-FR\"},{\"@type\":\"Organization\",\"@id\":\"https:\/\/frankrijkvakantiewoning.com\/#organization\",\"name\":\"Adfino Beheer BV\",\"url\":\"https:\/\/frankrijkvakantiewoning.com\/\",\"logo\":{\"@type\":\"ImageObject\",\"inLanguage\":\"fr-FR\",\"@id\":\"https:\/\/frankrijkvakantiewoning.com\/#\/schema\/logo\/image\/\",\"url\":\"https:\/\/frankrijkvakantiewoning.com\/wp-content\/uploads\/2017\/01\/Adfinologo100pix.png\",\"contentUrl\":\"https:\/\/frankrijkvakantiewoning.com\/wp-content\/uploads\/2017\/01\/Adfinologo100pix.png\",\"width\":100,\"height\":57,\"caption\":\"Adfino Beheer BV\"},\"image\":{\"@id\":\"https:\/\/frankrijkvakantiewoning.com\/#\/schema\/logo\/image\/\"},\"sameAs\":[\"https:\/\/www.facebook.com\/FrankrijkVakantiehuis\"]}]}<\/script>\n<!-- \/ Yoast SEO plugin. -->","yoast_head_json":{"title":"Ch\u00e2teau de Barbet - frankrijkvakantiewoningen","robots":{"index":"index","follow":"follow","max-snippet":"max-snippet:-1","max-image-preview":"max-image-preview:large","max-video-preview":"max-video-preview:-1"},"canonical":"https:\/\/frankrijkvakantiewoning.com\/vakantiewoning_barbet\/chateau-de-barbet\/","og_locale":"fr_FR","og_type":"article","og_title":"Ch\u00e2teau de Barbet - frankrijkvakantiewoningen","og_description":"Ch\u00e2teau et parc Officiellement, l&rsquo;ancien domaine de la famille De Scorbiac s&rsquo;appelle d\u00e9sormais \u00ab\u00a0Parc Residenti\u00ebl Ch\u00e2teau de Barbet\u00a0\u00bb. L&rsquo;histoire du ch\u00e2teau remonte \u00e0 plus de trois si\u00e8cles. A la fin du si\u00e8cle dernier, 180 maisons ont \u00e9t\u00e9 construites par phases sur de vastes parcelles du parc de 22 hectares. Pour r\u00e9sidence permanente ou usage r\u00e9cr\u00e9atif. Au rez-de-chauss\u00e9e se trouve le restaurant \u00ab\u00a0Le Paris Go\u00a0\u00bb, \u00e0 c\u00f4t\u00e9 d&rsquo;une brasserie, une salle de billard et des espaces communs. Au premier \u00e9tage se trouvent des salles de r\u00e9union et une biblioth\u00e8que accessible aux propri\u00e9taires et aux locataires. L&rsquo;accueil du parc est situ\u00e9 dans...","og_url":"https:\/\/frankrijkvakantiewoning.com\/vakantiewoning_barbet\/chateau-de-barbet\/","og_site_name":"frankrijkvakantiewoningen","article_publisher":"https:\/\/www.facebook.com\/FrankrijkVakantiehuis","article_modified_time":"2019-12-02T22:24:24+00:00","og_image":[{"width":1000,"height":238,"url":"https:\/\/frankrijkvakantiewoning.com\/wp-content\/uploads\/2018\/11\/chateau-bij-avond-e1547399692492.jpg","type":"image\/jpeg"}],"twitter_card":"summary_large_image","twitter_misc":{"Dur\u00e9e de lecture estim\u00e9e":"6 minutes"},"schema":{"@context":"https:\/\/schema.org","@graph":[{"@type":"WebPage","@id":"https:\/\/frankrijkvakantiewoning.com\/vakantiewoning_barbet\/chateau-de-barbet\/","url":"https:\/\/frankrijkvakantiewoning.com\/vakantiewoning_barbet\/chateau-de-barbet\/","name":"Ch\u00e2teau de Barbet - frankrijkvakantiewoningen","isPartOf":{"@id":"https:\/\/frankrijkvakantiewoning.com\/#website"},"primaryImageOfPage":{"@id":"https:\/\/frankrijkvakantiewoning.com\/vakantiewoning_barbet\/chateau-de-barbet\/#primaryimage"},"image":{"@id":"https:\/\/frankrijkvakantiewoning.com\/vakantiewoning_barbet\/chateau-de-barbet\/#primaryimage"},"thumbnailUrl":"https:\/\/frankrijkvakantiewoning.com\/wp-content\/uploads\/2018\/11\/chateau-bij-avond-e1547399692492.jpg","datePublished":"2018-11-17T14:46:01+00:00","dateModified":"2019-12-02T22:24:24+00:00","breadcrumb":{"@id":"https:\/\/frankrijkvakantiewoning.com\/vakantiewoning_barbet\/chateau-de-barbet\/#breadcrumb"},"inLanguage":"fr-FR","potentialAction":[{"@type":"ReadAction","target":["https:\/\/frankrijkvakantiewoning.com\/vakantiewoning_barbet\/chateau-de-barbet\/"]}]},{"@type":"ImageObject","inLanguage":"fr-FR","@id":"https:\/\/frankrijkvakantiewoning.com\/vakantiewoning_barbet\/chateau-de-barbet\/#primaryimage","url":"https:\/\/frankrijkvakantiewoning.com\/wp-content\/uploads\/2018\/11\/chateau-bij-avond-e1547399692492.jpg","contentUrl":"https:\/\/frankrijkvakantiewoning.com\/wp-content\/uploads\/2018\/11\/chateau-bij-avond-e1547399692492.jpg","width":1000,"height":238},{"@type":"BreadcrumbList","@id":"https:\/\/frankrijkvakantiewoning.com\/vakantiewoning_barbet\/chateau-de-barbet\/#breadcrumb","itemListElement":[{"@type":"ListItem","position":1,"name":"Home","item":"https:\/\/frankrijkvakantiewoning.com\/"},{"@type":"ListItem","position":2,"name":"6-Persoons Vakantiewoning in Zuid Frankrijk | Villa Barbet#40","item":"https:\/\/frankrijkvakantiewoning.com\/vakantiewoning_barbet\/"},{"@type":"ListItem","position":3,"name":"Ch\u00e2teau de Barbet"}]},{"@type":"WebSite","@id":"https:\/\/frankrijkvakantiewoning.com\/#website","url":"https:\/\/frankrijkvakantiewoning.com\/","name":"Vakantievilla Barbet #40 | Zuid-Frankrijk","description":"Maison confortable pour 6 personnes sur 5*****parc Ch\u00e2teau de Barbet !","publisher":{"@id":"https:\/\/frankrijkvakantiewoning.com\/#organization"},"potentialAction":[{"@type":"SearchAction","target":{"@type":"EntryPoint","urlTemplate":"https:\/\/frankrijkvakantiewoning.com\/?s={search_term_string}"},"query-input":{"@type":"PropertyValueSpecification","valueRequired":true,"valueName":"search_term_string"}}],"inLanguage":"fr-FR"},{"@type":"Organization","@id":"https:\/\/frankrijkvakantiewoning.com\/#organization","name":"Adfino Beheer BV","url":"https:\/\/frankrijkvakantiewoning.com\/","logo":{"@type":"ImageObject","inLanguage":"fr-FR","@id":"https:\/\/frankrijkvakantiewoning.com\/#\/schema\/logo\/image\/","url":"https:\/\/frankrijkvakantiewoning.com\/wp-content\/uploads\/2017\/01\/Adfinologo100pix.png","contentUrl":"https:\/\/frankrijkvakantiewoning.com\/wp-content\/uploads\/2017\/01\/Adfinologo100pix.png","width":100,"height":57,"caption":"Adfino Beheer BV"},"image":{"@id":"https:\/\/frankrijkvakantiewoning.com\/#\/schema\/logo\/image\/"},"sameAs":["https:\/\/www.facebook.com\/FrankrijkVakantiehuis"]}]}},"_links":{"self":[{"href":"https:\/\/frankrijkvakantiewoning.com\/fr\/wp-json\/wp\/v2\/pages\/1058","targetHints":{"allow":["GET"]}}],"collection":[{"href":"https:\/\/frankrijkvakantiewoning.com\/fr\/wp-json\/wp\/v2\/pages"}],"about":[{"href":"https:\/\/frankrijkvakantiewoning.com\/fr\/wp-json\/wp\/v2\/types\/page"}],"author":[{"embeddable":true,"href":"https:\/\/frankrijkvakantiewoning.com\/fr\/wp-json\/wp\/v2\/users\/1"}],"replies":[{"embeddable":true,"href":"https:\/\/frankrijkvakantiewoning.com\/fr\/wp-json\/wp\/v2\/comments?post=1058"}],"version-history":[{"count":19,"href":"https:\/\/frankrijkvakantiewoning.com\/fr\/wp-json\/wp\/v2\/pages\/1058\/revisions"}],"predecessor-version":[{"id":1502,"href":"https:\/\/frankrijkvakantiewoning.com\/fr\/wp-json\/wp\/v2\/pages\/1058\/revisions\/1502"}],"up":[{"embeddable":true,"href":"https:\/\/frankrijkvakantiewoning.com\/fr\/wp-json\/wp\/v2\/pages\/15"}],"wp:featuredmedia":[{"embeddable":true,"href":"https:\/\/frankrijkvakantiewoning.com\/fr\/wp-json\/wp\/v2\/media\/1083"}],"wp:attachment":[{"href":"https:\/\/frankrijkvakantiewoning.com\/fr\/wp-json\/wp\/v2\/media?parent=1058"}],"wp:term":[{"taxonomy":"category","embeddable":true,"href":"https:\/\/frankrijkvakantiewoning.com\/fr\/wp-json\/wp\/v2\/categories?post=1058"},{"taxonomy":"post_tag","embeddable":true,"href":"https:\/\/frankrijkvakantiewoning.com\/fr\/wp-json\/wp\/v2\/tags?post=1058"}],"curies":[{"name":"wp","href":"https:\/\/api.w.org\/{rel}","templated":true}]}}