{"id":1493,"date":"2019-12-02T21:47:19","date_gmt":"2019-12-02T20:47:19","guid":{"rendered":"https:\/\/frankrijkvakantiewoning.com\/?page_id=1493"},"modified":"2026-02-14T15:16:07","modified_gmt":"2026-02-14T14:16:07","slug":"tour-de-france","status":"publish","type":"page","link":"https:\/\/frankrijkvakantiewoning.com\/fr\/activiteiten\/tour-de-france\/","title":{"rendered":"Tour de France"},"content":{"rendered":"<p><a href=\"https:\/\/frankrijkvakantiewoning.com\/wp-content\/uploads\/2018\/11\/Tour-de-FRANCE-2019.png\"><img loading=\"lazy\" decoding=\"async\" class=\"alignleft wp-image-1164\" src=\"https:\/\/frankrijkvakantiewoning.com\/wp-content\/uploads\/2018\/11\/Tour-de-FRANCE-2019-300x283.png\" alt=\"Tour de France\" width=\"200\" height=\"189\" srcset=\"https:\/\/frankrijkvakantiewoning.com\/wp-content\/uploads\/2018\/11\/Tour-de-FRANCE-2019-300x283.png 300w, https:\/\/frankrijkvakantiewoning.com\/wp-content\/uploads\/2018\/11\/Tour-de-FRANCE-2019-768x726.png 768w, https:\/\/frankrijkvakantiewoning.com\/wp-content\/uploads\/2018\/11\/Tour-de-FRANCE-2019.png 799w\" sizes=\"auto, (max-width: 200px) 100vw, 200px\" \/><\/a>Votre maison de vacances est proche de l&rsquo;itin\u00e9raire du Tour de France. Les voies d&rsquo;acc\u00e8s aux cols des Pyr\u00e9n\u00e9es traversent g\u00e9n\u00e9ralement la r\u00e9gion.<\/p>\n<p>En 2019 \u00e9galement, le Tour de France sera \u00e0 proximit\u00e9. La 12\u00e8me \u00e9tape se d\u00e9roule le 18 juillet de Toulouse \u00e0 Bagn\u00e8res-de-Bigorre. Une belle occasion de vivre ce spectacle cycliste de pr\u00e8s.<\/p>","protected":false},"excerpt":{"rendered":"<p>Votre maison de vacances est proche de l&rsquo;itin\u00e9raire du Tour de France. Les voies d&rsquo;acc\u00e8s aux cols des Pyr\u00e9n\u00e9es traversent g\u00e9n\u00e9ralement la r\u00e9gion. En 2019 \u00e9galement, le Tour de France sera \u00e0 proximit\u00e9. La 12\u00e8me \u00e9tape se d\u00e9roule le 18 juillet de Toulouse \u00e0 Bagn\u00e8res-de-Bigorre. Une belle occasion de vivre ce spectacle cycliste de pr\u00e8s.<\/p>\n","protected":false},"author":1,"featured_media":1594,"parent":29,"menu_order":0,"comment_status":"closed","ping_status":"closed","template":"","meta":{"footnotes":""},"categories":[],"tags":[],"class_list":["post-1493","page","type-page","status-publish","has-post-thumbnail","hentry"],"yoast_head":"<!-- This site is optimized with the Yoast SEO plugin v26.9 - https:\/\/yoast.com\/product\/yoast-seo-wordpress\/ -->\n<title>Tour de France - frankrijkvakantiewoningen<\/title>\n<meta name=\"robots\" content=\"index, follow, max-snippet:-1, max-image-preview:large, max-video-preview:-1\" \/>\n<link rel=\"canonical\" href=\"https:\/\/frankrijkvakantiewoning.com\/activiteiten\/tour-de-france\/\" \/>\n<meta property=\"og:locale\" content=\"fr_FR\" \/>\n<meta property=\"og:type\" content=\"article\" \/>\n<meta property=\"og:title\" content=\"Tour de France - frankrijkvakantiewoningen\" \/>\n<meta property=\"og:description\" content=\"Votre maison de vacances est proche de l&rsquo;itin\u00e9raire du Tour de France. Les voies d&rsquo;acc\u00e8s aux cols des Pyr\u00e9n\u00e9es traversent g\u00e9n\u00e9ralement la r\u00e9gion. En 2019 \u00e9galement, le Tour de France sera \u00e0 proximit\u00e9. La 12\u00e8me \u00e9tape se d\u00e9roule le 18 juillet de Toulouse \u00e0 Bagn\u00e8res-de-Bigorre. Une belle occasion de vivre ce spectacle cycliste de pr\u00e8s.\" \/>\n<meta property=\"og:url\" content=\"https:\/\/frankrijkvakantiewoning.com\/activiteiten\/tour-de-france\/\" \/>\n<meta property=\"og:site_name\" content=\"frankrijkvakantiewoningen\" \/>\n<meta property=\"article:publisher\" content=\"https:\/\/www.facebook.com\/FrankrijkVakantiehuis\" \/>\n<meta property=\"article:modified_time\" content=\"2026-02-14T14:16:07+00:00\" \/>\n<meta property=\"og:image\" content=\"https:\/\/frankrijkvakantiewoning.com\/wp-content\/uploads\/2026\/02\/CBF85BF9-57F0-4704-9C83-4C7C36DBE451_1_102_o-e1771078239959.jpeg\" \/>\n\t<meta property=\"og:image:width\" content=\"2048\" \/>\n\t<meta property=\"og:image:height\" content=\"512\" \/>\n\t<meta property=\"og:image:type\" content=\"image\/jpeg\" \/>\n<meta name=\"twitter:card\" content=\"summary_large_image\" \/>\n<meta name=\"twitter:label1\" content=\"Dur\u00e9e de lecture estim\u00e9e\" \/>\n\t<meta name=\"twitter:data1\" content=\"1 minute\" \/>\n<script type=\"application\/ld+json\" class=\"yoast-schema-graph\">{\"@context\":\"https:\/\/schema.org\",\"@graph\":[{\"@type\":\"WebPage\",\"@id\":\"https:\/\/frankrijkvakantiewoning.com\/activiteiten\/tour-de-france\/\",\"url\":\"https:\/\/frankrijkvakantiewoning.com\/activiteiten\/tour-de-france\/\",\"name\":\"Tour de France - frankrijkvakantiewoningen\",\"isPartOf\":{\"@id\":\"https:\/\/frankrijkvakantiewoning.com\/#website\"},\"primaryImageOfPage\":{\"@id\":\"https:\/\/frankrijkvakantiewoning.com\/activiteiten\/tour-de-france\/#primaryimage\"},\"image\":{\"@id\":\"https:\/\/frankrijkvakantiewoning.com\/activiteiten\/tour-de-france\/#primaryimage\"},\"thumbnailUrl\":\"https:\/\/frankrijkvakantiewoning.com\/wp-content\/uploads\/2026\/02\/CBF85BF9-57F0-4704-9C83-4C7C36DBE451_1_102_o-e1771078239959.jpeg\",\"datePublished\":\"2019-12-02T20:47:19+00:00\",\"dateModified\":\"2026-02-14T14:16:07+00:00\",\"breadcrumb\":{\"@id\":\"https:\/\/frankrijkvakantiewoning.com\/activiteiten\/tour-de-france\/#breadcrumb\"},\"inLanguage\":\"fr-FR\",\"potentialAction\":[{\"@type\":\"ReadAction\",\"target\":[\"https:\/\/frankrijkvakantiewoning.com\/activiteiten\/tour-de-france\/\"]}]},{\"@type\":\"ImageObject\",\"inLanguage\":\"fr-FR\",\"@id\":\"https:\/\/frankrijkvakantiewoning.com\/activiteiten\/tour-de-france\/#primaryimage\",\"url\":\"https:\/\/frankrijkvakantiewoning.com\/wp-content\/uploads\/2026\/02\/CBF85BF9-57F0-4704-9C83-4C7C36DBE451_1_102_o-e1771078239959.jpeg\",\"contentUrl\":\"https:\/\/frankrijkvakantiewoning.com\/wp-content\/uploads\/2026\/02\/CBF85BF9-57F0-4704-9C83-4C7C36DBE451_1_102_o-e1771078239959.jpeg\",\"width\":2048,\"height\":512},{\"@type\":\"BreadcrumbList\",\"@id\":\"https:\/\/frankrijkvakantiewoning.com\/activiteiten\/tour-de-france\/#breadcrumb\",\"itemListElement\":[{\"@type\":\"ListItem\",\"position\":1,\"name\":\"Home\",\"item\":\"https:\/\/frankrijkvakantiewoning.com\/\"},{\"@type\":\"ListItem\",\"position\":2,\"name\":\"Activiteiten\",\"item\":\"https:\/\/frankrijkvakantiewoning.com\/activiteiten\/\"},{\"@type\":\"ListItem\",\"position\":3,\"name\":\"Tour de France\"}]},{\"@type\":\"WebSite\",\"@id\":\"https:\/\/frankrijkvakantiewoning.com\/#website\",\"url\":\"https:\/\/frankrijkvakantiewoning.com\/\",\"name\":\"Vakantievilla Barbet #40 | Zuid-Frankrijk\",\"description\":\"Maison confortable pour 6 personnes sur 5*****parc Ch\u00e2teau de Barbet !\",\"publisher\":{\"@id\":\"https:\/\/frankrijkvakantiewoning.com\/#organization\"},\"potentialAction\":[{\"@type\":\"SearchAction\",\"target\":{\"@type\":\"EntryPoint\",\"urlTemplate\":\"https:\/\/frankrijkvakantiewoning.com\/?s={search_term_string}\"},\"query-input\":{\"@type\":\"PropertyValueSpecification\",\"valueRequired\":true,\"valueName\":\"search_term_string\"}}],\"inLanguage\":\"fr-FR\"},{\"@type\":\"Organization\",\"@id\":\"https:\/\/frankrijkvakantiewoning.com\/#organization\",\"name\":\"Adfino Beheer BV\",\"url\":\"https:\/\/frankrijkvakantiewoning.com\/\",\"logo\":{\"@type\":\"ImageObject\",\"inLanguage\":\"fr-FR\",\"@id\":\"https:\/\/frankrijkvakantiewoning.com\/#\/schema\/logo\/image\/\",\"url\":\"https:\/\/frankrijkvakantiewoning.com\/wp-content\/uploads\/2017\/01\/Adfinologo100pix.png\",\"contentUrl\":\"https:\/\/frankrijkvakantiewoning.com\/wp-content\/uploads\/2017\/01\/Adfinologo100pix.png\",\"width\":100,\"height\":57,\"caption\":\"Adfino Beheer BV\"},\"image\":{\"@id\":\"https:\/\/frankrijkvakantiewoning.com\/#\/schema\/logo\/image\/\"},\"sameAs\":[\"https:\/\/www.facebook.com\/FrankrijkVakantiehuis\"]}]}<\/script>\n<!-- \/ Yoast SEO plugin. -->","yoast_head_json":{"title":"Tour de France - frankrijkvakantiewoningen","robots":{"index":"index","follow":"follow","max-snippet":"max-snippet:-1","max-image-preview":"max-image-preview:large","max-video-preview":"max-video-preview:-1"},"canonical":"https:\/\/frankrijkvakantiewoning.com\/activiteiten\/tour-de-france\/","og_locale":"fr_FR","og_type":"article","og_title":"Tour de France - frankrijkvakantiewoningen","og_description":"Votre maison de vacances est proche de l&rsquo;itin\u00e9raire du Tour de France. Les voies d&rsquo;acc\u00e8s aux cols des Pyr\u00e9n\u00e9es traversent g\u00e9n\u00e9ralement la r\u00e9gion. En 2019 \u00e9galement, le Tour de France sera \u00e0 proximit\u00e9. La 12\u00e8me \u00e9tape se d\u00e9roule le 18 juillet de Toulouse \u00e0 Bagn\u00e8res-de-Bigorre. Une belle occasion de vivre ce spectacle cycliste de pr\u00e8s.","og_url":"https:\/\/frankrijkvakantiewoning.com\/activiteiten\/tour-de-france\/","og_site_name":"frankrijkvakantiewoningen","article_publisher":"https:\/\/www.facebook.com\/FrankrijkVakantiehuis","article_modified_time":"2026-02-14T14:16:07+00:00","og_image":[{"width":2048,"height":512,"url":"https:\/\/frankrijkvakantiewoning.com\/wp-content\/uploads\/2026\/02\/CBF85BF9-57F0-4704-9C83-4C7C36DBE451_1_102_o-e1771078239959.jpeg","type":"image\/jpeg"}],"twitter_card":"summary_large_image","twitter_misc":{"Dur\u00e9e de lecture estim\u00e9e":"1 minute"},"schema":{"@context":"https:\/\/schema.org","@graph":[{"@type":"WebPage","@id":"https:\/\/frankrijkvakantiewoning.com\/activiteiten\/tour-de-france\/","url":"https:\/\/frankrijkvakantiewoning.com\/activiteiten\/tour-de-france\/","name":"Tour de France - frankrijkvakantiewoningen","isPartOf":{"@id":"https:\/\/frankrijkvakantiewoning.com\/#website"},"primaryImageOfPage":{"@id":"https:\/\/frankrijkvakantiewoning.com\/activiteiten\/tour-de-france\/#primaryimage"},"image":{"@id":"https:\/\/frankrijkvakantiewoning.com\/activiteiten\/tour-de-france\/#primaryimage"},"thumbnailUrl":"https:\/\/frankrijkvakantiewoning.com\/wp-content\/uploads\/2026\/02\/CBF85BF9-57F0-4704-9C83-4C7C36DBE451_1_102_o-e1771078239959.jpeg","datePublished":"2019-12-02T20:47:19+00:00","dateModified":"2026-02-14T14:16:07+00:00","breadcrumb":{"@id":"https:\/\/frankrijkvakantiewoning.com\/activiteiten\/tour-de-france\/#breadcrumb"},"inLanguage":"fr-FR","potentialAction":[{"@type":"ReadAction","target":["https:\/\/frankrijkvakantiewoning.com\/activiteiten\/tour-de-france\/"]}]},{"@type":"ImageObject","inLanguage":"fr-FR","@id":"https:\/\/frankrijkvakantiewoning.com\/activiteiten\/tour-de-france\/#primaryimage","url":"https:\/\/frankrijkvakantiewoning.com\/wp-content\/uploads\/2026\/02\/CBF85BF9-57F0-4704-9C83-4C7C36DBE451_1_102_o-e1771078239959.jpeg","contentUrl":"https:\/\/frankrijkvakantiewoning.com\/wp-content\/uploads\/2026\/02\/CBF85BF9-57F0-4704-9C83-4C7C36DBE451_1_102_o-e1771078239959.jpeg","width":2048,"height":512},{"@type":"BreadcrumbList","@id":"https:\/\/frankrijkvakantiewoning.com\/activiteiten\/tour-de-france\/#breadcrumb","itemListElement":[{"@type":"ListItem","position":1,"name":"Home","item":"https:\/\/frankrijkvakantiewoning.com\/"},{"@type":"ListItem","position":2,"name":"Activiteiten","item":"https:\/\/frankrijkvakantiewoning.com\/activiteiten\/"},{"@type":"ListItem","position":3,"name":"Tour de France"}]},{"@type":"WebSite","@id":"https:\/\/frankrijkvakantiewoning.com\/#website","url":"https:\/\/frankrijkvakantiewoning.com\/","name":"Vakantievilla Barbet #40 | Zuid-Frankrijk","description":"Maison confortable pour 6 personnes sur 5*****parc Ch\u00e2teau de Barbet !","publisher":{"@id":"https:\/\/frankrijkvakantiewoning.com\/#organization"},"potentialAction":[{"@type":"SearchAction","target":{"@type":"EntryPoint","urlTemplate":"https:\/\/frankrijkvakantiewoning.com\/?s={search_term_string}"},"query-input":{"@type":"PropertyValueSpecification","valueRequired":true,"valueName":"search_term_string"}}],"inLanguage":"fr-FR"},{"@type":"Organization","@id":"https:\/\/frankrijkvakantiewoning.com\/#organization","name":"Adfino Beheer BV","url":"https:\/\/frankrijkvakantiewoning.com\/","logo":{"@type":"ImageObject","inLanguage":"fr-FR","@id":"https:\/\/frankrijkvakantiewoning.com\/#\/schema\/logo\/image\/","url":"https:\/\/frankrijkvakantiewoning.com\/wp-content\/uploads\/2017\/01\/Adfinologo100pix.png","contentUrl":"https:\/\/frankrijkvakantiewoning.com\/wp-content\/uploads\/2017\/01\/Adfinologo100pix.png","width":100,"height":57,"caption":"Adfino Beheer BV"},"image":{"@id":"https:\/\/frankrijkvakantiewoning.com\/#\/schema\/logo\/image\/"},"sameAs":["https:\/\/www.facebook.com\/FrankrijkVakantiehuis"]}]}},"_links":{"self":[{"href":"https:\/\/frankrijkvakantiewoning.com\/fr\/wp-json\/wp\/v2\/pages\/1493","targetHints":{"allow":["GET"]}}],"collection":[{"href":"https:\/\/frankrijkvakantiewoning.com\/fr\/wp-json\/wp\/v2\/pages"}],"about":[{"href":"https:\/\/frankrijkvakantiewoning.com\/fr\/wp-json\/wp\/v2\/types\/page"}],"author":[{"embeddable":true,"href":"https:\/\/frankrijkvakantiewoning.com\/fr\/wp-json\/wp\/v2\/users\/1"}],"replies":[{"embeddable":true,"href":"https:\/\/frankrijkvakantiewoning.com\/fr\/wp-json\/wp\/v2\/comments?post=1493"}],"version-history":[{"count":6,"href":"https:\/\/frankrijkvakantiewoning.com\/fr\/wp-json\/wp\/v2\/pages\/1493\/revisions"}],"predecessor-version":[{"id":1598,"href":"https:\/\/frankrijkvakantiewoning.com\/fr\/wp-json\/wp\/v2\/pages\/1493\/revisions\/1598"}],"up":[{"embeddable":true,"href":"https:\/\/frankrijkvakantiewoning.com\/fr\/wp-json\/wp\/v2\/pages\/29"}],"wp:featuredmedia":[{"embeddable":true,"href":"https:\/\/frankrijkvakantiewoning.com\/fr\/wp-json\/wp\/v2\/media\/1594"}],"wp:attachment":[{"href":"https:\/\/frankrijkvakantiewoning.com\/fr\/wp-json\/wp\/v2\/media?parent=1493"}],"wp:term":[{"taxonomy":"category","embeddable":true,"href":"https:\/\/frankrijkvakantiewoning.com\/fr\/wp-json\/wp\/v2\/categories?post=1493"},{"taxonomy":"post_tag","embeddable":true,"href":"https:\/\/frankrijkvakantiewoning.com\/fr\/wp-json\/wp\/v2\/tags?post=1493"}],"curies":[{"name":"wp","href":"https:\/\/api.w.org\/{rel}","templated":true}]}}