{"id":15,"date":"2017-01-16T22:46:54","date_gmt":"2017-01-16T21:46:54","guid":{"rendered":"https:\/\/frankrijkvakantiewoning.com\/?page_id=15"},"modified":"2019-12-26T16:29:12","modified_gmt":"2019-12-26T15:29:12","slug":"vakantiewoning_barbet","status":"publish","type":"page","link":"https:\/\/frankrijkvakantiewoning.com\/fr\/vakantiewoning_barbet\/","title":{"rendered":"Villa Barbet#40 | Maisons de vacances pour 6 personnes dans le sud de la France"},"content":{"rendered":"<p><\/p>\n<h3>La villa num\u00e9ro 40 est du type&rsquo;Gers II&rsquo; et est d\u00e9cor\u00e9e avec go\u00fbt.<\/h3>\n<div id=\"attachment_948\" style=\"width: 210px\" class=\"wp-caption alignright\"><a href=\"https:\/\/frankrijkvakantiewoning.com\/wp-content\/uploads\/2019\/10\/IMG_1926.jpg\"><img loading=\"lazy\" decoding=\"async\" aria-describedby=\"caption-attachment-948\" class=\"wp-image-948\" src=\"https:\/\/frankrijkvakantiewoning.com\/wp-content\/uploads\/2019\/10\/IMG_1926-300x225.jpg\" alt=\"\" width=\"200\" height=\"150\" \/><\/a><p id=\"caption-attachment-948\" class=\"wp-caption-text\"><center>Si\u00e8ges \u00e0 l&rsquo;avant<\/center><\/p><\/div>\n<p>Il dispose de toutes les facilit\u00e9s pour un s\u00e9jour confortable : Le grand salon dispose d&rsquo;un salon et d&rsquo;une salle \u00e0 manger s\u00e9par\u00e9s et est confortablement meubl\u00e9. De part et d&rsquo;autre du salon se trouvent des portes donnant acc\u00e8s aux 2 terrasses.<\/p>\n<p>La cuisine ouverte est enti\u00e8rement \u00e9quip\u00e9e : cafeti\u00e8re (et Senseo), r\u00e9frig\u00e9rateur avec cong\u00e9lateur s\u00e9par\u00e9, quatre plaques de cuisson en c\u00e9ramique, four, micro-ondes et lave-vaisselle. Dans le d\u00e9barras se trouve une machine \u00e0 laver et s\u00e9choir \u00e0 linge.<\/p>\n<div id=\"attachment_940\" style=\"width: 210px\" class=\"wp-caption alignleft\"><a href=\"https:\/\/frankrijkvakantiewoning.com\/wp-content\/uploads\/2019\/10\/IMG_1924.jpg\"><img loading=\"lazy\" decoding=\"async\" aria-describedby=\"caption-attachment-940\" class=\"wp-image-940\" src=\"https:\/\/frankrijkvakantiewoning.com\/wp-content\/uploads\/2019\/10\/IMG_1924-300x225.jpg\" alt=\"\" width=\"200\" height=\"150\" \/><\/a><p id=\"caption-attachment-940\" class=\"wp-caption-text\"><center>Coin repas<\/center><\/p><\/div>\n<p>La villa dispose \u00e9galement d&rsquo;une radio, d&rsquo;un lecteur CD, d&rsquo;un lecteur DVD et d&rsquo;une t\u00e9l\u00e9vision avec r\u00e9ception satellite des cha\u00eenes n\u00e9erlandaises et d&rsquo;un acc\u00e8s Internet sans fil (fibre de verre).<\/p>\n<p>Le rez-de-chauss\u00e9e est chauff\u00e9 par le sol ; le chauffage des chambres peut \u00eatre r\u00e9gl\u00e9 par pi\u00e8ce. Il y a trois chambres doubles avec de confortables lits sommiers \u00e0 ressorts ; une chambre au rez-de-chauss\u00e9e et deux au premier \u00e9tage. La luxueuse salle de bains avec baignoire \u00e0 bulles, douche et WC, ainsi que le 2\u00e8me WC s\u00e9par\u00e9, compl\u00e8tent la villa en un s\u00e9jour tr\u00e8s agr\u00e9able.\u00a0Les lits sont d\u00e9j\u00e0 faits pour vous \u00e0 votre arriv\u00e9e !<\/p>\n<p>La maison est entour\u00e9e d&rsquo;un grand jardin (environ 730 m2) avec deux terrasses et barbecue en pierre. Le jardin est enti\u00e8rement cl\u00f4tur\u00e9, donc pas d&rsquo;inqui\u00e9tude pour les enfants ou les chiens qui s&rsquo;enfuient. Ouvert toute l&rsquo;ann\u00e9e. Peut accueillir jusqu&rsquo;\u00e0 6 personnes.<\/p>\n<p>S\u00e9lectionnez \u00ab\u00a0<a href=\"https:\/\/frankrijkvakantiewoning.com\/vakantievilla_barbet\/faciliteiten\/\">facilit\u00e9s<\/a>\u00a0\u00bb dans le menu pour une description suppl\u00e9mentaire.<\/p>\n<p>&nbsp;<\/p>","protected":false},"excerpt":{"rendered":"<p>La villa num\u00e9ro 40 est du type&rsquo;Gers II&rsquo; et est d\u00e9cor\u00e9e avec go\u00fbt. Il dispose de toutes les facilit\u00e9s pour un s\u00e9jour confortable : Le grand salon dispose d&rsquo;un salon et d&rsquo;une salle \u00e0 manger s\u00e9par\u00e9s et est confortablement meubl\u00e9. De part et d&rsquo;autre du salon se trouvent des portes donnant acc\u00e8s aux 2 terrasses. La cuisine ouverte est enti\u00e8rement \u00e9quip\u00e9e : cafeti\u00e8re (et Senseo), r\u00e9frig\u00e9rateur avec cong\u00e9lateur s\u00e9par\u00e9, quatre plaques de cuisson en c\u00e9ramique, four, micro-ondes et lave-vaisselle. Dans le d\u00e9barras se trouve une machine \u00e0 laver et s\u00e9choir \u00e0 linge. La villa dispose \u00e9galement d&rsquo;une radio, d&rsquo;un lecteur&#8230; <\/p>\n","protected":false},"author":1,"featured_media":919,"parent":0,"menu_order":0,"comment_status":"closed","ping_status":"closed","template":"","meta":{"footnotes":""},"categories":[],"tags":[],"class_list":["post-15","page","type-page","status-publish","has-post-thumbnail","hentry"],"yoast_head":"<!-- This site is optimized with the Yoast SEO plugin v26.9 - https:\/\/yoast.com\/product\/yoast-seo-wordpress\/ -->\n<title>6-Persoons Vakantiewoning in Zuid Frankrijk | Villa Barbet#40<\/title>\n<meta name=\"description\" content=\"Zoekt u een 6-persoons vakantiewoning in Zuid Frankrijk? Ervaar comfort en luxe in ons &quot;Villa Barbet #40&quot; op vakantiepark Ch\u00e2teau de Barbet in Lombez.\" \/>\n<meta name=\"robots\" content=\"index, follow, max-snippet:-1, max-image-preview:large, max-video-preview:-1\" \/>\n<link rel=\"canonical\" href=\"https:\/\/frankrijkvakantiewoning.com\/vakantiewoning_barbet\/\" \/>\n<meta property=\"og:locale\" content=\"fr_FR\" \/>\n<meta property=\"og:type\" content=\"article\" \/>\n<meta property=\"og:title\" content=\"6-Persoons Vakantiewoning in Zuid Frankrijk | Villa Barbet#40\" \/>\n<meta property=\"og:description\" content=\"Zoekt u een 6-persoons vakantiewoning in Zuid Frankrijk? Ervaar comfort en luxe in ons &quot;Villa Barbet #40&quot; op vakantiepark Ch\u00e2teau de Barbet in Lombez.\" \/>\n<meta property=\"og:url\" content=\"https:\/\/frankrijkvakantiewoning.com\/vakantiewoning_barbet\/\" \/>\n<meta property=\"og:site_name\" content=\"frankrijkvakantiewoningen\" \/>\n<meta property=\"article:publisher\" content=\"https:\/\/www.facebook.com\/FrankrijkVakantiehuis\" \/>\n<meta property=\"article:modified_time\" content=\"2019-12-26T15:29:12+00:00\" \/>\n<meta property=\"og:image\" content=\"https:\/\/frankrijkvakantiewoning.com\/wp-content\/uploads\/2017\/12\/IMG_8803-e1547399553802.jpg\" \/>\n\t<meta property=\"og:image:width\" content=\"1000\" \/>\n\t<meta property=\"og:image:height\" content=\"240\" \/>\n\t<meta property=\"og:image:type\" content=\"image\/jpeg\" \/>\n<meta name=\"twitter:card\" content=\"summary_large_image\" \/>\n<meta name=\"twitter:label1\" content=\"Dur\u00e9e de lecture estim\u00e9e\" \/>\n\t<meta name=\"twitter:data1\" content=\"5 minutes\" \/>\n<script type=\"application\/ld+json\" class=\"yoast-schema-graph\">{\"@context\":\"https:\/\/schema.org\",\"@graph\":[{\"@type\":\"WebPage\",\"@id\":\"https:\/\/frankrijkvakantiewoning.com\/vakantiewoning_barbet\/\",\"url\":\"https:\/\/frankrijkvakantiewoning.com\/vakantiewoning_barbet\/\",\"name\":\"6-Persoons Vakantiewoning in Zuid Frankrijk | Villa Barbet#40\",\"isPartOf\":{\"@id\":\"https:\/\/frankrijkvakantiewoning.com\/#website\"},\"primaryImageOfPage\":{\"@id\":\"https:\/\/frankrijkvakantiewoning.com\/vakantiewoning_barbet\/#primaryimage\"},\"image\":{\"@id\":\"https:\/\/frankrijkvakantiewoning.com\/vakantiewoning_barbet\/#primaryimage\"},\"thumbnailUrl\":\"https:\/\/frankrijkvakantiewoning.com\/wp-content\/uploads\/2017\/12\/IMG_8803-e1547399553802.jpg\",\"datePublished\":\"2017-01-16T21:46:54+00:00\",\"dateModified\":\"2019-12-26T15:29:12+00:00\",\"description\":\"Zoekt u een 6-persoons vakantiewoning in Zuid Frankrijk? Ervaar comfort en luxe in ons \\\"Villa Barbet #40\\\" op vakantiepark Ch\u00e2teau de Barbet in Lombez.\",\"breadcrumb\":{\"@id\":\"https:\/\/frankrijkvakantiewoning.com\/vakantiewoning_barbet\/#breadcrumb\"},\"inLanguage\":\"fr-FR\",\"potentialAction\":[{\"@type\":\"ReadAction\",\"target\":[\"https:\/\/frankrijkvakantiewoning.com\/vakantiewoning_barbet\/\"]}]},{\"@type\":\"ImageObject\",\"inLanguage\":\"fr-FR\",\"@id\":\"https:\/\/frankrijkvakantiewoning.com\/vakantiewoning_barbet\/#primaryimage\",\"url\":\"https:\/\/frankrijkvakantiewoning.com\/wp-content\/uploads\/2017\/12\/IMG_8803-e1547399553802.jpg\",\"contentUrl\":\"https:\/\/frankrijkvakantiewoning.com\/wp-content\/uploads\/2017\/12\/IMG_8803-e1547399553802.jpg\",\"width\":1000,\"height\":240},{\"@type\":\"BreadcrumbList\",\"@id\":\"https:\/\/frankrijkvakantiewoning.com\/vakantiewoning_barbet\/#breadcrumb\",\"itemListElement\":[{\"@type\":\"ListItem\",\"position\":1,\"name\":\"Home\",\"item\":\"https:\/\/frankrijkvakantiewoning.com\/\"},{\"@type\":\"ListItem\",\"position\":2,\"name\":\"6-Persoons Vakantiewoning in Zuid Frankrijk | Villa Barbet#40\"}]},{\"@type\":\"WebSite\",\"@id\":\"https:\/\/frankrijkvakantiewoning.com\/#website\",\"url\":\"https:\/\/frankrijkvakantiewoning.com\/\",\"name\":\"Vakantievilla Barbet #40 | Zuid-Frankrijk\",\"description\":\"Maison confortable pour 6 personnes sur 5*****parc Ch\u00e2teau de Barbet !\",\"publisher\":{\"@id\":\"https:\/\/frankrijkvakantiewoning.com\/#organization\"},\"potentialAction\":[{\"@type\":\"SearchAction\",\"target\":{\"@type\":\"EntryPoint\",\"urlTemplate\":\"https:\/\/frankrijkvakantiewoning.com\/?s={search_term_string}\"},\"query-input\":{\"@type\":\"PropertyValueSpecification\",\"valueRequired\":true,\"valueName\":\"search_term_string\"}}],\"inLanguage\":\"fr-FR\"},{\"@type\":\"Organization\",\"@id\":\"https:\/\/frankrijkvakantiewoning.com\/#organization\",\"name\":\"Adfino Beheer BV\",\"url\":\"https:\/\/frankrijkvakantiewoning.com\/\",\"logo\":{\"@type\":\"ImageObject\",\"inLanguage\":\"fr-FR\",\"@id\":\"https:\/\/frankrijkvakantiewoning.com\/#\/schema\/logo\/image\/\",\"url\":\"https:\/\/frankrijkvakantiewoning.com\/wp-content\/uploads\/2017\/01\/Adfinologo100pix.png\",\"contentUrl\":\"https:\/\/frankrijkvakantiewoning.com\/wp-content\/uploads\/2017\/01\/Adfinologo100pix.png\",\"width\":100,\"height\":57,\"caption\":\"Adfino Beheer BV\"},\"image\":{\"@id\":\"https:\/\/frankrijkvakantiewoning.com\/#\/schema\/logo\/image\/\"},\"sameAs\":[\"https:\/\/www.facebook.com\/FrankrijkVakantiehuis\"]}]}<\/script>\n<!-- \/ Yoast SEO plugin. -->","yoast_head_json":{"title":"6-Persoons Vakantiewoning in Zuid Frankrijk | Villa Barbet#40","description":"Zoekt u een 6-persoons vakantiewoning in Zuid Frankrijk? Ervaar comfort en luxe in ons \"Villa Barbet #40\" op vakantiepark Ch\u00e2teau de Barbet in Lombez.","robots":{"index":"index","follow":"follow","max-snippet":"max-snippet:-1","max-image-preview":"max-image-preview:large","max-video-preview":"max-video-preview:-1"},"canonical":"https:\/\/frankrijkvakantiewoning.com\/vakantiewoning_barbet\/","og_locale":"fr_FR","og_type":"article","og_title":"6-Persoons Vakantiewoning in Zuid Frankrijk | Villa Barbet#40","og_description":"Zoekt u een 6-persoons vakantiewoning in Zuid Frankrijk? Ervaar comfort en luxe in ons \"Villa Barbet #40\" op vakantiepark Ch\u00e2teau de Barbet in Lombez.","og_url":"https:\/\/frankrijkvakantiewoning.com\/vakantiewoning_barbet\/","og_site_name":"frankrijkvakantiewoningen","article_publisher":"https:\/\/www.facebook.com\/FrankrijkVakantiehuis","article_modified_time":"2019-12-26T15:29:12+00:00","og_image":[{"width":1000,"height":240,"url":"https:\/\/frankrijkvakantiewoning.com\/wp-content\/uploads\/2017\/12\/IMG_8803-e1547399553802.jpg","type":"image\/jpeg"}],"twitter_card":"summary_large_image","twitter_misc":{"Dur\u00e9e de lecture estim\u00e9e":"5 minutes"},"schema":{"@context":"https:\/\/schema.org","@graph":[{"@type":"WebPage","@id":"https:\/\/frankrijkvakantiewoning.com\/vakantiewoning_barbet\/","url":"https:\/\/frankrijkvakantiewoning.com\/vakantiewoning_barbet\/","name":"6-Persoons Vakantiewoning in Zuid Frankrijk | Villa Barbet#40","isPartOf":{"@id":"https:\/\/frankrijkvakantiewoning.com\/#website"},"primaryImageOfPage":{"@id":"https:\/\/frankrijkvakantiewoning.com\/vakantiewoning_barbet\/#primaryimage"},"image":{"@id":"https:\/\/frankrijkvakantiewoning.com\/vakantiewoning_barbet\/#primaryimage"},"thumbnailUrl":"https:\/\/frankrijkvakantiewoning.com\/wp-content\/uploads\/2017\/12\/IMG_8803-e1547399553802.jpg","datePublished":"2017-01-16T21:46:54+00:00","dateModified":"2019-12-26T15:29:12+00:00","description":"Zoekt u een 6-persoons vakantiewoning in Zuid Frankrijk? Ervaar comfort en luxe in ons \"Villa Barbet #40\" op vakantiepark Ch\u00e2teau de Barbet in Lombez.","breadcrumb":{"@id":"https:\/\/frankrijkvakantiewoning.com\/vakantiewoning_barbet\/#breadcrumb"},"inLanguage":"fr-FR","potentialAction":[{"@type":"ReadAction","target":["https:\/\/frankrijkvakantiewoning.com\/vakantiewoning_barbet\/"]}]},{"@type":"ImageObject","inLanguage":"fr-FR","@id":"https:\/\/frankrijkvakantiewoning.com\/vakantiewoning_barbet\/#primaryimage","url":"https:\/\/frankrijkvakantiewoning.com\/wp-content\/uploads\/2017\/12\/IMG_8803-e1547399553802.jpg","contentUrl":"https:\/\/frankrijkvakantiewoning.com\/wp-content\/uploads\/2017\/12\/IMG_8803-e1547399553802.jpg","width":1000,"height":240},{"@type":"BreadcrumbList","@id":"https:\/\/frankrijkvakantiewoning.com\/vakantiewoning_barbet\/#breadcrumb","itemListElement":[{"@type":"ListItem","position":1,"name":"Home","item":"https:\/\/frankrijkvakantiewoning.com\/"},{"@type":"ListItem","position":2,"name":"6-Persoons Vakantiewoning in Zuid Frankrijk | Villa Barbet#40"}]},{"@type":"WebSite","@id":"https:\/\/frankrijkvakantiewoning.com\/#website","url":"https:\/\/frankrijkvakantiewoning.com\/","name":"Vakantievilla Barbet #40 | Zuid-Frankrijk","description":"Maison confortable pour 6 personnes sur 5*****parc Ch\u00e2teau de Barbet !","publisher":{"@id":"https:\/\/frankrijkvakantiewoning.com\/#organization"},"potentialAction":[{"@type":"SearchAction","target":{"@type":"EntryPoint","urlTemplate":"https:\/\/frankrijkvakantiewoning.com\/?s={search_term_string}"},"query-input":{"@type":"PropertyValueSpecification","valueRequired":true,"valueName":"search_term_string"}}],"inLanguage":"fr-FR"},{"@type":"Organization","@id":"https:\/\/frankrijkvakantiewoning.com\/#organization","name":"Adfino Beheer BV","url":"https:\/\/frankrijkvakantiewoning.com\/","logo":{"@type":"ImageObject","inLanguage":"fr-FR","@id":"https:\/\/frankrijkvakantiewoning.com\/#\/schema\/logo\/image\/","url":"https:\/\/frankrijkvakantiewoning.com\/wp-content\/uploads\/2017\/01\/Adfinologo100pix.png","contentUrl":"https:\/\/frankrijkvakantiewoning.com\/wp-content\/uploads\/2017\/01\/Adfinologo100pix.png","width":100,"height":57,"caption":"Adfino Beheer BV"},"image":{"@id":"https:\/\/frankrijkvakantiewoning.com\/#\/schema\/logo\/image\/"},"sameAs":["https:\/\/www.facebook.com\/FrankrijkVakantiehuis"]}]}},"_links":{"self":[{"href":"https:\/\/frankrijkvakantiewoning.com\/fr\/wp-json\/wp\/v2\/pages\/15","targetHints":{"allow":["GET"]}}],"collection":[{"href":"https:\/\/frankrijkvakantiewoning.com\/fr\/wp-json\/wp\/v2\/pages"}],"about":[{"href":"https:\/\/frankrijkvakantiewoning.com\/fr\/wp-json\/wp\/v2\/types\/page"}],"author":[{"embeddable":true,"href":"https:\/\/frankrijkvakantiewoning.com\/fr\/wp-json\/wp\/v2\/users\/1"}],"replies":[{"embeddable":true,"href":"https:\/\/frankrijkvakantiewoning.com\/fr\/wp-json\/wp\/v2\/comments?post=15"}],"version-history":[{"count":75,"href":"https:\/\/frankrijkvakantiewoning.com\/fr\/wp-json\/wp\/v2\/pages\/15\/revisions"}],"predecessor-version":[{"id":1505,"href":"https:\/\/frankrijkvakantiewoning.com\/fr\/wp-json\/wp\/v2\/pages\/15\/revisions\/1505"}],"wp:featuredmedia":[{"embeddable":true,"href":"https:\/\/frankrijkvakantiewoning.com\/fr\/wp-json\/wp\/v2\/media\/919"}],"wp:attachment":[{"href":"https:\/\/frankrijkvakantiewoning.com\/fr\/wp-json\/wp\/v2\/media?parent=15"}],"wp:term":[{"taxonomy":"category","embeddable":true,"href":"https:\/\/frankrijkvakantiewoning.com\/fr\/wp-json\/wp\/v2\/categories?post=15"},{"taxonomy":"post_tag","embeddable":true,"href":"https:\/\/frankrijkvakantiewoning.com\/fr\/wp-json\/wp\/v2\/tags?post=15"}],"curies":[{"name":"wp","href":"https:\/\/api.w.org\/{rel}","templated":true}]}}