{"id":29,"date":"2017-01-16T23:13:11","date_gmt":"2017-01-16T22:13:11","guid":{"rendered":"https:\/\/frankrijkvakantiewoning.com\/?page_id=29"},"modified":"2019-01-27T19:23:23","modified_gmt":"2019-01-27T18:23:23","slug":"activiteiten","status":"publish","type":"page","link":"https:\/\/frankrijkvakantiewoning.com\/fr\/activiteiten\/","title":{"rendered":"Les activit\u00e9s"},"content":{"rendered":"<p><\/p>\n<h3><strong>Centre d&rsquo;animation et de jeunesse.<\/strong><\/h3>\n<div style=\"width: 234px\" class=\"wp-caption alignright\"><img loading=\"lazy\" decoding=\"async\" src=\"http:\/\/www.adfinoverhuur.nl\/index_image2979.jpg\" alt=\"Waterpret in zwembad Chateau de Barbet\" width=\"224\" height=\"150\" \/><p class=\"wp-caption-text\"><center>Plaisir aquatique pour les enfants dans l&rsquo;une des trois piscines derri\u00e8re le Ch\u00e2teau.\u00a0<\/center><\/p><\/div>\n<p>Pendant la haute saison, il y a un programme complet d&rsquo;animation pour les jeunes, anim\u00e9 par une \u00e9quipe de professionnels avec des activit\u00e9s qui changent tous les jours, de la fabrication de beaux masques aux tournois de hockey, aux matchs de football et aux jeux de piscine. Les spectacles de talents et de fant\u00f4mes sont toujours un grand succ\u00e8s.<\/p>\n<p><img loading=\"lazy\" decoding=\"async\" class=\"alignleft\" src=\"http:\/\/www.adfinoverhuur.nl\/index_image3485.jpg\" alt=\"Foto Barbet midgetgolfbaan\" width=\"200\" height=\"150\" \/><\/p>\n<p>Il y a aussi un terrain de jeux et en \u00e9t\u00e9 il y a des tables de ping-pong en plein air.\u00a0Pour les plus grands, il y a une maison de jeunes dans l&rsquo;une des d\u00e9pendances et il y a des tournois sportifs, des tournois de poker au bar de la piscine, des jeux nocturnes, etc.<\/p>\n<p>Il y a aussi un mini-golf sur le parc, juste \u00e0 c\u00f4t\u00e9 du Ch\u00e2teau.<\/p>\n<h3><strong>Golf<\/strong><\/h3>\n<p><img decoding=\"async\" class=\"alignleft\" src=\"http:\/\/www.adfinoverhuur.nl\/index_image1418.jpg\" alt=\"Golfbaan Ch\u00ef\u00bf\u00bdteau de Barbet\" \/><\/p>\n<p>&nbsp;<\/p>\n<p>Le parc dispose d&rsquo;un fantastique terrain de golf de 9 trous avec 18 terrains de golf. Le golfeur inexp\u00e9riment\u00e9 peut prendre des le\u00e7ons avec son propre professionnel et s&rsquo;entra\u00eener sur le terrain de pratique et les verts de putting. Pour un s\u00e9jour de golf plus long, vous pouvez \u00e9galement visiter l&rsquo;un des fantastiques parcours de 18 trous \u00e0 proximit\u00e9 imm\u00e9diate. Les green fees peuvent \u00eatre r\u00e9serv\u00e9s \u00e0 cet effet.<\/p>\n<h3>Cyclisme<\/h3>\n<p><img decoding=\"async\" class=\"alignright\" src=\"http:\/\/www.adfinoverhuur.nl\/index_image6561.jpg\" alt=\"Canal du Midi\" \/><\/p>\n<p>V\u00e9lo le long du Canal du Midi ; location de v\u00e9los \u00e0 la r\u00e9ception. Bien s\u00fbr, il y a de nombreuses possibilit\u00e9s de faire du v\u00e9lo dans les environs imm\u00e9diats du parc.<\/p>\n<p>Le Gers est un v\u00e9ritable eldorado pour les cyclotouristes amateurs et plus exp\u00e9riment\u00e9s. Dans les environs de Lombez il y a plusieurs routes qui passent par des collines d&rsquo;environ 200 \u00e0 500 m\u00e8tres avec des distances de 30 \u00e0 100 km.\u00a0Depuis le Ch\u00e2teau de Barbet il y a quelques belles visites d\u00e9crites.<\/p>\n<p>&nbsp;<\/p>\n<h3>Et plus loin sur le parc&#8230;<\/h3>\n<div style=\"width: 210px\" class=\"wp-caption alignright\"><img loading=\"lazy\" decoding=\"async\" src=\"http:\/\/www.adfinoverhuur.nl\/index_image3495.jpg\" alt=\"Sauna Chateau de Barbet\" width=\"200\" height=\"150\" \/><p class=\"wp-caption-text\"><center>Salle de fitness<\/center><\/p><\/div>\n<div style=\"width: 210px\" class=\"wp-caption alignright\"><img loading=\"lazy\" decoding=\"async\" src=\"http:\/\/www.adfinoverhuur.nl\/index_image2078.jpg\" alt=\"Fitnessruimte Chateau de Barbet\" width=\"200\" height=\"150\" \/><p class=\"wp-caption-text\"><center>Sauna<\/center><\/p><\/div>\n<div style=\"width: 210px\" class=\"wp-caption alignleft\"><img loading=\"lazy\" decoding=\"async\" src=\"http:\/\/www.adfinoverhuur.nl\/index_image1141.jpg\" alt=\"Tennisbanen op het park Chateau de Barbet\" width=\"200\" height=\"150\" \/><p class=\"wp-caption-text\"><center>Pour les sportifs, il y a deux courts de tennis, ainsi qu&rsquo;un terrain de volley-ball et des terrains de Jeu de Boule.<\/center><\/p><\/div>\n<p>&nbsp;<\/p>\n<p>&nbsp;<\/p>\n<p>&nbsp;<\/p>\n<p>&nbsp;<\/p>\n<p>&nbsp;<\/p>\n<p>&nbsp;<\/p>\n<p>&nbsp;<\/p>\n<h3>&#8230; et \u00e0 l&rsquo;ext\u00e9rieur du parc :<\/h3>\n<p>Regardez dans le menu ou cliquez sur : \u00ab\u00a0<a href=\"https:\/\/frankrijkvakantiewoning.com\/gallery\/gaan-zien\/\">ALLER VOIR<\/a>\u00a0\u00bb\u00a0 \u00a0\u00ab\u00a0<a href=\"https:\/\/frankrijkvakantiewoning.com\/activiteiten\/uit-eten\/\">MANGER AU RESTAURANT<\/a>\u00a0\u00bb\u00a0 \u00a0\u00ab\u00a0<a href=\"https:\/\/frankrijkvakantiewoning.com\/activiteiten\/markten\/\">MARCH\u00c9S<\/a>\u00a0\u00bb\u00a0 \u00a0 \u00ab\u00a0<a href=\"https:\/\/frankrijkvakantiewoning.com\/activiteiten\/wintersport\/\">SPORTS D&rsquo;HIVER<\/a>\u00ab\u00a0<\/p>","protected":false},"excerpt":{"rendered":"<p>Centre d&rsquo;animation et de jeunesse. Pendant la haute saison, il y a un programme complet d&rsquo;animation pour les jeunes, anim\u00e9 par une \u00e9quipe de professionnels avec des activit\u00e9s qui changent tous les jours, de la fabrication de beaux masques aux tournois de hockey, aux matchs de football et aux jeux de piscine. Les spectacles de talents et de fant\u00f4mes sont toujours un grand succ\u00e8s. Il y a aussi un terrain de jeux et en \u00e9t\u00e9 il y a des tables de ping-pong en plein air.\u00a0Pour les plus grands, il y a une maison de jeunes dans l&rsquo;une des d\u00e9pendances et&#8230; <\/p>\n","protected":false},"author":1,"featured_media":1442,"parent":0,"menu_order":0,"comment_status":"closed","ping_status":"closed","template":"","meta":{"footnotes":""},"categories":[],"tags":[],"class_list":["post-29","page","type-page","status-publish","has-post-thumbnail","hentry"],"yoast_head":"<!-- This site is optimized with the Yoast SEO plugin v26.9 - https:\/\/yoast.com\/product\/yoast-seo-wordpress\/ -->\n<title>Les activit\u00e9s - frankrijkvakantiewoningen<\/title>\n<meta name=\"robots\" content=\"index, follow, max-snippet:-1, max-image-preview:large, max-video-preview:-1\" \/>\n<link rel=\"canonical\" href=\"https:\/\/frankrijkvakantiewoning.com\/activiteiten\/\" \/>\n<meta property=\"og:locale\" content=\"fr_FR\" \/>\n<meta property=\"og:type\" content=\"article\" \/>\n<meta property=\"og:title\" content=\"[:nl]Activiteiten[:fr]Les activit\u00e9s[:en]Activities[:de] Aktivit\u00e4ten[:] - frankrijkvakantiewoningen\" \/>\n<meta property=\"og:description\" content=\"Centre d&rsquo;animation et de jeunesse. Pendant la haute saison, il y a un programme complet d&rsquo;animation pour les jeunes, anim\u00e9 par une \u00e9quipe de professionnels avec des activit\u00e9s qui changent tous les jours, de la fabrication de beaux masques aux tournois de hockey, aux matchs de football et aux jeux de piscine. Les spectacles de talents et de fant\u00f4mes sont toujours un grand succ\u00e8s. Il y a aussi un terrain de jeux et en \u00e9t\u00e9 il y a des tables de ping-pong en plein air.\u00a0Pour les plus grands, il y a une maison de jeunes dans l&rsquo;une des d\u00e9pendances et...\" \/>\n<meta property=\"og:url\" content=\"https:\/\/frankrijkvakantiewoning.com\/activiteiten\/\" \/>\n<meta property=\"og:site_name\" content=\"frankrijkvakantiewoningen\" \/>\n<meta property=\"article:publisher\" content=\"https:\/\/www.facebook.com\/FrankrijkVakantiehuis\" \/>\n<meta property=\"article:modified_time\" content=\"2019-01-27T18:23:23+00:00\" \/>\n<meta property=\"og:image\" content=\"https:\/\/frankrijkvakantiewoning.com\/wp-content\/uploads\/2019\/01\/IMG_0981-e1575321385428.jpg\" \/>\n\t<meta property=\"og:image:width\" content=\"1250\" \/>\n\t<meta property=\"og:image:height\" content=\"300\" \/>\n\t<meta property=\"og:image:type\" content=\"image\/jpeg\" \/>\n<meta name=\"twitter:card\" content=\"summary_large_image\" \/>\n<meta name=\"twitter:label1\" content=\"Dur\u00e9e de lecture estim\u00e9e\" \/>\n\t<meta name=\"twitter:data1\" content=\"7 minutes\" \/>\n<script type=\"application\/ld+json\" class=\"yoast-schema-graph\">{\"@context\":\"https:\/\/schema.org\",\"@graph\":[{\"@type\":\"WebPage\",\"@id\":\"https:\/\/frankrijkvakantiewoning.com\/activiteiten\/\",\"url\":\"https:\/\/frankrijkvakantiewoning.com\/activiteiten\/\",\"name\":\"[:nl]Activiteiten[:fr]Les activit\u00e9s[:en]Activities[:de] Aktivit\u00e4ten[:] - frankrijkvakantiewoningen\",\"isPartOf\":{\"@id\":\"https:\/\/frankrijkvakantiewoning.com\/#website\"},\"primaryImageOfPage\":{\"@id\":\"https:\/\/frankrijkvakantiewoning.com\/activiteiten\/#primaryimage\"},\"image\":{\"@id\":\"https:\/\/frankrijkvakantiewoning.com\/activiteiten\/#primaryimage\"},\"thumbnailUrl\":\"https:\/\/frankrijkvakantiewoning.com\/wp-content\/uploads\/2019\/01\/IMG_0981-e1575321385428.jpg\",\"datePublished\":\"2017-01-16T22:13:11+00:00\",\"dateModified\":\"2019-01-27T18:23:23+00:00\",\"breadcrumb\":{\"@id\":\"https:\/\/frankrijkvakantiewoning.com\/activiteiten\/#breadcrumb\"},\"inLanguage\":\"fr-FR\",\"potentialAction\":[{\"@type\":\"ReadAction\",\"target\":[\"https:\/\/frankrijkvakantiewoning.com\/activiteiten\/\"]}]},{\"@type\":\"ImageObject\",\"inLanguage\":\"fr-FR\",\"@id\":\"https:\/\/frankrijkvakantiewoning.com\/activiteiten\/#primaryimage\",\"url\":\"https:\/\/frankrijkvakantiewoning.com\/wp-content\/uploads\/2019\/01\/IMG_0981-e1575321385428.jpg\",\"contentUrl\":\"https:\/\/frankrijkvakantiewoning.com\/wp-content\/uploads\/2019\/01\/IMG_0981-e1575321385428.jpg\",\"width\":1250,\"height\":300},{\"@type\":\"BreadcrumbList\",\"@id\":\"https:\/\/frankrijkvakantiewoning.com\/activiteiten\/#breadcrumb\",\"itemListElement\":[{\"@type\":\"ListItem\",\"position\":1,\"name\":\"Home\",\"item\":\"https:\/\/frankrijkvakantiewoning.com\/\"},{\"@type\":\"ListItem\",\"position\":2,\"name\":\"Activiteiten\"}]},{\"@type\":\"WebSite\",\"@id\":\"https:\/\/frankrijkvakantiewoning.com\/#website\",\"url\":\"https:\/\/frankrijkvakantiewoning.com\/\",\"name\":\"Vakantievilla Barbet #40 | Zuid-Frankrijk\",\"description\":\"Maison confortable pour 6 personnes sur 5*****parc Ch\u00e2teau de Barbet !\",\"publisher\":{\"@id\":\"https:\/\/frankrijkvakantiewoning.com\/#organization\"},\"potentialAction\":[{\"@type\":\"SearchAction\",\"target\":{\"@type\":\"EntryPoint\",\"urlTemplate\":\"https:\/\/frankrijkvakantiewoning.com\/?s={search_term_string}\"},\"query-input\":{\"@type\":\"PropertyValueSpecification\",\"valueRequired\":true,\"valueName\":\"search_term_string\"}}],\"inLanguage\":\"fr-FR\"},{\"@type\":\"Organization\",\"@id\":\"https:\/\/frankrijkvakantiewoning.com\/#organization\",\"name\":\"Adfino Beheer BV\",\"url\":\"https:\/\/frankrijkvakantiewoning.com\/\",\"logo\":{\"@type\":\"ImageObject\",\"inLanguage\":\"fr-FR\",\"@id\":\"https:\/\/frankrijkvakantiewoning.com\/#\/schema\/logo\/image\/\",\"url\":\"https:\/\/frankrijkvakantiewoning.com\/wp-content\/uploads\/2017\/01\/Adfinologo100pix.png\",\"contentUrl\":\"https:\/\/frankrijkvakantiewoning.com\/wp-content\/uploads\/2017\/01\/Adfinologo100pix.png\",\"width\":100,\"height\":57,\"caption\":\"Adfino Beheer BV\"},\"image\":{\"@id\":\"https:\/\/frankrijkvakantiewoning.com\/#\/schema\/logo\/image\/\"},\"sameAs\":[\"https:\/\/www.facebook.com\/FrankrijkVakantiehuis\"]}]}<\/script>\n<!-- \/ Yoast SEO plugin. -->","yoast_head_json":{"title":"[:nl]Activiteiten[:fr]Les activit\u00e9s[:en]Activities[:de] Aktivit\u00e4ten[:] - frankrijkvakantiewoningen","robots":{"index":"index","follow":"follow","max-snippet":"max-snippet:-1","max-image-preview":"max-image-preview:large","max-video-preview":"max-video-preview:-1"},"canonical":"https:\/\/frankrijkvakantiewoning.com\/activiteiten\/","og_locale":"fr_FR","og_type":"article","og_title":"[:nl]Activiteiten[:fr]Les activit\u00e9s[:en]Activities[:de] Aktivit\u00e4ten[:] - frankrijkvakantiewoningen","og_description":"Centre d&rsquo;animation et de jeunesse. Pendant la haute saison, il y a un programme complet d&rsquo;animation pour les jeunes, anim\u00e9 par une \u00e9quipe de professionnels avec des activit\u00e9s qui changent tous les jours, de la fabrication de beaux masques aux tournois de hockey, aux matchs de football et aux jeux de piscine. Les spectacles de talents et de fant\u00f4mes sont toujours un grand succ\u00e8s. Il y a aussi un terrain de jeux et en \u00e9t\u00e9 il y a des tables de ping-pong en plein air.\u00a0Pour les plus grands, il y a une maison de jeunes dans l&rsquo;une des d\u00e9pendances et...","og_url":"https:\/\/frankrijkvakantiewoning.com\/activiteiten\/","og_site_name":"frankrijkvakantiewoningen","article_publisher":"https:\/\/www.facebook.com\/FrankrijkVakantiehuis","article_modified_time":"2019-01-27T18:23:23+00:00","og_image":[{"width":1250,"height":300,"url":"https:\/\/frankrijkvakantiewoning.com\/wp-content\/uploads\/2019\/01\/IMG_0981-e1575321385428.jpg","type":"image\/jpeg"}],"twitter_card":"summary_large_image","twitter_misc":{"Dur\u00e9e de lecture estim\u00e9e":"7 minutes"},"schema":{"@context":"https:\/\/schema.org","@graph":[{"@type":"WebPage","@id":"https:\/\/frankrijkvakantiewoning.com\/activiteiten\/","url":"https:\/\/frankrijkvakantiewoning.com\/activiteiten\/","name":"[:nl]Activiteiten[:fr]Les activit\u00e9s[:en]Activities[:de] Aktivit\u00e4ten[:] - frankrijkvakantiewoningen","isPartOf":{"@id":"https:\/\/frankrijkvakantiewoning.com\/#website"},"primaryImageOfPage":{"@id":"https:\/\/frankrijkvakantiewoning.com\/activiteiten\/#primaryimage"},"image":{"@id":"https:\/\/frankrijkvakantiewoning.com\/activiteiten\/#primaryimage"},"thumbnailUrl":"https:\/\/frankrijkvakantiewoning.com\/wp-content\/uploads\/2019\/01\/IMG_0981-e1575321385428.jpg","datePublished":"2017-01-16T22:13:11+00:00","dateModified":"2019-01-27T18:23:23+00:00","breadcrumb":{"@id":"https:\/\/frankrijkvakantiewoning.com\/activiteiten\/#breadcrumb"},"inLanguage":"fr-FR","potentialAction":[{"@type":"ReadAction","target":["https:\/\/frankrijkvakantiewoning.com\/activiteiten\/"]}]},{"@type":"ImageObject","inLanguage":"fr-FR","@id":"https:\/\/frankrijkvakantiewoning.com\/activiteiten\/#primaryimage","url":"https:\/\/frankrijkvakantiewoning.com\/wp-content\/uploads\/2019\/01\/IMG_0981-e1575321385428.jpg","contentUrl":"https:\/\/frankrijkvakantiewoning.com\/wp-content\/uploads\/2019\/01\/IMG_0981-e1575321385428.jpg","width":1250,"height":300},{"@type":"BreadcrumbList","@id":"https:\/\/frankrijkvakantiewoning.com\/activiteiten\/#breadcrumb","itemListElement":[{"@type":"ListItem","position":1,"name":"Home","item":"https:\/\/frankrijkvakantiewoning.com\/"},{"@type":"ListItem","position":2,"name":"Activiteiten"}]},{"@type":"WebSite","@id":"https:\/\/frankrijkvakantiewoning.com\/#website","url":"https:\/\/frankrijkvakantiewoning.com\/","name":"Vakantievilla Barbet #40 | Zuid-Frankrijk","description":"Maison confortable pour 6 personnes sur 5*****parc Ch\u00e2teau de Barbet !","publisher":{"@id":"https:\/\/frankrijkvakantiewoning.com\/#organization"},"potentialAction":[{"@type":"SearchAction","target":{"@type":"EntryPoint","urlTemplate":"https:\/\/frankrijkvakantiewoning.com\/?s={search_term_string}"},"query-input":{"@type":"PropertyValueSpecification","valueRequired":true,"valueName":"search_term_string"}}],"inLanguage":"fr-FR"},{"@type":"Organization","@id":"https:\/\/frankrijkvakantiewoning.com\/#organization","name":"Adfino Beheer BV","url":"https:\/\/frankrijkvakantiewoning.com\/","logo":{"@type":"ImageObject","inLanguage":"fr-FR","@id":"https:\/\/frankrijkvakantiewoning.com\/#\/schema\/logo\/image\/","url":"https:\/\/frankrijkvakantiewoning.com\/wp-content\/uploads\/2017\/01\/Adfinologo100pix.png","contentUrl":"https:\/\/frankrijkvakantiewoning.com\/wp-content\/uploads\/2017\/01\/Adfinologo100pix.png","width":100,"height":57,"caption":"Adfino Beheer BV"},"image":{"@id":"https:\/\/frankrijkvakantiewoning.com\/#\/schema\/logo\/image\/"},"sameAs":["https:\/\/www.facebook.com\/FrankrijkVakantiehuis"]}]}},"_links":{"self":[{"href":"https:\/\/frankrijkvakantiewoning.com\/fr\/wp-json\/wp\/v2\/pages\/29","targetHints":{"allow":["GET"]}}],"collection":[{"href":"https:\/\/frankrijkvakantiewoning.com\/fr\/wp-json\/wp\/v2\/pages"}],"about":[{"href":"https:\/\/frankrijkvakantiewoning.com\/fr\/wp-json\/wp\/v2\/types\/page"}],"author":[{"embeddable":true,"href":"https:\/\/frankrijkvakantiewoning.com\/fr\/wp-json\/wp\/v2\/users\/1"}],"replies":[{"embeddable":true,"href":"https:\/\/frankrijkvakantiewoning.com\/fr\/wp-json\/wp\/v2\/comments?post=29"}],"version-history":[{"count":54,"href":"https:\/\/frankrijkvakantiewoning.com\/fr\/wp-json\/wp\/v2\/pages\/29\/revisions"}],"predecessor-version":[{"id":1443,"href":"https:\/\/frankrijkvakantiewoning.com\/fr\/wp-json\/wp\/v2\/pages\/29\/revisions\/1443"}],"wp:featuredmedia":[{"embeddable":true,"href":"https:\/\/frankrijkvakantiewoning.com\/fr\/wp-json\/wp\/v2\/media\/1442"}],"wp:attachment":[{"href":"https:\/\/frankrijkvakantiewoning.com\/fr\/wp-json\/wp\/v2\/media?parent=29"}],"wp:term":[{"taxonomy":"category","embeddable":true,"href":"https:\/\/frankrijkvakantiewoning.com\/fr\/wp-json\/wp\/v2\/categories?post=29"},{"taxonomy":"post_tag","embeddable":true,"href":"https:\/\/frankrijkvakantiewoning.com\/fr\/wp-json\/wp\/v2\/tags?post=29"}],"curies":[{"name":"wp","href":"https:\/\/api.w.org\/{rel}","templated":true}]}}