{"id":81,"date":"2017-01-17T00:30:42","date_gmt":"2017-01-16T23:30:42","guid":{"rendered":"https:\/\/frankrijkvakantiewoning.com\/?page_id=81"},"modified":"2022-12-09T15:13:56","modified_gmt":"2022-12-09T14:13:56","slug":"verhuur","status":"publish","type":"page","link":"https:\/\/frankrijkvakantiewoning.com\/fr\/verhuur\/","title":{"rendered":"La Location"},"content":{"rendered":"<p>Notre maison au Ch\u00e2teau de Barbet est \u00e0 louer depuis 2005. Convient \u00e0 toutes les saisons. Vous aussi, vous souhaitez passer des vacances fantastiques dans le Gers ?<\/p>\n<p>Les r\u00e9servations peuvent \u00eatre effectu\u00e9es sur<a href=\"https:\/\/www.barbet.nl\/index.php#rooms1\"> le site web du Ch\u00e2teau de Barbet<\/a>.<\/p>","protected":false},"excerpt":{"rendered":"<p>Notre maison au Ch\u00e2teau de Barbet est \u00e0 louer depuis 2005. Convient \u00e0 toutes les saisons. Vous aussi, vous souhaitez passer des vacances fantastiques dans le Gers ? Les r\u00e9servations peuvent \u00eatre effectu\u00e9es sur le site web du Ch\u00e2teau de Barbet.<\/p>\n","protected":false},"author":1,"featured_media":1068,"parent":0,"menu_order":0,"comment_status":"closed","ping_status":"closed","template":"","meta":{"footnotes":""},"categories":[],"tags":[],"class_list":["post-81","page","type-page","status-publish","has-post-thumbnail","hentry"],"yoast_head":"<!-- This site is optimized with the Yoast SEO plugin v26.9 - https:\/\/yoast.com\/product\/yoast-seo-wordpress\/ -->\n<title>La Location - frankrijkvakantiewoningen<\/title>\n<meta name=\"robots\" content=\"index, follow, max-snippet:-1, max-image-preview:large, max-video-preview:-1\" \/>\n<link rel=\"canonical\" href=\"https:\/\/frankrijkvakantiewoning.com\/verhuur\/\" \/>\n<meta property=\"og:locale\" content=\"fr_FR\" \/>\n<meta property=\"og:type\" content=\"article\" \/>\n<meta property=\"og:title\" content=\"[:nl]Verhuur[:fr]La Location[:en]Rental info[:de]Vermietung[:] - frankrijkvakantiewoningen\" \/>\n<meta property=\"og:description\" content=\"Notre maison au Ch\u00e2teau de Barbet est \u00e0 louer depuis 2005. Convient \u00e0 toutes les saisons. Vous aussi, vous souhaitez passer des vacances fantastiques dans le Gers ? Les r\u00e9servations peuvent \u00eatre effectu\u00e9es sur le site web du Ch\u00e2teau de Barbet.\" \/>\n<meta property=\"og:url\" content=\"https:\/\/frankrijkvakantiewoning.com\/verhuur\/\" \/>\n<meta property=\"og:site_name\" content=\"frankrijkvakantiewoningen\" \/>\n<meta property=\"article:publisher\" content=\"https:\/\/www.facebook.com\/FrankrijkVakantiehuis\" \/>\n<meta property=\"article:modified_time\" content=\"2022-12-09T14:13:56+00:00\" \/>\n<meta property=\"og:image\" content=\"https:\/\/frankrijkvakantiewoning.com\/wp-content\/uploads\/2018\/11\/Voorkant-huis-uitsnede-e1547399638500.jpg\" \/>\n\t<meta property=\"og:image:width\" content=\"1000\" \/>\n\t<meta property=\"og:image:height\" content=\"272\" \/>\n\t<meta property=\"og:image:type\" content=\"image\/jpeg\" \/>\n<meta name=\"twitter:card\" content=\"summary_large_image\" \/>\n<meta name=\"twitter:label1\" content=\"Dur\u00e9e de lecture estim\u00e9e\" \/>\n\t<meta name=\"twitter:data1\" content=\"1 minute\" \/>\n<script type=\"application\/ld+json\" class=\"yoast-schema-graph\">{\"@context\":\"https:\/\/schema.org\",\"@graph\":[{\"@type\":\"WebPage\",\"@id\":\"https:\/\/frankrijkvakantiewoning.com\/verhuur\/\",\"url\":\"https:\/\/frankrijkvakantiewoning.com\/verhuur\/\",\"name\":\"[:nl]Verhuur[:fr]La Location[:en]Rental info[:de]Vermietung[:] - frankrijkvakantiewoningen\",\"isPartOf\":{\"@id\":\"https:\/\/frankrijkvakantiewoning.com\/#website\"},\"primaryImageOfPage\":{\"@id\":\"https:\/\/frankrijkvakantiewoning.com\/verhuur\/#primaryimage\"},\"image\":{\"@id\":\"https:\/\/frankrijkvakantiewoning.com\/verhuur\/#primaryimage\"},\"thumbnailUrl\":\"https:\/\/frankrijkvakantiewoning.com\/wp-content\/uploads\/2018\/11\/Voorkant-huis-uitsnede-e1547399638500.jpg\",\"datePublished\":\"2017-01-16T23:30:42+00:00\",\"dateModified\":\"2022-12-09T14:13:56+00:00\",\"breadcrumb\":{\"@id\":\"https:\/\/frankrijkvakantiewoning.com\/verhuur\/#breadcrumb\"},\"inLanguage\":\"fr-FR\",\"potentialAction\":[{\"@type\":\"ReadAction\",\"target\":[\"https:\/\/frankrijkvakantiewoning.com\/verhuur\/\"]}]},{\"@type\":\"ImageObject\",\"inLanguage\":\"fr-FR\",\"@id\":\"https:\/\/frankrijkvakantiewoning.com\/verhuur\/#primaryimage\",\"url\":\"https:\/\/frankrijkvakantiewoning.com\/wp-content\/uploads\/2018\/11\/Voorkant-huis-uitsnede-e1547399638500.jpg\",\"contentUrl\":\"https:\/\/frankrijkvakantiewoning.com\/wp-content\/uploads\/2018\/11\/Voorkant-huis-uitsnede-e1547399638500.jpg\",\"width\":1000,\"height\":272},{\"@type\":\"BreadcrumbList\",\"@id\":\"https:\/\/frankrijkvakantiewoning.com\/verhuur\/#breadcrumb\",\"itemListElement\":[{\"@type\":\"ListItem\",\"position\":1,\"name\":\"Home\",\"item\":\"https:\/\/frankrijkvakantiewoning.com\/\"},{\"@type\":\"ListItem\",\"position\":2,\"name\":\"Verhuur\"}]},{\"@type\":\"WebSite\",\"@id\":\"https:\/\/frankrijkvakantiewoning.com\/#website\",\"url\":\"https:\/\/frankrijkvakantiewoning.com\/\",\"name\":\"Vakantievilla Barbet #40 | Zuid-Frankrijk\",\"description\":\"Maison confortable pour 6 personnes sur 5*****parc Ch\u00e2teau de Barbet !\",\"publisher\":{\"@id\":\"https:\/\/frankrijkvakantiewoning.com\/#organization\"},\"potentialAction\":[{\"@type\":\"SearchAction\",\"target\":{\"@type\":\"EntryPoint\",\"urlTemplate\":\"https:\/\/frankrijkvakantiewoning.com\/?s={search_term_string}\"},\"query-input\":{\"@type\":\"PropertyValueSpecification\",\"valueRequired\":true,\"valueName\":\"search_term_string\"}}],\"inLanguage\":\"fr-FR\"},{\"@type\":\"Organization\",\"@id\":\"https:\/\/frankrijkvakantiewoning.com\/#organization\",\"name\":\"Adfino Beheer BV\",\"url\":\"https:\/\/frankrijkvakantiewoning.com\/\",\"logo\":{\"@type\":\"ImageObject\",\"inLanguage\":\"fr-FR\",\"@id\":\"https:\/\/frankrijkvakantiewoning.com\/#\/schema\/logo\/image\/\",\"url\":\"https:\/\/frankrijkvakantiewoning.com\/wp-content\/uploads\/2017\/01\/Adfinologo100pix.png\",\"contentUrl\":\"https:\/\/frankrijkvakantiewoning.com\/wp-content\/uploads\/2017\/01\/Adfinologo100pix.png\",\"width\":100,\"height\":57,\"caption\":\"Adfino Beheer BV\"},\"image\":{\"@id\":\"https:\/\/frankrijkvakantiewoning.com\/#\/schema\/logo\/image\/\"},\"sameAs\":[\"https:\/\/www.facebook.com\/FrankrijkVakantiehuis\"]}]}<\/script>\n<!-- \/ Yoast SEO plugin. -->","yoast_head_json":{"title":"[:nl]Verhuur[:fr]La Location[:en]Rental info[:de]Vermietung[:] - frankrijkvakantiewoningen","robots":{"index":"index","follow":"follow","max-snippet":"max-snippet:-1","max-image-preview":"max-image-preview:large","max-video-preview":"max-video-preview:-1"},"canonical":"https:\/\/frankrijkvakantiewoning.com\/verhuur\/","og_locale":"fr_FR","og_type":"article","og_title":"[:nl]Verhuur[:fr]La Location[:en]Rental info[:de]Vermietung[:] - frankrijkvakantiewoningen","og_description":"Notre maison au Ch\u00e2teau de Barbet est \u00e0 louer depuis 2005. Convient \u00e0 toutes les saisons. Vous aussi, vous souhaitez passer des vacances fantastiques dans le Gers ? Les r\u00e9servations peuvent \u00eatre effectu\u00e9es sur le site web du Ch\u00e2teau de Barbet.","og_url":"https:\/\/frankrijkvakantiewoning.com\/verhuur\/","og_site_name":"frankrijkvakantiewoningen","article_publisher":"https:\/\/www.facebook.com\/FrankrijkVakantiehuis","article_modified_time":"2022-12-09T14:13:56+00:00","og_image":[{"width":1000,"height":272,"url":"https:\/\/frankrijkvakantiewoning.com\/wp-content\/uploads\/2018\/11\/Voorkant-huis-uitsnede-e1547399638500.jpg","type":"image\/jpeg"}],"twitter_card":"summary_large_image","twitter_misc":{"Dur\u00e9e de lecture estim\u00e9e":"1 minute"},"schema":{"@context":"https:\/\/schema.org","@graph":[{"@type":"WebPage","@id":"https:\/\/frankrijkvakantiewoning.com\/verhuur\/","url":"https:\/\/frankrijkvakantiewoning.com\/verhuur\/","name":"[:nl]Verhuur[:fr]La Location[:en]Rental info[:de]Vermietung[:] - frankrijkvakantiewoningen","isPartOf":{"@id":"https:\/\/frankrijkvakantiewoning.com\/#website"},"primaryImageOfPage":{"@id":"https:\/\/frankrijkvakantiewoning.com\/verhuur\/#primaryimage"},"image":{"@id":"https:\/\/frankrijkvakantiewoning.com\/verhuur\/#primaryimage"},"thumbnailUrl":"https:\/\/frankrijkvakantiewoning.com\/wp-content\/uploads\/2018\/11\/Voorkant-huis-uitsnede-e1547399638500.jpg","datePublished":"2017-01-16T23:30:42+00:00","dateModified":"2022-12-09T14:13:56+00:00","breadcrumb":{"@id":"https:\/\/frankrijkvakantiewoning.com\/verhuur\/#breadcrumb"},"inLanguage":"fr-FR","potentialAction":[{"@type":"ReadAction","target":["https:\/\/frankrijkvakantiewoning.com\/verhuur\/"]}]},{"@type":"ImageObject","inLanguage":"fr-FR","@id":"https:\/\/frankrijkvakantiewoning.com\/verhuur\/#primaryimage","url":"https:\/\/frankrijkvakantiewoning.com\/wp-content\/uploads\/2018\/11\/Voorkant-huis-uitsnede-e1547399638500.jpg","contentUrl":"https:\/\/frankrijkvakantiewoning.com\/wp-content\/uploads\/2018\/11\/Voorkant-huis-uitsnede-e1547399638500.jpg","width":1000,"height":272},{"@type":"BreadcrumbList","@id":"https:\/\/frankrijkvakantiewoning.com\/verhuur\/#breadcrumb","itemListElement":[{"@type":"ListItem","position":1,"name":"Home","item":"https:\/\/frankrijkvakantiewoning.com\/"},{"@type":"ListItem","position":2,"name":"Verhuur"}]},{"@type":"WebSite","@id":"https:\/\/frankrijkvakantiewoning.com\/#website","url":"https:\/\/frankrijkvakantiewoning.com\/","name":"Vakantievilla Barbet #40 | Zuid-Frankrijk","description":"Maison confortable pour 6 personnes sur 5*****parc Ch\u00e2teau de Barbet !","publisher":{"@id":"https:\/\/frankrijkvakantiewoning.com\/#organization"},"potentialAction":[{"@type":"SearchAction","target":{"@type":"EntryPoint","urlTemplate":"https:\/\/frankrijkvakantiewoning.com\/?s={search_term_string}"},"query-input":{"@type":"PropertyValueSpecification","valueRequired":true,"valueName":"search_term_string"}}],"inLanguage":"fr-FR"},{"@type":"Organization","@id":"https:\/\/frankrijkvakantiewoning.com\/#organization","name":"Adfino Beheer BV","url":"https:\/\/frankrijkvakantiewoning.com\/","logo":{"@type":"ImageObject","inLanguage":"fr-FR","@id":"https:\/\/frankrijkvakantiewoning.com\/#\/schema\/logo\/image\/","url":"https:\/\/frankrijkvakantiewoning.com\/wp-content\/uploads\/2017\/01\/Adfinologo100pix.png","contentUrl":"https:\/\/frankrijkvakantiewoning.com\/wp-content\/uploads\/2017\/01\/Adfinologo100pix.png","width":100,"height":57,"caption":"Adfino Beheer BV"},"image":{"@id":"https:\/\/frankrijkvakantiewoning.com\/#\/schema\/logo\/image\/"},"sameAs":["https:\/\/www.facebook.com\/FrankrijkVakantiehuis"]}]}},"_links":{"self":[{"href":"https:\/\/frankrijkvakantiewoning.com\/fr\/wp-json\/wp\/v2\/pages\/81","targetHints":{"allow":["GET"]}}],"collection":[{"href":"https:\/\/frankrijkvakantiewoning.com\/fr\/wp-json\/wp\/v2\/pages"}],"about":[{"href":"https:\/\/frankrijkvakantiewoning.com\/fr\/wp-json\/wp\/v2\/types\/page"}],"author":[{"embeddable":true,"href":"https:\/\/frankrijkvakantiewoning.com\/fr\/wp-json\/wp\/v2\/users\/1"}],"replies":[{"embeddable":true,"href":"https:\/\/frankrijkvakantiewoning.com\/fr\/wp-json\/wp\/v2\/comments?post=81"}],"version-history":[{"count":23,"href":"https:\/\/frankrijkvakantiewoning.com\/fr\/wp-json\/wp\/v2\/pages\/81\/revisions"}],"predecessor-version":[{"id":1579,"href":"https:\/\/frankrijkvakantiewoning.com\/fr\/wp-json\/wp\/v2\/pages\/81\/revisions\/1579"}],"wp:featuredmedia":[{"embeddable":true,"href":"https:\/\/frankrijkvakantiewoning.com\/fr\/wp-json\/wp\/v2\/media\/1068"}],"wp:attachment":[{"href":"https:\/\/frankrijkvakantiewoning.com\/fr\/wp-json\/wp\/v2\/media?parent=81"}],"wp:term":[{"taxonomy":"category","embeddable":true,"href":"https:\/\/frankrijkvakantiewoning.com\/fr\/wp-json\/wp\/v2\/categories?post=81"},{"taxonomy":"post_tag","embeddable":true,"href":"https:\/\/frankrijkvakantiewoning.com\/fr\/wp-json\/wp\/v2\/tags?post=81"}],"curies":[{"name":"wp","href":"https:\/\/api.w.org\/{rel}","templated":true}]}}